{"id":6153,"date":"2023-11-11T22:41:52","date_gmt":"2023-11-11T20:41:52","guid":{"rendered":"https:\/\/detailspot.lt\/produktas\/gift-d-con-windscreen-care-kit\/"},"modified":"2023-11-11T22:41:52","modified_gmt":"2023-11-11T20:41:52","slug":"gift-d-con-windscreen-care-kit","status":"publish","type":"product","link":"https:\/\/detailspot.lt\/en\/produktas\/gift-d-con-windscreen-care-kit\/","title":{"rendered":"Gift D-CON Windscreen Care Kit"},"content":{"rendered":"<h1>Gift D-CON Windscreen Care Kit<\/h1>\n<p>Premium products designed and manufactured in the Netherlands &#8211; D-CON. It&#8217;s a brand boldly entering the market with amazing products that make car care easy. Designed by professionals, adapted for amateur use.<\/p>\n<h2>The set includes:<\/h2>\n<h2><a href=\"https:\/\/detailspot.lt\/en\/produktas\/d-con-streak-free-glass-cleaner-glass-cleaner\/\">D-CON Streak Free Windscreen Cleaner<\/a><\/h2>\n<p>is the perfect cleaner for glass, plastic, mirrors, screens, lenses and many other surfaces and can be used anywhere! This windscreen cleaner maximises your visibility in all weather conditions! The high concentration of active ingredients in the glass cleaner makes the product effective and keeps the treated surface clean and grease-free for a long time. D-CON Streak Free Windscreen Cleaner not only helps to remove dirt but also makes it easier to clean your windscreen next time.<\/p>\n<h2>Application:<\/h2>\n<ol>\n<li>Use the 2 mop method.<\/li>\n<li>Spray glass cleaner on 1 microfibre cloth<\/li>\n<li>Wipe the surface in one direction until it is clean (if it is heavily soiled, repeat until it is clean).<\/li>\n<li>Then use 2 cloths to wipe the surface in the same direction until it is dry and streak-free.<\/li>\n<\/ol>\n<p><strong>Note: Always work in direction 1. Separating &#8220;wet&#8221; and &#8220;dry&#8221; cloths makes it easier to clean streak-free glasses.<\/strong><\/p>\n<p>&nbsp;<\/p>\n<h2><a href=\"https:\/\/detailspot.lt\/en\/produktas\/waxpro-diamon-glass-windscreen-cleaning-cloth\/\">Wax Pro Diamond Glass Windscreen Cleaning Cloth<\/a><\/h2>\n<p>A microfibre cloth with a waffle structure specially designed for cleaning glass surfaces. It leaves no lint or streaks behind, making glass maintenance extremely easy.<\/p>\n<p>Characteristics:<\/p>\n<ol>\n<li>Weight: 360 gsm<\/li>\n<li>Size: 40\u00d740 cm<\/li>\n<li>Gentle tying<\/li>\n<\/ol>\n<p>&nbsp;<\/p>\n<p style=\"text-align: center;\"><img loading=\"lazy\" decoding=\"async\" class=\"alignnone size-medium wp-image-5205\" src=\"https:\/\/detailspot.lt\/wp-content\/uploads\/2023\/08\/logos-d-con-dcon-decon_jpg-300x120.webp\" alt=\"\" width=\"300\" height=\"120\" srcset=\"https:\/\/detailspot.lt\/wp-content\/uploads\/2023\/08\/logos-d-con-dcon-decon_jpg-300x120.webp 300w, https:\/\/detailspot.lt\/wp-content\/uploads\/2023\/08\/logos-d-con-dcon-decon_jpg-64x26.webp 64w, https:\/\/detailspot.lt\/wp-content\/uploads\/2023\/08\/logos-d-con-dcon-decon_jpg.webp 500w\" sizes=\"auto, (max-width: 300px) 100vw, 300px\" \/><\/p>\n","protected":false},"excerpt":{"rendered":"<p>Gift D-CON Windscreen Care Kit Premium products designed and manufactured in the Netherlands &#8211; D-CON. It&#8217;s a brand boldly entering the market with amazing products that make car care easy. Designed by professionals, adapted for amateur use. The set includes: D-CON Streak Free Windscreen Cleaner is the perfect cleaner for glass, plastic, mirrors, screens, lenses&hellip;<\/p>\n","protected":false},"featured_media":5722,"comment_status":"closed","ping_status":"closed","template":"","meta":[],"product_brand":[],"product_cat":[16],"product_tag":[],"class_list":{"0":"post-6153","1":"product","2":"type-product","3":"status-publish","4":"has-post-thumbnail","6":"product_cat-uncategorized","7":"description-off","9":"first","10":"instock","11":"taxable","12":"shipping-taxable","13":"purchasable","14":"product-type-simple"},"yoast_head":"<!-- This site is optimized with the Yoast SEO plugin v27.3 - https:\/\/yoast.com\/product\/yoast-seo-wordpress\/ -->\n<title>Gift D-CON Windscreen Care Kit - Detail Spot<\/title>\n<meta name=\"description\" content=\"D-CON This is a brand boldly entering the market with amazing products that make car care easy.\" \/>\n<meta name=\"robots\" content=\"index, follow, max-snippet:-1, max-image-preview:large, max-video-preview:-1\" \/>\n<link rel=\"canonical\" href=\"https:\/\/detailspot.lt\/en\/produktas\/gift-d-con-windscreen-care-kit\/\" \/>\n<meta property=\"og:locale\" content=\"en_US\" \/>\n<meta property=\"og:type\" content=\"article\" \/>\n<meta property=\"og:title\" content=\"Gift D-CON Windscreen Care Kit - Detail Spot\" \/>\n<meta property=\"og:description\" content=\"D-CON This is a brand boldly entering the market with amazing products that make car care easy.\" \/>\n<meta property=\"og:url\" content=\"https:\/\/detailspot.lt\/en\/produktas\/gift-d-con-windscreen-care-kit\/\" \/>\n<meta property=\"og:site_name\" content=\"Detail Spot\" \/>\n<meta property=\"article:publisher\" content=\"https:\/\/www.facebook.com\/profile.php?id=100039208338156\" \/>\n<meta property=\"og:image\" content=\"https:\/\/detailspot.lt\/wp-content\/uploads\/2023\/11\/Dovana-D-CON-Sitklu-prieziuros-rinkinys.jpg\" \/>\n\t<meta property=\"og:image:width\" content=\"420\" \/>\n\t<meta property=\"og:image:height\" content=\"694\" \/>\n\t<meta property=\"og:image:type\" content=\"image\/jpeg\" \/>\n<meta name=\"twitter:card\" content=\"summary_large_image\" \/>\n<meta name=\"twitter:label1\" content=\"Est. reading time\" \/>\n\t<meta name=\"twitter:data1\" content=\"1 minute\" \/>\n<script type=\"application\/ld+json\" class=\"yoast-schema-graph\">{\"@context\":\"https:\\\/\\\/schema.org\",\"@graph\":[{\"@type\":\"WebPage\",\"@id\":\"https:\\\/\\\/detailspot.lt\\\/en\\\/produktas\\\/gift-d-con-windscreen-care-kit\\\/\",\"url\":\"https:\\\/\\\/detailspot.lt\\\/en\\\/produktas\\\/gift-d-con-windscreen-care-kit\\\/\",\"name\":\"Gift D-CON Windscreen Care Kit - Detail Spot\",\"isPartOf\":{\"@id\":\"https:\\\/\\\/detailspot.lt\\\/#website\"},\"primaryImageOfPage\":{\"@id\":\"https:\\\/\\\/detailspot.lt\\\/en\\\/produktas\\\/gift-d-con-windscreen-care-kit\\\/#primaryimage\"},\"image\":{\"@id\":\"https:\\\/\\\/detailspot.lt\\\/en\\\/produktas\\\/gift-d-con-windscreen-care-kit\\\/#primaryimage\"},\"thumbnailUrl\":\"https:\\\/\\\/detailspot.lt\\\/wp-content\\\/uploads\\\/2023\\\/11\\\/Dovana-D-CON-Sitklu-prieziuros-rinkinys.jpg\",\"datePublished\":\"2023-11-11T20:41:52+00:00\",\"description\":\"D-CON This is a brand boldly entering the market with amazing products that make car care easy.\",\"breadcrumb\":{\"@id\":\"https:\\\/\\\/detailspot.lt\\\/en\\\/produktas\\\/gift-d-con-windscreen-care-kit\\\/#breadcrumb\"},\"inLanguage\":\"en-US\",\"potentialAction\":[{\"@type\":\"ReadAction\",\"target\":[\"https:\\\/\\\/detailspot.lt\\\/en\\\/produktas\\\/gift-d-con-windscreen-care-kit\\\/\"]}]},{\"@type\":\"ImageObject\",\"inLanguage\":\"en-US\",\"@id\":\"https:\\\/\\\/detailspot.lt\\\/en\\\/produktas\\\/gift-d-con-windscreen-care-kit\\\/#primaryimage\",\"url\":\"https:\\\/\\\/detailspot.lt\\\/wp-content\\\/uploads\\\/2023\\\/11\\\/Dovana-D-CON-Sitklu-prieziuros-rinkinys.jpg\",\"contentUrl\":\"https:\\\/\\\/detailspot.lt\\\/wp-content\\\/uploads\\\/2023\\\/11\\\/Dovana-D-CON-Sitklu-prieziuros-rinkinys.jpg\",\"width\":420,\"height\":694},{\"@type\":\"BreadcrumbList\",\"@id\":\"https:\\\/\\\/detailspot.lt\\\/en\\\/produktas\\\/gift-d-con-windscreen-care-kit\\\/#breadcrumb\",\"itemListElement\":[{\"@type\":\"ListItem\",\"position\":1,\"name\":\"Home\",\"item\":\"https:\\\/\\\/detailspot.lt\\\/en\\\/\"},{\"@type\":\"ListItem\",\"position\":2,\"name\":\"Shop\",\"item\":\"https:\\\/\\\/detailspot.lt\\\/en\\\/parduotuve\\\/\"},{\"@type\":\"ListItem\",\"position\":3,\"name\":\"Gift D-CON Windscreen Care Kit\"}]},{\"@type\":\"WebSite\",\"@id\":\"https:\\\/\\\/detailspot.lt\\\/#website\",\"url\":\"https:\\\/\\\/detailspot.lt\\\/\",\"name\":\"Detail Spot\",\"description\":\"Automobili\u0173 prie\u017ei\u016bros priemon\u0117s\",\"publisher\":{\"@id\":\"https:\\\/\\\/detailspot.lt\\\/#organization\"},\"potentialAction\":[{\"@type\":\"SearchAction\",\"target\":{\"@type\":\"EntryPoint\",\"urlTemplate\":\"https:\\\/\\\/detailspot.lt\\\/?s={search_term_string}\"},\"query-input\":{\"@type\":\"PropertyValueSpecification\",\"valueRequired\":true,\"valueName\":\"search_term_string\"}}],\"inLanguage\":\"en-US\"},{\"@type\":\"Organization\",\"@id\":\"https:\\\/\\\/detailspot.lt\\\/#organization\",\"name\":\"Detail Spot\",\"url\":\"https:\\\/\\\/detailspot.lt\\\/\",\"logo\":{\"@type\":\"ImageObject\",\"inLanguage\":\"en-US\",\"@id\":\"https:\\\/\\\/detailspot.lt\\\/#\\\/schema\\\/logo\\\/image\\\/\",\"url\":\"https:\\\/\\\/detailspot.lt\\\/wp-content\\\/uploads\\\/2022\\\/10\\\/logo-original.svg\",\"contentUrl\":\"https:\\\/\\\/detailspot.lt\\\/wp-content\\\/uploads\\\/2022\\\/10\\\/logo-original.svg\",\"width\":1,\"height\":1,\"caption\":\"Detail Spot\"},\"image\":{\"@id\":\"https:\\\/\\\/detailspot.lt\\\/#\\\/schema\\\/logo\\\/image\\\/\"},\"sameAs\":[\"https:\\\/\\\/www.facebook.com\\\/profile.php?id=100039208338156\"]}]}<\/script>\n<!-- \/ Yoast SEO plugin. -->","yoast_head_json":{"title":"Gift D-CON Windscreen Care Kit - Detail Spot","description":"D-CON This is a brand boldly entering the market with amazing products that make car care easy.","robots":{"index":"index","follow":"follow","max-snippet":"max-snippet:-1","max-image-preview":"max-image-preview:large","max-video-preview":"max-video-preview:-1"},"canonical":"https:\/\/detailspot.lt\/en\/produktas\/gift-d-con-windscreen-care-kit\/","og_locale":"en_US","og_type":"article","og_title":"Gift D-CON Windscreen Care Kit - Detail Spot","og_description":"D-CON This is a brand boldly entering the market with amazing products that make car care easy.","og_url":"https:\/\/detailspot.lt\/en\/produktas\/gift-d-con-windscreen-care-kit\/","og_site_name":"Detail Spot","article_publisher":"https:\/\/www.facebook.com\/profile.php?id=100039208338156","og_image":[{"width":420,"height":694,"url":"https:\/\/detailspot.lt\/wp-content\/uploads\/2023\/11\/Dovana-D-CON-Sitklu-prieziuros-rinkinys.jpg","type":"image\/jpeg"}],"twitter_card":"summary_large_image","twitter_misc":{"Est. reading time":"1 minute"},"schema":{"@context":"https:\/\/schema.org","@graph":[{"@type":"WebPage","@id":"https:\/\/detailspot.lt\/en\/produktas\/gift-d-con-windscreen-care-kit\/","url":"https:\/\/detailspot.lt\/en\/produktas\/gift-d-con-windscreen-care-kit\/","name":"Gift D-CON Windscreen Care Kit - Detail Spot","isPartOf":{"@id":"https:\/\/detailspot.lt\/#website"},"primaryImageOfPage":{"@id":"https:\/\/detailspot.lt\/en\/produktas\/gift-d-con-windscreen-care-kit\/#primaryimage"},"image":{"@id":"https:\/\/detailspot.lt\/en\/produktas\/gift-d-con-windscreen-care-kit\/#primaryimage"},"thumbnailUrl":"https:\/\/detailspot.lt\/wp-content\/uploads\/2023\/11\/Dovana-D-CON-Sitklu-prieziuros-rinkinys.jpg","datePublished":"2023-11-11T20:41:52+00:00","description":"D-CON This is a brand boldly entering the market with amazing products that make car care easy.","breadcrumb":{"@id":"https:\/\/detailspot.lt\/en\/produktas\/gift-d-con-windscreen-care-kit\/#breadcrumb"},"inLanguage":"en-US","potentialAction":[{"@type":"ReadAction","target":["https:\/\/detailspot.lt\/en\/produktas\/gift-d-con-windscreen-care-kit\/"]}]},{"@type":"ImageObject","inLanguage":"en-US","@id":"https:\/\/detailspot.lt\/en\/produktas\/gift-d-con-windscreen-care-kit\/#primaryimage","url":"https:\/\/detailspot.lt\/wp-content\/uploads\/2023\/11\/Dovana-D-CON-Sitklu-prieziuros-rinkinys.jpg","contentUrl":"https:\/\/detailspot.lt\/wp-content\/uploads\/2023\/11\/Dovana-D-CON-Sitklu-prieziuros-rinkinys.jpg","width":420,"height":694},{"@type":"BreadcrumbList","@id":"https:\/\/detailspot.lt\/en\/produktas\/gift-d-con-windscreen-care-kit\/#breadcrumb","itemListElement":[{"@type":"ListItem","position":1,"name":"Home","item":"https:\/\/detailspot.lt\/en\/"},{"@type":"ListItem","position":2,"name":"Shop","item":"https:\/\/detailspot.lt\/en\/parduotuve\/"},{"@type":"ListItem","position":3,"name":"Gift D-CON Windscreen Care Kit"}]},{"@type":"WebSite","@id":"https:\/\/detailspot.lt\/#website","url":"https:\/\/detailspot.lt\/","name":"Detail Spot","description":"Automobili\u0173 prie\u017ei\u016bros priemon\u0117s","publisher":{"@id":"https:\/\/detailspot.lt\/#organization"},"potentialAction":[{"@type":"SearchAction","target":{"@type":"EntryPoint","urlTemplate":"https:\/\/detailspot.lt\/?s={search_term_string}"},"query-input":{"@type":"PropertyValueSpecification","valueRequired":true,"valueName":"search_term_string"}}],"inLanguage":"en-US"},{"@type":"Organization","@id":"https:\/\/detailspot.lt\/#organization","name":"Detail Spot","url":"https:\/\/detailspot.lt\/","logo":{"@type":"ImageObject","inLanguage":"en-US","@id":"https:\/\/detailspot.lt\/#\/schema\/logo\/image\/","url":"https:\/\/detailspot.lt\/wp-content\/uploads\/2022\/10\/logo-original.svg","contentUrl":"https:\/\/detailspot.lt\/wp-content\/uploads\/2022\/10\/logo-original.svg","width":1,"height":1,"caption":"Detail Spot"},"image":{"@id":"https:\/\/detailspot.lt\/#\/schema\/logo\/image\/"},"sameAs":["https:\/\/www.facebook.com\/profile.php?id=100039208338156"]}]}},"_links":{"self":[{"href":"https:\/\/detailspot.lt\/en\/wp-json\/wp\/v2\/product\/6153","targetHints":{"allow":["GET"]}}],"collection":[{"href":"https:\/\/detailspot.lt\/en\/wp-json\/wp\/v2\/product"}],"about":[{"href":"https:\/\/detailspot.lt\/en\/wp-json\/wp\/v2\/types\/product"}],"replies":[{"embeddable":true,"href":"https:\/\/detailspot.lt\/en\/wp-json\/wp\/v2\/comments?post=6153"}],"wp:featuredmedia":[{"embeddable":true,"href":"https:\/\/detailspot.lt\/en\/wp-json\/wp\/v2\/media\/5722"}],"wp:attachment":[{"href":"https:\/\/detailspot.lt\/en\/wp-json\/wp\/v2\/media?parent=6153"}],"wp:term":[{"taxonomy":"product_brand","embeddable":true,"href":"https:\/\/detailspot.lt\/en\/wp-json\/wp\/v2\/product_brand?post=6153"},{"taxonomy":"product_cat","embeddable":true,"href":"https:\/\/detailspot.lt\/en\/wp-json\/wp\/v2\/product_cat?post=6153"},{"taxonomy":"product_tag","embeddable":true,"href":"https:\/\/detailspot.lt\/en\/wp-json\/wp\/v2\/product_tag?post=6153"}],"curies":[{"name":"wp","href":"https:\/\/api.w.org\/{rel}","templated":true}]}}