{"id":6152,"date":"2023-11-12T22:03:48","date_gmt":"2023-11-12T20:03:48","guid":{"rendered":"https:\/\/detailspot.lt\/produktas\/gift-interior-detailer-set\/"},"modified":"2023-11-12T22:03:48","modified_gmt":"2023-11-12T20:03:48","slug":"gift-interior-detailer-set","status":"publish","type":"product","link":"https:\/\/detailspot.lt\/en\/produktas\/gift-interior-detailer-set\/","title":{"rendered":"Gift Interior Detailer Set"},"content":{"rendered":"<h1>Gift Interior Detailer Set<\/h1>\n<p>This is a multi-functional interior cleaner for quick daily maintenance to maintain the look of a new car. This product is ideal for removing freshly formed dirt, grease stains, just dust, and then the interior of the car will stay like new and coated with anti-static properties, which will prevent dust from collecting<\/p>\n<h2><strong>The set includes:<\/strong><\/h2>\n<h2><a href=\"https:\/\/detailspot.lt\/en\/produktas\/fx-protect-interior-detailer\/\">FX Protect Interior Detailer<\/a> 500ml<\/h2>\n<p><strong>Features<\/strong><\/p>\n<p>Can be used on plastic, leather, rubber<\/p>\n<ol>\n<li>Cleanses, conditions and protects<\/li>\n<li>Brightens the colour tone of surfaces<\/li>\n<li>The surface remains pleasant to the touch<\/li>\n<li>Provides hydrophobic, anti-static properties<\/li>\n<li>Pleasant pomegranate aroma<\/li>\n<\/ol>\n<p><strong>Usage<\/strong><\/p>\n<ol>\n<li>Spray Interior Detailer on a microfibre cloth<\/li>\n<li>Clean surfaces<\/li>\n<li>Drain any excess<\/li>\n<\/ol>\n<h2 class=\"entry-title\"><a title=\"Monster Shine APT PLUS microfibre cloth\" href=\"https:\/\/detailspot.lt\/en\/produktas\/monster-shine-apt-plus-microfibre-cloth\/\" rel=\"bookmark\">Monster Shine APT PLUS microfibre cloth<\/a><\/h2>\n<p>A fine microfibre with a wide range of uses. Suitable for polishing previously applied waxes, cleaning <a href=\"https:\/\/detailspot.lt\/en\/produkto-kategorija\/polishing-pastes\/\">polish residues<\/a>, applying quick detailer products, etc. t. High quality at affordable prices!<\/p>\n<p>&nbsp;<\/p>\n<p>Weight: ~320 g\/m2<\/p>\n<p>Size: 40 x 40 cm<\/p>\n<p>We recommend washing the microfibre up to 30 degrees Celsius with a small amount of detergent.<\/p>\n<p>&nbsp;<\/p>\n<p>&nbsp;<\/p>\n<p style=\"text-align: center;\"><img loading=\"lazy\" decoding=\"async\" class=\"alignnone size-full wp-image-1096\" src=\"https:\/\/detailspot.lt\/wp-content\/uploads\/2022\/11\/fx-protect-logo-white-background-ireland.jpg\" alt=\"\" width=\"300\" height=\"123\" srcset=\"https:\/\/detailspot.lt\/wp-content\/uploads\/2022\/11\/fx-protect-logo-white-background-ireland.jpg 300w, https:\/\/detailspot.lt\/wp-content\/uploads\/2022\/11\/fx-protect-logo-white-background-ireland-64x26.jpg 64w\" sizes=\"auto, (max-width: 300px) 100vw, 300px\" \/><\/p>\n","protected":false},"excerpt":{"rendered":"<p>Gift Interior Detailer Set This is a multi-functional interior cleaner for quick daily maintenance to maintain the look of a new car. This product is ideal for removing freshly formed dirt, grease stains, just dust, and then the interior of the car will stay like new and coated with anti-static properties, which will prevent dust&hellip;<\/p>\n","protected":false},"featured_media":5729,"comment_status":"closed","ping_status":"closed","template":"","meta":[],"product_brand":[],"product_cat":[16],"product_tag":[],"class_list":{"0":"post-6152","1":"product","2":"type-product","3":"status-publish","4":"has-post-thumbnail","6":"product_cat-uncategorized","7":"description-off","9":"first","10":"instock","11":"taxable","12":"shipping-taxable","13":"purchasable","14":"product-type-simple"},"yoast_head":"<!-- This site is optimized with the Yoast SEO plugin v27.3 - https:\/\/yoast.com\/product\/yoast-seo-wordpress\/ -->\n<title>Gift Interior Detailer Set - Detail Spot<\/title>\n<meta name=\"description\" content=\"This is a multi-functional interior cleaner for quick daily maintenance to maintain the look of a new car.\" \/>\n<meta name=\"robots\" content=\"index, follow, max-snippet:-1, max-image-preview:large, max-video-preview:-1\" \/>\n<link rel=\"canonical\" href=\"https:\/\/detailspot.lt\/en\/produktas\/gift-interior-detailer-set\/\" \/>\n<meta property=\"og:locale\" content=\"en_US\" \/>\n<meta property=\"og:type\" content=\"article\" \/>\n<meta property=\"og:title\" content=\"Gift Interior Detailer Set - Detail Spot\" \/>\n<meta property=\"og:description\" content=\"This is a multi-functional interior cleaner for quick daily maintenance to maintain the look of a new car.\" \/>\n<meta property=\"og:url\" content=\"https:\/\/detailspot.lt\/en\/produktas\/gift-interior-detailer-set\/\" \/>\n<meta property=\"og:site_name\" content=\"Detail Spot\" \/>\n<meta property=\"article:publisher\" content=\"https:\/\/www.facebook.com\/profile.php?id=100039208338156\" \/>\n<meta property=\"og:image\" content=\"https:\/\/detailspot.lt\/wp-content\/uploads\/2023\/11\/Dovana-FX-Protect-Interior-detailer.jpg\" \/>\n\t<meta property=\"og:image:width\" content=\"420\" \/>\n\t<meta property=\"og:image:height\" content=\"660\" \/>\n\t<meta property=\"og:image:type\" content=\"image\/jpeg\" \/>\n<meta name=\"twitter:card\" content=\"summary_large_image\" \/>\n<meta name=\"twitter:label1\" content=\"Est. reading time\" \/>\n\t<meta name=\"twitter:data1\" content=\"1 minute\" \/>\n<script type=\"application\/ld+json\" class=\"yoast-schema-graph\">{\"@context\":\"https:\\\/\\\/schema.org\",\"@graph\":[{\"@type\":\"WebPage\",\"@id\":\"https:\\\/\\\/detailspot.lt\\\/en\\\/produktas\\\/gift-interior-detailer-set\\\/\",\"url\":\"https:\\\/\\\/detailspot.lt\\\/en\\\/produktas\\\/gift-interior-detailer-set\\\/\",\"name\":\"Gift Interior Detailer Set - Detail Spot\",\"isPartOf\":{\"@id\":\"https:\\\/\\\/detailspot.lt\\\/#website\"},\"primaryImageOfPage\":{\"@id\":\"https:\\\/\\\/detailspot.lt\\\/en\\\/produktas\\\/gift-interior-detailer-set\\\/#primaryimage\"},\"image\":{\"@id\":\"https:\\\/\\\/detailspot.lt\\\/en\\\/produktas\\\/gift-interior-detailer-set\\\/#primaryimage\"},\"thumbnailUrl\":\"https:\\\/\\\/detailspot.lt\\\/wp-content\\\/uploads\\\/2023\\\/11\\\/Dovana-FX-Protect-Interior-detailer.jpg\",\"datePublished\":\"2023-11-12T20:03:48+00:00\",\"description\":\"This is a multi-functional interior cleaner for quick daily maintenance to maintain the look of a new car.\",\"breadcrumb\":{\"@id\":\"https:\\\/\\\/detailspot.lt\\\/en\\\/produktas\\\/gift-interior-detailer-set\\\/#breadcrumb\"},\"inLanguage\":\"en-US\",\"potentialAction\":[{\"@type\":\"ReadAction\",\"target\":[\"https:\\\/\\\/detailspot.lt\\\/en\\\/produktas\\\/gift-interior-detailer-set\\\/\"]}]},{\"@type\":\"ImageObject\",\"inLanguage\":\"en-US\",\"@id\":\"https:\\\/\\\/detailspot.lt\\\/en\\\/produktas\\\/gift-interior-detailer-set\\\/#primaryimage\",\"url\":\"https:\\\/\\\/detailspot.lt\\\/wp-content\\\/uploads\\\/2023\\\/11\\\/Dovana-FX-Protect-Interior-detailer.jpg\",\"contentUrl\":\"https:\\\/\\\/detailspot.lt\\\/wp-content\\\/uploads\\\/2023\\\/11\\\/Dovana-FX-Protect-Interior-detailer.jpg\",\"width\":420,\"height\":660},{\"@type\":\"BreadcrumbList\",\"@id\":\"https:\\\/\\\/detailspot.lt\\\/en\\\/produktas\\\/gift-interior-detailer-set\\\/#breadcrumb\",\"itemListElement\":[{\"@type\":\"ListItem\",\"position\":1,\"name\":\"Home\",\"item\":\"https:\\\/\\\/detailspot.lt\\\/en\\\/\"},{\"@type\":\"ListItem\",\"position\":2,\"name\":\"Shop\",\"item\":\"https:\\\/\\\/detailspot.lt\\\/en\\\/parduotuve\\\/\"},{\"@type\":\"ListItem\",\"position\":3,\"name\":\"Gift Interior Detailer Set\"}]},{\"@type\":\"WebSite\",\"@id\":\"https:\\\/\\\/detailspot.lt\\\/#website\",\"url\":\"https:\\\/\\\/detailspot.lt\\\/\",\"name\":\"Detail Spot\",\"description\":\"Automobili\u0173 prie\u017ei\u016bros priemon\u0117s\",\"publisher\":{\"@id\":\"https:\\\/\\\/detailspot.lt\\\/#organization\"},\"potentialAction\":[{\"@type\":\"SearchAction\",\"target\":{\"@type\":\"EntryPoint\",\"urlTemplate\":\"https:\\\/\\\/detailspot.lt\\\/?s={search_term_string}\"},\"query-input\":{\"@type\":\"PropertyValueSpecification\",\"valueRequired\":true,\"valueName\":\"search_term_string\"}}],\"inLanguage\":\"en-US\"},{\"@type\":\"Organization\",\"@id\":\"https:\\\/\\\/detailspot.lt\\\/#organization\",\"name\":\"Detail Spot\",\"url\":\"https:\\\/\\\/detailspot.lt\\\/\",\"logo\":{\"@type\":\"ImageObject\",\"inLanguage\":\"en-US\",\"@id\":\"https:\\\/\\\/detailspot.lt\\\/#\\\/schema\\\/logo\\\/image\\\/\",\"url\":\"https:\\\/\\\/detailspot.lt\\\/wp-content\\\/uploads\\\/2022\\\/10\\\/logo-original.svg\",\"contentUrl\":\"https:\\\/\\\/detailspot.lt\\\/wp-content\\\/uploads\\\/2022\\\/10\\\/logo-original.svg\",\"width\":1,\"height\":1,\"caption\":\"Detail Spot\"},\"image\":{\"@id\":\"https:\\\/\\\/detailspot.lt\\\/#\\\/schema\\\/logo\\\/image\\\/\"},\"sameAs\":[\"https:\\\/\\\/www.facebook.com\\\/profile.php?id=100039208338156\"]}]}<\/script>\n<!-- \/ Yoast SEO plugin. -->","yoast_head_json":{"title":"Gift Interior Detailer Set - Detail Spot","description":"This is a multi-functional interior cleaner for quick daily maintenance to maintain the look of a new car.","robots":{"index":"index","follow":"follow","max-snippet":"max-snippet:-1","max-image-preview":"max-image-preview:large","max-video-preview":"max-video-preview:-1"},"canonical":"https:\/\/detailspot.lt\/en\/produktas\/gift-interior-detailer-set\/","og_locale":"en_US","og_type":"article","og_title":"Gift Interior Detailer Set - Detail Spot","og_description":"This is a multi-functional interior cleaner for quick daily maintenance to maintain the look of a new car.","og_url":"https:\/\/detailspot.lt\/en\/produktas\/gift-interior-detailer-set\/","og_site_name":"Detail Spot","article_publisher":"https:\/\/www.facebook.com\/profile.php?id=100039208338156","og_image":[{"width":420,"height":660,"url":"https:\/\/detailspot.lt\/wp-content\/uploads\/2023\/11\/Dovana-FX-Protect-Interior-detailer.jpg","type":"image\/jpeg"}],"twitter_card":"summary_large_image","twitter_misc":{"Est. reading time":"1 minute"},"schema":{"@context":"https:\/\/schema.org","@graph":[{"@type":"WebPage","@id":"https:\/\/detailspot.lt\/en\/produktas\/gift-interior-detailer-set\/","url":"https:\/\/detailspot.lt\/en\/produktas\/gift-interior-detailer-set\/","name":"Gift Interior Detailer Set - Detail Spot","isPartOf":{"@id":"https:\/\/detailspot.lt\/#website"},"primaryImageOfPage":{"@id":"https:\/\/detailspot.lt\/en\/produktas\/gift-interior-detailer-set\/#primaryimage"},"image":{"@id":"https:\/\/detailspot.lt\/en\/produktas\/gift-interior-detailer-set\/#primaryimage"},"thumbnailUrl":"https:\/\/detailspot.lt\/wp-content\/uploads\/2023\/11\/Dovana-FX-Protect-Interior-detailer.jpg","datePublished":"2023-11-12T20:03:48+00:00","description":"This is a multi-functional interior cleaner for quick daily maintenance to maintain the look of a new car.","breadcrumb":{"@id":"https:\/\/detailspot.lt\/en\/produktas\/gift-interior-detailer-set\/#breadcrumb"},"inLanguage":"en-US","potentialAction":[{"@type":"ReadAction","target":["https:\/\/detailspot.lt\/en\/produktas\/gift-interior-detailer-set\/"]}]},{"@type":"ImageObject","inLanguage":"en-US","@id":"https:\/\/detailspot.lt\/en\/produktas\/gift-interior-detailer-set\/#primaryimage","url":"https:\/\/detailspot.lt\/wp-content\/uploads\/2023\/11\/Dovana-FX-Protect-Interior-detailer.jpg","contentUrl":"https:\/\/detailspot.lt\/wp-content\/uploads\/2023\/11\/Dovana-FX-Protect-Interior-detailer.jpg","width":420,"height":660},{"@type":"BreadcrumbList","@id":"https:\/\/detailspot.lt\/en\/produktas\/gift-interior-detailer-set\/#breadcrumb","itemListElement":[{"@type":"ListItem","position":1,"name":"Home","item":"https:\/\/detailspot.lt\/en\/"},{"@type":"ListItem","position":2,"name":"Shop","item":"https:\/\/detailspot.lt\/en\/parduotuve\/"},{"@type":"ListItem","position":3,"name":"Gift Interior Detailer Set"}]},{"@type":"WebSite","@id":"https:\/\/detailspot.lt\/#website","url":"https:\/\/detailspot.lt\/","name":"Detail Spot","description":"Automobili\u0173 prie\u017ei\u016bros priemon\u0117s","publisher":{"@id":"https:\/\/detailspot.lt\/#organization"},"potentialAction":[{"@type":"SearchAction","target":{"@type":"EntryPoint","urlTemplate":"https:\/\/detailspot.lt\/?s={search_term_string}"},"query-input":{"@type":"PropertyValueSpecification","valueRequired":true,"valueName":"search_term_string"}}],"inLanguage":"en-US"},{"@type":"Organization","@id":"https:\/\/detailspot.lt\/#organization","name":"Detail Spot","url":"https:\/\/detailspot.lt\/","logo":{"@type":"ImageObject","inLanguage":"en-US","@id":"https:\/\/detailspot.lt\/#\/schema\/logo\/image\/","url":"https:\/\/detailspot.lt\/wp-content\/uploads\/2022\/10\/logo-original.svg","contentUrl":"https:\/\/detailspot.lt\/wp-content\/uploads\/2022\/10\/logo-original.svg","width":1,"height":1,"caption":"Detail Spot"},"image":{"@id":"https:\/\/detailspot.lt\/#\/schema\/logo\/image\/"},"sameAs":["https:\/\/www.facebook.com\/profile.php?id=100039208338156"]}]}},"_links":{"self":[{"href":"https:\/\/detailspot.lt\/en\/wp-json\/wp\/v2\/product\/6152","targetHints":{"allow":["GET"]}}],"collection":[{"href":"https:\/\/detailspot.lt\/en\/wp-json\/wp\/v2\/product"}],"about":[{"href":"https:\/\/detailspot.lt\/en\/wp-json\/wp\/v2\/types\/product"}],"replies":[{"embeddable":true,"href":"https:\/\/detailspot.lt\/en\/wp-json\/wp\/v2\/comments?post=6152"}],"wp:featuredmedia":[{"embeddable":true,"href":"https:\/\/detailspot.lt\/en\/wp-json\/wp\/v2\/media\/5729"}],"wp:attachment":[{"href":"https:\/\/detailspot.lt\/en\/wp-json\/wp\/v2\/media?parent=6152"}],"wp:term":[{"taxonomy":"product_brand","embeddable":true,"href":"https:\/\/detailspot.lt\/en\/wp-json\/wp\/v2\/product_brand?post=6152"},{"taxonomy":"product_cat","embeddable":true,"href":"https:\/\/detailspot.lt\/en\/wp-json\/wp\/v2\/product_cat?post=6152"},{"taxonomy":"product_tag","embeddable":true,"href":"https:\/\/detailspot.lt\/en\/wp-json\/wp\/v2\/product_tag?post=6152"}],"curies":[{"name":"wp","href":"https:\/\/api.w.org\/{rel}","templated":true}]}}