{"id":6151,"date":"2023-11-12T22:12:39","date_gmt":"2023-11-12T20:12:39","guid":{"rendered":"https:\/\/detailspot.lt\/produktas\/gift-d-con-wheel-care-kit\/"},"modified":"2023-11-12T22:12:39","modified_gmt":"2023-11-12T20:12:39","slug":"gift-d-con-wheel-care-kit","status":"publish","type":"product","link":"https:\/\/detailspot.lt\/en\/produktas\/gift-d-con-wheel-care-kit\/","title":{"rendered":"Gift D-CON Wheel Care Kit"},"content":{"rendered":"<h1>Gift D-CON Wheel Care Kit<\/h1>\n<p>This is the perfect gift for a car enthusiast. Everyone knows that a car&#8217;s wheels are its face. And D-CON will help you to keep them spotless.<\/p>\n<h2>The set includes:<\/h2>\n<h4 class=\"entry-title\"><a title=\"D-CON V4 WHEELCLEANER IRON X REMOVER\" href=\"https:\/\/detailspot.lt\/en\/produktas\/d-con-v4-wheelcleaner-iron-x-remover\/\" rel=\"bookmark\">D-CON V4 WHEELCLEANER IRON X REMOVER 500ml<\/a><\/h4>\n<p>&#8220;D-CON V4 is the best metal particle cleaner that removes iron particles and corrosive deposits built up over time. Harmful iron-containing particles penetrate your car&#8217;s paint and rims and over time can cause damage that is not always visible to the eye. Traditionally, it is difficult to remove iron deposits formed on wheels.<\/p>\n<p>&#8220;D-CON V4 is suitable for use on painted surfaces before polishing. D-CON V4 reacts with iron deposits and changes colour, taking effect within minutes and highlighting plaque by penetrating it. Eventually, a brownish liquid is formed, which can be easily rinsed off under high water pressure to remove it from the surface.<\/p>\n<h2>Usage<\/h2>\n<ol>\n<li>Spray a light mist on the wheel surface.<\/li>\n<li>Leave for 5-10 minutes and the colour will change to pink.<\/li>\n<li>When the wheel surface is really dirty, we recommend using a wheel brush such as <a href=\"https:\/\/detailspot.lt\/en\/produktas\/liquid-elements-furby-wheel-brush\/\">LIquid Elements Furby<\/a>.<\/li>\n<li>Wash &#8220;D -Con V4&#8221; off the surface.<\/li>\n<li>Dry the wheels using a microfibre <a href=\"https:\/\/detailspot.lt\/en\/produktas\/liquid-elements-black-hole-premium-drying-towel-2\/\">drying towel.<\/a><\/li>\n<\/ol>\n<h4 class=\"entry-title\"><a title=\"D-CON Dark Black Tire Gel 500ml\" href=\"https:\/\/detailspot.lt\/en\/produktas\/d-con-dark-black-tire-gel-500ml-2\/\" rel=\"bookmark\">D-CON Dark Black Tire Gel 500ml<\/a><\/h4>\n<p>is a multi-purpose product for darkening, glossing and refining tyres and black-textured plastics, such as sunroofs and trims. This oil-based product can provide additional gloss by applying several coats. The product can be applied with an applicator to a clean and dry surface. &#8220;D Con Dark Black Tire Gel Dressing is a very good value for money product that does what it says, smells fresh and is easy to use for everyone.<\/p>\n<h2>Application:<\/h2>\n<ol>\n<li>Apply to a clean and dry surface.<\/li>\n<li>For more shine, apply several coats<\/li>\n<li>Wipe dry with a dry microfibre cloth when dry.<\/li>\n<\/ol>\n<p>&nbsp;<\/p>\n<p style=\"text-align: center;\"><img loading=\"lazy\" decoding=\"async\" class=\"alignnone size-medium wp-image-5205\" src=\"https:\/\/detailspot.lt\/wp-content\/uploads\/2023\/08\/logos-d-con-dcon-decon_jpg-300x120.webp\" alt=\"\" width=\"300\" height=\"120\" srcset=\"https:\/\/detailspot.lt\/wp-content\/uploads\/2023\/08\/logos-d-con-dcon-decon_jpg-300x120.webp 300w, https:\/\/detailspot.lt\/wp-content\/uploads\/2023\/08\/logos-d-con-dcon-decon_jpg-64x26.webp 64w, https:\/\/detailspot.lt\/wp-content\/uploads\/2023\/08\/logos-d-con-dcon-decon_jpg.webp 500w\" sizes=\"auto, (max-width: 300px) 100vw, 300px\" \/><\/p>\n","protected":false},"excerpt":{"rendered":"<p>Gift D-CON Wheel Care Kit This is the perfect gift for a car enthusiast. Everyone knows that a car&#8217;s wheels are its face. And D-CON will help you to keep them spotless. The set includes: D-CON V4 WHEELCLEANER IRON X REMOVER 500ml &#8220;D-CON V4 is the best metal particle cleaner that removes iron particles and&hellip;<\/p>\n","protected":false},"featured_media":5732,"comment_status":"closed","ping_status":"closed","template":"","meta":[],"product_brand":[],"product_cat":[16],"product_tag":[],"class_list":{"0":"post-6151","1":"product","2":"type-product","3":"status-publish","4":"has-post-thumbnail","6":"product_cat-uncategorized","7":"description-off","9":"first","10":"instock","11":"taxable","12":"shipping-taxable","13":"purchasable","14":"product-type-simple"},"yoast_head":"<!-- This site is optimized with the Yoast SEO plugin v27.2 - https:\/\/yoast.com\/product\/yoast-seo-wordpress\/ -->\n<title>Gift D-CON Wheel Care Kit - Detail Spot<\/title>\n<meta name=\"description\" content=\"This is the perfect gift for a car enthusiast. Everyone knows that a car&#039;s wheels are its face. And D-CON will help you to keep them spotless.\" \/>\n<meta name=\"robots\" content=\"index, follow, max-snippet:-1, max-image-preview:large, max-video-preview:-1\" \/>\n<link rel=\"canonical\" href=\"https:\/\/detailspot.lt\/en\/produktas\/gift-d-con-wheel-care-kit\/\" \/>\n<meta property=\"og:locale\" content=\"en_US\" \/>\n<meta property=\"og:type\" content=\"article\" \/>\n<meta property=\"og:title\" content=\"Gift D-CON Wheel Care Kit - Detail Spot\" \/>\n<meta property=\"og:description\" content=\"This is the perfect gift for a car enthusiast. Everyone knows that a car&#039;s wheels are its face. And D-CON will help you to keep them spotless.\" \/>\n<meta property=\"og:url\" content=\"https:\/\/detailspot.lt\/en\/produktas\/gift-d-con-wheel-care-kit\/\" \/>\n<meta property=\"og:site_name\" content=\"Detail Spot\" \/>\n<meta property=\"article:publisher\" content=\"https:\/\/www.facebook.com\/profile.php?id=100039208338156\" \/>\n<meta property=\"og:image\" content=\"https:\/\/detailspot.lt\/wp-content\/uploads\/2023\/11\/Dovana-D-CON-ratu-rinkinys.jpg\" \/>\n\t<meta property=\"og:image:width\" content=\"420\" \/>\n\t<meta property=\"og:image:height\" content=\"664\" \/>\n\t<meta property=\"og:image:type\" content=\"image\/jpeg\" \/>\n<meta name=\"twitter:card\" content=\"summary_large_image\" \/>\n<meta name=\"twitter:label1\" content=\"Est. reading time\" \/>\n\t<meta name=\"twitter:data1\" content=\"2 minutes\" \/>\n<script type=\"application\/ld+json\" class=\"yoast-schema-graph\">{\"@context\":\"https:\/\/schema.org\",\"@graph\":[{\"@type\":\"WebPage\",\"@id\":\"https:\/\/detailspot.lt\/en\/produktas\/gift-d-con-wheel-care-kit\/\",\"url\":\"https:\/\/detailspot.lt\/en\/produktas\/gift-d-con-wheel-care-kit\/\",\"name\":\"Gift D-CON Wheel Care Kit - Detail Spot\",\"isPartOf\":{\"@id\":\"https:\/\/detailspot.lt\/#website\"},\"primaryImageOfPage\":{\"@id\":\"https:\/\/detailspot.lt\/en\/produktas\/gift-d-con-wheel-care-kit\/#primaryimage\"},\"image\":{\"@id\":\"https:\/\/detailspot.lt\/en\/produktas\/gift-d-con-wheel-care-kit\/#primaryimage\"},\"thumbnailUrl\":\"https:\/\/detailspot.lt\/wp-content\/uploads\/2023\/11\/Dovana-D-CON-ratu-rinkinys.jpg\",\"datePublished\":\"2023-11-12T20:12:39+00:00\",\"description\":\"This is the perfect gift for a car enthusiast. Everyone knows that a car's wheels are its face. And D-CON will help you to keep them spotless.\",\"breadcrumb\":{\"@id\":\"https:\/\/detailspot.lt\/en\/produktas\/gift-d-con-wheel-care-kit\/#breadcrumb\"},\"inLanguage\":\"en-US\",\"potentialAction\":[{\"@type\":\"ReadAction\",\"target\":[\"https:\/\/detailspot.lt\/en\/produktas\/gift-d-con-wheel-care-kit\/\"]}]},{\"@type\":\"ImageObject\",\"inLanguage\":\"en-US\",\"@id\":\"https:\/\/detailspot.lt\/en\/produktas\/gift-d-con-wheel-care-kit\/#primaryimage\",\"url\":\"https:\/\/detailspot.lt\/wp-content\/uploads\/2023\/11\/Dovana-D-CON-ratu-rinkinys.jpg\",\"contentUrl\":\"https:\/\/detailspot.lt\/wp-content\/uploads\/2023\/11\/Dovana-D-CON-ratu-rinkinys.jpg\",\"width\":420,\"height\":664},{\"@type\":\"BreadcrumbList\",\"@id\":\"https:\/\/detailspot.lt\/en\/produktas\/gift-d-con-wheel-care-kit\/#breadcrumb\",\"itemListElement\":[{\"@type\":\"ListItem\",\"position\":1,\"name\":\"Home\",\"item\":\"https:\/\/detailspot.lt\/en\/\"},{\"@type\":\"ListItem\",\"position\":2,\"name\":\"Shop\",\"item\":\"https:\/\/detailspot.lt\/en\/parduotuve\/\"},{\"@type\":\"ListItem\",\"position\":3,\"name\":\"Gift D-CON Wheel Care Kit\"}]},{\"@type\":\"WebSite\",\"@id\":\"https:\/\/detailspot.lt\/#website\",\"url\":\"https:\/\/detailspot.lt\/\",\"name\":\"Detail Spot\",\"description\":\"Automobili\u0173 prie\u017ei\u016bros priemon\u0117s\",\"publisher\":{\"@id\":\"https:\/\/detailspot.lt\/#organization\"},\"potentialAction\":[{\"@type\":\"SearchAction\",\"target\":{\"@type\":\"EntryPoint\",\"urlTemplate\":\"https:\/\/detailspot.lt\/?s={search_term_string}\"},\"query-input\":{\"@type\":\"PropertyValueSpecification\",\"valueRequired\":true,\"valueName\":\"search_term_string\"}}],\"inLanguage\":\"en-US\"},{\"@type\":\"Organization\",\"@id\":\"https:\/\/detailspot.lt\/#organization\",\"name\":\"Detail Spot\",\"url\":\"https:\/\/detailspot.lt\/\",\"logo\":{\"@type\":\"ImageObject\",\"inLanguage\":\"en-US\",\"@id\":\"https:\/\/detailspot.lt\/#\/schema\/logo\/image\/\",\"url\":\"https:\/\/detailspot.lt\/wp-content\/uploads\/2022\/10\/logo-original.svg\",\"contentUrl\":\"https:\/\/detailspot.lt\/wp-content\/uploads\/2022\/10\/logo-original.svg\",\"width\":1,\"height\":1,\"caption\":\"Detail Spot\"},\"image\":{\"@id\":\"https:\/\/detailspot.lt\/#\/schema\/logo\/image\/\"},\"sameAs\":[\"https:\/\/www.facebook.com\/profile.php?id=100039208338156\"]}]}<\/script>\n<!-- \/ Yoast SEO plugin. -->","yoast_head_json":{"title":"Gift D-CON Wheel Care Kit - Detail Spot","description":"This is the perfect gift for a car enthusiast. Everyone knows that a car's wheels are its face. And D-CON will help you to keep them spotless.","robots":{"index":"index","follow":"follow","max-snippet":"max-snippet:-1","max-image-preview":"max-image-preview:large","max-video-preview":"max-video-preview:-1"},"canonical":"https:\/\/detailspot.lt\/en\/produktas\/gift-d-con-wheel-care-kit\/","og_locale":"en_US","og_type":"article","og_title":"Gift D-CON Wheel Care Kit - Detail Spot","og_description":"This is the perfect gift for a car enthusiast. Everyone knows that a car's wheels are its face. And D-CON will help you to keep them spotless.","og_url":"https:\/\/detailspot.lt\/en\/produktas\/gift-d-con-wheel-care-kit\/","og_site_name":"Detail Spot","article_publisher":"https:\/\/www.facebook.com\/profile.php?id=100039208338156","og_image":[{"width":420,"height":664,"url":"https:\/\/detailspot.lt\/wp-content\/uploads\/2023\/11\/Dovana-D-CON-ratu-rinkinys.jpg","type":"image\/jpeg"}],"twitter_card":"summary_large_image","twitter_misc":{"Est. reading time":"2 minutes"},"schema":{"@context":"https:\/\/schema.org","@graph":[{"@type":"WebPage","@id":"https:\/\/detailspot.lt\/en\/produktas\/gift-d-con-wheel-care-kit\/","url":"https:\/\/detailspot.lt\/en\/produktas\/gift-d-con-wheel-care-kit\/","name":"Gift D-CON Wheel Care Kit - Detail Spot","isPartOf":{"@id":"https:\/\/detailspot.lt\/#website"},"primaryImageOfPage":{"@id":"https:\/\/detailspot.lt\/en\/produktas\/gift-d-con-wheel-care-kit\/#primaryimage"},"image":{"@id":"https:\/\/detailspot.lt\/en\/produktas\/gift-d-con-wheel-care-kit\/#primaryimage"},"thumbnailUrl":"https:\/\/detailspot.lt\/wp-content\/uploads\/2023\/11\/Dovana-D-CON-ratu-rinkinys.jpg","datePublished":"2023-11-12T20:12:39+00:00","description":"This is the perfect gift for a car enthusiast. Everyone knows that a car's wheels are its face. And D-CON will help you to keep them spotless.","breadcrumb":{"@id":"https:\/\/detailspot.lt\/en\/produktas\/gift-d-con-wheel-care-kit\/#breadcrumb"},"inLanguage":"en-US","potentialAction":[{"@type":"ReadAction","target":["https:\/\/detailspot.lt\/en\/produktas\/gift-d-con-wheel-care-kit\/"]}]},{"@type":"ImageObject","inLanguage":"en-US","@id":"https:\/\/detailspot.lt\/en\/produktas\/gift-d-con-wheel-care-kit\/#primaryimage","url":"https:\/\/detailspot.lt\/wp-content\/uploads\/2023\/11\/Dovana-D-CON-ratu-rinkinys.jpg","contentUrl":"https:\/\/detailspot.lt\/wp-content\/uploads\/2023\/11\/Dovana-D-CON-ratu-rinkinys.jpg","width":420,"height":664},{"@type":"BreadcrumbList","@id":"https:\/\/detailspot.lt\/en\/produktas\/gift-d-con-wheel-care-kit\/#breadcrumb","itemListElement":[{"@type":"ListItem","position":1,"name":"Home","item":"https:\/\/detailspot.lt\/en\/"},{"@type":"ListItem","position":2,"name":"Shop","item":"https:\/\/detailspot.lt\/en\/parduotuve\/"},{"@type":"ListItem","position":3,"name":"Gift D-CON Wheel Care Kit"}]},{"@type":"WebSite","@id":"https:\/\/detailspot.lt\/#website","url":"https:\/\/detailspot.lt\/","name":"Detail Spot","description":"Automobili\u0173 prie\u017ei\u016bros priemon\u0117s","publisher":{"@id":"https:\/\/detailspot.lt\/#organization"},"potentialAction":[{"@type":"SearchAction","target":{"@type":"EntryPoint","urlTemplate":"https:\/\/detailspot.lt\/?s={search_term_string}"},"query-input":{"@type":"PropertyValueSpecification","valueRequired":true,"valueName":"search_term_string"}}],"inLanguage":"en-US"},{"@type":"Organization","@id":"https:\/\/detailspot.lt\/#organization","name":"Detail Spot","url":"https:\/\/detailspot.lt\/","logo":{"@type":"ImageObject","inLanguage":"en-US","@id":"https:\/\/detailspot.lt\/#\/schema\/logo\/image\/","url":"https:\/\/detailspot.lt\/wp-content\/uploads\/2022\/10\/logo-original.svg","contentUrl":"https:\/\/detailspot.lt\/wp-content\/uploads\/2022\/10\/logo-original.svg","width":1,"height":1,"caption":"Detail Spot"},"image":{"@id":"https:\/\/detailspot.lt\/#\/schema\/logo\/image\/"},"sameAs":["https:\/\/www.facebook.com\/profile.php?id=100039208338156"]}]}},"_links":{"self":[{"href":"https:\/\/detailspot.lt\/en\/wp-json\/wp\/v2\/product\/6151","targetHints":{"allow":["GET"]}}],"collection":[{"href":"https:\/\/detailspot.lt\/en\/wp-json\/wp\/v2\/product"}],"about":[{"href":"https:\/\/detailspot.lt\/en\/wp-json\/wp\/v2\/types\/product"}],"replies":[{"embeddable":true,"href":"https:\/\/detailspot.lt\/en\/wp-json\/wp\/v2\/comments?post=6151"}],"wp:featuredmedia":[{"embeddable":true,"href":"https:\/\/detailspot.lt\/en\/wp-json\/wp\/v2\/media\/5732"}],"wp:attachment":[{"href":"https:\/\/detailspot.lt\/en\/wp-json\/wp\/v2\/media?parent=6151"}],"wp:term":[{"taxonomy":"product_brand","embeddable":true,"href":"https:\/\/detailspot.lt\/en\/wp-json\/wp\/v2\/product_brand?post=6151"},{"taxonomy":"product_cat","embeddable":true,"href":"https:\/\/detailspot.lt\/en\/wp-json\/wp\/v2\/product_cat?post=6151"},{"taxonomy":"product_tag","embeddable":true,"href":"https:\/\/detailspot.lt\/en\/wp-json\/wp\/v2\/product_tag?post=6151"}],"curies":[{"name":"wp","href":"https:\/\/api.w.org\/{rel}","templated":true}]}}