{"id":6150,"date":"2023-11-24T21:46:46","date_gmt":"2023-11-24T19:46:46","guid":{"rendered":"https:\/\/detailspot.lt\/produktas\/sonax-winter-window-washer-fluid-20c\/"},"modified":"2023-11-24T21:46:46","modified_gmt":"2023-11-24T19:46:46","slug":"sonax-winter-window-washer-fluid-20c","status":"publish","type":"product","link":"https:\/\/detailspot.lt\/en\/produktas\/sonax-winter-window-washer-fluid-20c\/","title":{"rendered":"SONAX Winter Window Washer Fluid -20\u00b0C"},"content":{"rendered":"<h1 class=\"product_title entry-title elementor-heading-title elementor-size-default\">SONAX Winter Window Washer Fluid -20\u00b0C<\/h1>\n<p style=\"font-weight: 400;\">This is the anti-freeze fluid that protects the window cleaning system from freezing. The active ingredients in the formula perfectly wash away dirt, salts and other deposits. The liquid does not damage painted, chrome-plated, polymeric and rubber surfaces. The water-softening additives in the formula protect the window cleaning system from clogging. Adapted for fan nozzles. Suitable for all types of lights (conventional, Xenon, LED, laser&#8230;) &#8211; won&#8217;t damage sensitive plastic. Ready to use, with a pleasant lemon scent. Contains no substances harmful to health. Does not freeze down to -20\u00b0C.<\/p>\n<h2 style=\"font-weight: 400;\"><b>Features:<\/b><\/h2>\n<ol>\n<li style=\"font-weight: 400;\">Easy to use (ready to use at -20\u00b0C)<\/li>\n<li style=\"font-weight: 400;\">Funnel included in the package for easy filling<\/li>\n<li style=\"font-weight: 400;\">Approved and recommended by HELLA, the leading manufacturer of car lights<\/li>\n<li style=\"font-weight: 400;\">Contains glycerine to protect wiper blades from hardening<\/li>\n<li style=\"font-weight: 400;\">Pleasant lemon scent<\/li>\n<li style=\"font-weight: 400;\">Lower costs<\/li>\n<li style=\"font-weight: 400;\">Fast and efficient glass cleaning<\/li>\n<\/ol>\n<p>&nbsp;<\/p>\n<p>&nbsp;<\/p>\n<p style=\"text-align: center;\"><img loading=\"lazy\" decoding=\"async\" class=\"alignnone size-medium wp-image-2066\" src=\"https:\/\/detailspot.lt\/wp-content\/uploads\/2022\/12\/sonax-vector-logo-2022-300x167.png\" alt=\"\" width=\"300\" height=\"167\" srcset=\"https:\/\/detailspot.lt\/wp-content\/uploads\/2022\/12\/sonax-vector-logo-2022-300x167.png 300w, https:\/\/detailspot.lt\/wp-content\/uploads\/2022\/12\/sonax-vector-logo-2022-768x427.png 768w, https:\/\/detailspot.lt\/wp-content\/uploads\/2022\/12\/sonax-vector-logo-2022-600x333.png 600w, https:\/\/detailspot.lt\/wp-content\/uploads\/2022\/12\/sonax-vector-logo-2022-64x36.png 64w, https:\/\/detailspot.lt\/wp-content\/uploads\/2022\/12\/sonax-vector-logo-2022.png 900w\" sizes=\"auto, (max-width: 300px) 100vw, 300px\" \/><\/p>\n","protected":false},"excerpt":{"rendered":"<p>SONAX Winter Window Washer Fluid -20\u00b0C This is the anti-freeze fluid that protects the window cleaning system from freezing. The active ingredients in the formula perfectly wash away dirt, salts and other deposits. The liquid does not damage painted, chrome-plated, polymeric and rubber surfaces. The water-softening additives in the formula protect the window cleaning system&hellip;<\/p>\n","protected":false},"featured_media":5755,"comment_status":"closed","ping_status":"closed","template":"","meta":[],"product_brand":[],"product_cat":[163],"product_tag":[],"class_list":{"0":"post-6150","1":"product","2":"type-product","3":"status-publish","4":"has-post-thumbnail","6":"product_cat-windscreen-maintenance","7":"description-off","9":"first","10":"outofstock","11":"taxable","12":"shipping-taxable","13":"purchasable","14":"product-type-simple"},"yoast_head":"<!-- This site is optimized with the Yoast SEO plugin v27.4 - https:\/\/yoast.com\/product\/yoast-seo-wordpress\/ -->\n<title>SONAX Winter Window Washer Fluid -20\u00b0C - Detail Spot<\/title>\n<meta name=\"description\" content=\"SONAX Winter Window Washer Fluid -20\u00b0C The active ingredients in the formula perfectly wash away dirt, salts and other deposits.\" \/>\n<meta name=\"robots\" content=\"index, follow, max-snippet:-1, max-image-preview:large, max-video-preview:-1\" \/>\n<link rel=\"canonical\" href=\"https:\/\/detailspot.lt\/en\/produktas\/sonax-winter-window-washer-fluid-20c\/\" \/>\n<meta property=\"og:locale\" content=\"en_US\" \/>\n<meta property=\"og:type\" content=\"article\" \/>\n<meta property=\"og:title\" content=\"SONAX Winter Window Washer Fluid -20\u00b0C - Detail Spot\" \/>\n<meta property=\"og:description\" content=\"SONAX Winter Window Washer Fluid -20\u00b0C The active ingredients in the formula perfectly wash away dirt, salts and other deposits.\" \/>\n<meta property=\"og:url\" content=\"https:\/\/detailspot.lt\/en\/produktas\/sonax-winter-window-washer-fluid-20c\/\" \/>\n<meta property=\"og:site_name\" content=\"Detail Spot\" \/>\n<meta property=\"article:publisher\" content=\"https:\/\/www.facebook.com\/profile.php?id=100039208338156\" \/>\n<meta property=\"og:image\" content=\"https:\/\/detailspot.lt\/wp-content\/uploads\/2023\/11\/Sonax-zieminis-stiklu-valiklis-20.png\" \/>\n\t<meta property=\"og:image:width\" content=\"600\" \/>\n\t<meta property=\"og:image:height\" content=\"893\" \/>\n\t<meta property=\"og:image:type\" content=\"image\/png\" \/>\n<meta name=\"twitter:card\" content=\"summary_large_image\" \/>\n<meta name=\"twitter:label1\" content=\"Est. reading time\" \/>\n\t<meta name=\"twitter:data1\" content=\"1 minute\" \/>\n<script type=\"application\/ld+json\" class=\"yoast-schema-graph\">{\"@context\":\"https:\\\/\\\/schema.org\",\"@graph\":[{\"@type\":\"WebPage\",\"@id\":\"https:\\\/\\\/detailspot.lt\\\/en\\\/produktas\\\/sonax-winter-window-washer-fluid-20c\\\/\",\"url\":\"https:\\\/\\\/detailspot.lt\\\/en\\\/produktas\\\/sonax-winter-window-washer-fluid-20c\\\/\",\"name\":\"SONAX Winter Window Washer Fluid -20\u00b0C - Detail Spot\",\"isPartOf\":{\"@id\":\"https:\\\/\\\/detailspot.lt\\\/#website\"},\"primaryImageOfPage\":{\"@id\":\"https:\\\/\\\/detailspot.lt\\\/en\\\/produktas\\\/sonax-winter-window-washer-fluid-20c\\\/#primaryimage\"},\"image\":{\"@id\":\"https:\\\/\\\/detailspot.lt\\\/en\\\/produktas\\\/sonax-winter-window-washer-fluid-20c\\\/#primaryimage\"},\"thumbnailUrl\":\"https:\\\/\\\/detailspot.lt\\\/wp-content\\\/uploads\\\/2023\\\/11\\\/Sonax-zieminis-stiklu-valiklis-20.png\",\"datePublished\":\"2023-11-24T19:46:46+00:00\",\"description\":\"SONAX Winter Window Washer Fluid -20\u00b0C The active ingredients in the formula perfectly wash away dirt, salts and other deposits.\",\"breadcrumb\":{\"@id\":\"https:\\\/\\\/detailspot.lt\\\/en\\\/produktas\\\/sonax-winter-window-washer-fluid-20c\\\/#breadcrumb\"},\"inLanguage\":\"en-US\",\"potentialAction\":[{\"@type\":\"ReadAction\",\"target\":[\"https:\\\/\\\/detailspot.lt\\\/en\\\/produktas\\\/sonax-winter-window-washer-fluid-20c\\\/\"]}]},{\"@type\":\"ImageObject\",\"inLanguage\":\"en-US\",\"@id\":\"https:\\\/\\\/detailspot.lt\\\/en\\\/produktas\\\/sonax-winter-window-washer-fluid-20c\\\/#primaryimage\",\"url\":\"https:\\\/\\\/detailspot.lt\\\/wp-content\\\/uploads\\\/2023\\\/11\\\/Sonax-zieminis-stiklu-valiklis-20.png\",\"contentUrl\":\"https:\\\/\\\/detailspot.lt\\\/wp-content\\\/uploads\\\/2023\\\/11\\\/Sonax-zieminis-stiklu-valiklis-20.png\",\"width\":600,\"height\":893},{\"@type\":\"BreadcrumbList\",\"@id\":\"https:\\\/\\\/detailspot.lt\\\/en\\\/produktas\\\/sonax-winter-window-washer-fluid-20c\\\/#breadcrumb\",\"itemListElement\":[{\"@type\":\"ListItem\",\"position\":1,\"name\":\"Home\",\"item\":\"https:\\\/\\\/detailspot.lt\\\/en\\\/\"},{\"@type\":\"ListItem\",\"position\":2,\"name\":\"Shop\",\"item\":\"https:\\\/\\\/detailspot.lt\\\/en\\\/parduotuve\\\/\"},{\"@type\":\"ListItem\",\"position\":3,\"name\":\"SONAX Winter Window Washer Fluid -20\u00b0C\"}]},{\"@type\":\"WebSite\",\"@id\":\"https:\\\/\\\/detailspot.lt\\\/#website\",\"url\":\"https:\\\/\\\/detailspot.lt\\\/\",\"name\":\"Detail Spot\",\"description\":\"Automobili\u0173 prie\u017ei\u016bros priemon\u0117s\",\"publisher\":{\"@id\":\"https:\\\/\\\/detailspot.lt\\\/#organization\"},\"potentialAction\":[{\"@type\":\"SearchAction\",\"target\":{\"@type\":\"EntryPoint\",\"urlTemplate\":\"https:\\\/\\\/detailspot.lt\\\/?s={search_term_string}\"},\"query-input\":{\"@type\":\"PropertyValueSpecification\",\"valueRequired\":true,\"valueName\":\"search_term_string\"}}],\"inLanguage\":\"en-US\"},{\"@type\":\"Organization\",\"@id\":\"https:\\\/\\\/detailspot.lt\\\/#organization\",\"name\":\"Detail Spot\",\"url\":\"https:\\\/\\\/detailspot.lt\\\/\",\"logo\":{\"@type\":\"ImageObject\",\"inLanguage\":\"en-US\",\"@id\":\"https:\\\/\\\/detailspot.lt\\\/#\\\/schema\\\/logo\\\/image\\\/\",\"url\":\"https:\\\/\\\/detailspot.lt\\\/wp-content\\\/uploads\\\/2022\\\/10\\\/logo-original.svg\",\"contentUrl\":\"https:\\\/\\\/detailspot.lt\\\/wp-content\\\/uploads\\\/2022\\\/10\\\/logo-original.svg\",\"width\":1,\"height\":1,\"caption\":\"Detail Spot\"},\"image\":{\"@id\":\"https:\\\/\\\/detailspot.lt\\\/#\\\/schema\\\/logo\\\/image\\\/\"},\"sameAs\":[\"https:\\\/\\\/www.facebook.com\\\/profile.php?id=100039208338156\"]}]}<\/script>\n<!-- \/ Yoast SEO plugin. -->","yoast_head_json":{"title":"SONAX Winter Window Washer Fluid -20\u00b0C - Detail Spot","description":"SONAX Winter Window Washer Fluid -20\u00b0C The active ingredients in the formula perfectly wash away dirt, salts and other deposits.","robots":{"index":"index","follow":"follow","max-snippet":"max-snippet:-1","max-image-preview":"max-image-preview:large","max-video-preview":"max-video-preview:-1"},"canonical":"https:\/\/detailspot.lt\/en\/produktas\/sonax-winter-window-washer-fluid-20c\/","og_locale":"en_US","og_type":"article","og_title":"SONAX Winter Window Washer Fluid -20\u00b0C - Detail Spot","og_description":"SONAX Winter Window Washer Fluid -20\u00b0C The active ingredients in the formula perfectly wash away dirt, salts and other deposits.","og_url":"https:\/\/detailspot.lt\/en\/produktas\/sonax-winter-window-washer-fluid-20c\/","og_site_name":"Detail Spot","article_publisher":"https:\/\/www.facebook.com\/profile.php?id=100039208338156","og_image":[{"width":600,"height":893,"url":"https:\/\/detailspot.lt\/wp-content\/uploads\/2023\/11\/Sonax-zieminis-stiklu-valiklis-20.png","type":"image\/png"}],"twitter_card":"summary_large_image","twitter_misc":{"Est. reading time":"1 minute"},"schema":{"@context":"https:\/\/schema.org","@graph":[{"@type":"WebPage","@id":"https:\/\/detailspot.lt\/en\/produktas\/sonax-winter-window-washer-fluid-20c\/","url":"https:\/\/detailspot.lt\/en\/produktas\/sonax-winter-window-washer-fluid-20c\/","name":"SONAX Winter Window Washer Fluid -20\u00b0C - Detail Spot","isPartOf":{"@id":"https:\/\/detailspot.lt\/#website"},"primaryImageOfPage":{"@id":"https:\/\/detailspot.lt\/en\/produktas\/sonax-winter-window-washer-fluid-20c\/#primaryimage"},"image":{"@id":"https:\/\/detailspot.lt\/en\/produktas\/sonax-winter-window-washer-fluid-20c\/#primaryimage"},"thumbnailUrl":"https:\/\/detailspot.lt\/wp-content\/uploads\/2023\/11\/Sonax-zieminis-stiklu-valiklis-20.png","datePublished":"2023-11-24T19:46:46+00:00","description":"SONAX Winter Window Washer Fluid -20\u00b0C The active ingredients in the formula perfectly wash away dirt, salts and other deposits.","breadcrumb":{"@id":"https:\/\/detailspot.lt\/en\/produktas\/sonax-winter-window-washer-fluid-20c\/#breadcrumb"},"inLanguage":"en-US","potentialAction":[{"@type":"ReadAction","target":["https:\/\/detailspot.lt\/en\/produktas\/sonax-winter-window-washer-fluid-20c\/"]}]},{"@type":"ImageObject","inLanguage":"en-US","@id":"https:\/\/detailspot.lt\/en\/produktas\/sonax-winter-window-washer-fluid-20c\/#primaryimage","url":"https:\/\/detailspot.lt\/wp-content\/uploads\/2023\/11\/Sonax-zieminis-stiklu-valiklis-20.png","contentUrl":"https:\/\/detailspot.lt\/wp-content\/uploads\/2023\/11\/Sonax-zieminis-stiklu-valiklis-20.png","width":600,"height":893},{"@type":"BreadcrumbList","@id":"https:\/\/detailspot.lt\/en\/produktas\/sonax-winter-window-washer-fluid-20c\/#breadcrumb","itemListElement":[{"@type":"ListItem","position":1,"name":"Home","item":"https:\/\/detailspot.lt\/en\/"},{"@type":"ListItem","position":2,"name":"Shop","item":"https:\/\/detailspot.lt\/en\/parduotuve\/"},{"@type":"ListItem","position":3,"name":"SONAX Winter Window Washer Fluid -20\u00b0C"}]},{"@type":"WebSite","@id":"https:\/\/detailspot.lt\/#website","url":"https:\/\/detailspot.lt\/","name":"Detail Spot","description":"Automobili\u0173 prie\u017ei\u016bros priemon\u0117s","publisher":{"@id":"https:\/\/detailspot.lt\/#organization"},"potentialAction":[{"@type":"SearchAction","target":{"@type":"EntryPoint","urlTemplate":"https:\/\/detailspot.lt\/?s={search_term_string}"},"query-input":{"@type":"PropertyValueSpecification","valueRequired":true,"valueName":"search_term_string"}}],"inLanguage":"en-US"},{"@type":"Organization","@id":"https:\/\/detailspot.lt\/#organization","name":"Detail Spot","url":"https:\/\/detailspot.lt\/","logo":{"@type":"ImageObject","inLanguage":"en-US","@id":"https:\/\/detailspot.lt\/#\/schema\/logo\/image\/","url":"https:\/\/detailspot.lt\/wp-content\/uploads\/2022\/10\/logo-original.svg","contentUrl":"https:\/\/detailspot.lt\/wp-content\/uploads\/2022\/10\/logo-original.svg","width":1,"height":1,"caption":"Detail Spot"},"image":{"@id":"https:\/\/detailspot.lt\/#\/schema\/logo\/image\/"},"sameAs":["https:\/\/www.facebook.com\/profile.php?id=100039208338156"]}]}},"_links":{"self":[{"href":"https:\/\/detailspot.lt\/en\/wp-json\/wp\/v2\/product\/6150","targetHints":{"allow":["GET"]}}],"collection":[{"href":"https:\/\/detailspot.lt\/en\/wp-json\/wp\/v2\/product"}],"about":[{"href":"https:\/\/detailspot.lt\/en\/wp-json\/wp\/v2\/types\/product"}],"replies":[{"embeddable":true,"href":"https:\/\/detailspot.lt\/en\/wp-json\/wp\/v2\/comments?post=6150"}],"wp:featuredmedia":[{"embeddable":true,"href":"https:\/\/detailspot.lt\/en\/wp-json\/wp\/v2\/media\/5755"}],"wp:attachment":[{"href":"https:\/\/detailspot.lt\/en\/wp-json\/wp\/v2\/media?parent=6150"}],"wp:term":[{"taxonomy":"product_brand","embeddable":true,"href":"https:\/\/detailspot.lt\/en\/wp-json\/wp\/v2\/product_brand?post=6150"},{"taxonomy":"product_cat","embeddable":true,"href":"https:\/\/detailspot.lt\/en\/wp-json\/wp\/v2\/product_cat?post=6150"},{"taxonomy":"product_tag","embeddable":true,"href":"https:\/\/detailspot.lt\/en\/wp-json\/wp\/v2\/product_tag?post=6150"}],"curies":[{"name":"wp","href":"https:\/\/api.w.org\/{rel}","templated":true}]}}