{"id":6148,"date":"2023-11-24T22:23:19","date_gmt":"2023-11-24T20:23:19","guid":{"rendered":"https:\/\/detailspot.lt\/produktas\/aromatic89-car-interior-fragrance-kit\/"},"modified":"2025-08-25T00:00:39","modified_gmt":"2025-08-24T21:00:39","slug":"aromatic89-car-interior-fragrance-kit","status":"publish","type":"product","link":"https:\/\/detailspot.lt\/en\/produktas\/aromatic89-car-interior-fragrance-kit\/","title":{"rendered":"Aromatic89 Car interior fragrance kit"},"content":{"rendered":"<div id=\"heading2\">\n<h1>Aromatic89 Car interior fragrance kit<\/h1>\n<p>Luxury and exclusivity are the hallmarks of the Aromatic89 set of air freshener and the 12 most popular Aromatic89 fragrances for your car. The minimalist design of the refresher is an elegant interior decoration that emits the scent of your choice for up to 30 days! The distinctive scents are immediately apparent as soon as the refresher is placed in the grille, and the scents are only intensified when you turn on the warmer airflow. The metal holder is reusable, so you can replace it at the end of one scent. The set includes 12 of the most popular fragrances, ready to surprise you with their scents every month. It&#8217;s a final gift that will delight you all year round!<\/p>\n<p><strong>The set includes:<br \/>\n<\/strong><\/p>\n<ol>\n<li>Metal, reusable holder<\/li>\n<li>12 populiariausi\u0173 aromat\u0173: &#8220;By Design&#8221;, &#8220;Old Million&#8221;, &#8220;Diamond&#8221;, &#8220;Pomegranate&#8221;, &#8220;Infinity Flow&#8221;, &#8220;Brasilia&#8221;, &#8220;Majesty&#8221;, &#8220;Black Grapes&#8221;, &#8220;Dore&#8221;, &#8220;Inoop&#8221;, &#8220;Blue Night&#8221;, &#8220;Instinct<\/li>\n<li>The fragrances are packaged in a luxurious-looking box<\/li>\n<\/ol>\n<p>&nbsp;<\/p>\n<p>&nbsp;<\/p>\n<p><img decoding=\"async\" class=\"aligncenter\" src=\"https:\/\/www.detaily.lt\/images\/Userfiles\/logo.png\" alt=\"\"><\/p>\n<\/div>\n","protected":false},"excerpt":{"rendered":"<p>Aromatic89 Car interior fragrance kit Luxury and exclusivity are the hallmarks of the Aromatic89 set of air freshener and the 12 most popular Aromatic89 fragrances for your car. The minimalist design of the refresher is an elegant interior decoration that emits the scent of your choice for up to 30 days! The distinctive scents are&hellip;<\/p>\n","protected":false},"featured_media":5767,"comment_status":"closed","ping_status":"closed","template":"","meta":[],"product_brand":[],"product_cat":[165,166,211],"product_tag":[],"class_list":{"0":"post-6148","1":"product","2":"type-product","3":"status-publish","4":"has-post-thumbnail","6":"product_cat-interior","7":"product_cat-perfumes","8":"product_cat-rinkiniai-en","9":"description-off","11":"first","12":"instock","13":"taxable","14":"shipping-taxable","15":"purchasable","16":"product-type-simple"},"yoast_head":"<!-- This site is optimized with the Yoast SEO plugin v27.4 - https:\/\/yoast.com\/product\/yoast-seo-wordpress\/ -->\n<title>Aromatic89 Car interior fragrance kit - Detail Spot<\/title>\n<meta name=\"description\" content=\"Luxury and exclusivity are the hallmarks of the Aromatic89 set of air freshener and the 12 most popular Aromatic89 fragrances for your car.\" \/>\n<meta name=\"robots\" content=\"index, follow, max-snippet:-1, max-image-preview:large, max-video-preview:-1\" \/>\n<link rel=\"canonical\" href=\"https:\/\/detailspot.lt\/en\/produktas\/aromatic89-car-interior-fragrance-kit\/\" \/>\n<meta property=\"og:locale\" content=\"en_US\" \/>\n<meta property=\"og:type\" content=\"article\" \/>\n<meta property=\"og:title\" content=\"Aromatic89 Car interior fragrance kit - Detail Spot\" \/>\n<meta property=\"og:description\" content=\"Luxury and exclusivity are the hallmarks of the Aromatic89 set of air freshener and the 12 most popular Aromatic89 fragrances for your car.\" \/>\n<meta property=\"og:url\" content=\"https:\/\/detailspot.lt\/en\/produktas\/aromatic89-car-interior-fragrance-kit\/\" \/>\n<meta property=\"og:site_name\" content=\"Detail Spot\" \/>\n<meta property=\"article:publisher\" content=\"https:\/\/www.facebook.com\/profile.php?id=100039208338156\" \/>\n<meta property=\"article:modified_time\" content=\"2025-08-24T21:00:39+00:00\" \/>\n<meta property=\"og:image\" content=\"https:\/\/detailspot.lt\/wp-content\/uploads\/2023\/11\/aromatic89-automobilio-salono-kvapu-rinkinys-1.jpg\" \/>\n\t<meta property=\"og:image:width\" content=\"388\" \/>\n\t<meta property=\"og:image:height\" content=\"388\" \/>\n\t<meta property=\"og:image:type\" content=\"image\/jpeg\" \/>\n<meta name=\"twitter:card\" content=\"summary_large_image\" \/>\n<meta name=\"twitter:label1\" content=\"Est. reading time\" \/>\n\t<meta name=\"twitter:data1\" content=\"1 minute\" \/>\n<script type=\"application\/ld+json\" class=\"yoast-schema-graph\">{\"@context\":\"https:\\\/\\\/schema.org\",\"@graph\":[{\"@type\":\"WebPage\",\"@id\":\"https:\\\/\\\/detailspot.lt\\\/en\\\/produktas\\\/aromatic89-car-interior-fragrance-kit\\\/\",\"url\":\"https:\\\/\\\/detailspot.lt\\\/en\\\/produktas\\\/aromatic89-car-interior-fragrance-kit\\\/\",\"name\":\"Aromatic89 Car interior fragrance kit - Detail Spot\",\"isPartOf\":{\"@id\":\"https:\\\/\\\/detailspot.lt\\\/#website\"},\"primaryImageOfPage\":{\"@id\":\"https:\\\/\\\/detailspot.lt\\\/en\\\/produktas\\\/aromatic89-car-interior-fragrance-kit\\\/#primaryimage\"},\"image\":{\"@id\":\"https:\\\/\\\/detailspot.lt\\\/en\\\/produktas\\\/aromatic89-car-interior-fragrance-kit\\\/#primaryimage\"},\"thumbnailUrl\":\"https:\\\/\\\/detailspot.lt\\\/wp-content\\\/uploads\\\/2023\\\/11\\\/aromatic89-automobilio-salono-kvapu-rinkinys-1.jpg\",\"datePublished\":\"2023-11-24T20:23:19+00:00\",\"dateModified\":\"2025-08-24T21:00:39+00:00\",\"description\":\"Luxury and exclusivity are the hallmarks of the Aromatic89 set of air freshener and the 12 most popular Aromatic89 fragrances for your car.\",\"breadcrumb\":{\"@id\":\"https:\\\/\\\/detailspot.lt\\\/en\\\/produktas\\\/aromatic89-car-interior-fragrance-kit\\\/#breadcrumb\"},\"inLanguage\":\"en-US\",\"potentialAction\":[{\"@type\":\"ReadAction\",\"target\":[\"https:\\\/\\\/detailspot.lt\\\/en\\\/produktas\\\/aromatic89-car-interior-fragrance-kit\\\/\"]}]},{\"@type\":\"ImageObject\",\"inLanguage\":\"en-US\",\"@id\":\"https:\\\/\\\/detailspot.lt\\\/en\\\/produktas\\\/aromatic89-car-interior-fragrance-kit\\\/#primaryimage\",\"url\":\"https:\\\/\\\/detailspot.lt\\\/wp-content\\\/uploads\\\/2023\\\/11\\\/aromatic89-automobilio-salono-kvapu-rinkinys-1.jpg\",\"contentUrl\":\"https:\\\/\\\/detailspot.lt\\\/wp-content\\\/uploads\\\/2023\\\/11\\\/aromatic89-automobilio-salono-kvapu-rinkinys-1.jpg\",\"width\":388,\"height\":388},{\"@type\":\"BreadcrumbList\",\"@id\":\"https:\\\/\\\/detailspot.lt\\\/en\\\/produktas\\\/aromatic89-car-interior-fragrance-kit\\\/#breadcrumb\",\"itemListElement\":[{\"@type\":\"ListItem\",\"position\":1,\"name\":\"Home\",\"item\":\"https:\\\/\\\/detailspot.lt\\\/en\\\/\"},{\"@type\":\"ListItem\",\"position\":2,\"name\":\"Shop\",\"item\":\"https:\\\/\\\/detailspot.lt\\\/en\\\/parduotuve\\\/\"},{\"@type\":\"ListItem\",\"position\":3,\"name\":\"Aromatic89 Car interior fragrance kit\"}]},{\"@type\":\"WebSite\",\"@id\":\"https:\\\/\\\/detailspot.lt\\\/#website\",\"url\":\"https:\\\/\\\/detailspot.lt\\\/\",\"name\":\"Detail Spot\",\"description\":\"Automobili\u0173 prie\u017ei\u016bros priemon\u0117s\",\"publisher\":{\"@id\":\"https:\\\/\\\/detailspot.lt\\\/#organization\"},\"potentialAction\":[{\"@type\":\"SearchAction\",\"target\":{\"@type\":\"EntryPoint\",\"urlTemplate\":\"https:\\\/\\\/detailspot.lt\\\/?s={search_term_string}\"},\"query-input\":{\"@type\":\"PropertyValueSpecification\",\"valueRequired\":true,\"valueName\":\"search_term_string\"}}],\"inLanguage\":\"en-US\"},{\"@type\":\"Organization\",\"@id\":\"https:\\\/\\\/detailspot.lt\\\/#organization\",\"name\":\"Detail Spot\",\"url\":\"https:\\\/\\\/detailspot.lt\\\/\",\"logo\":{\"@type\":\"ImageObject\",\"inLanguage\":\"en-US\",\"@id\":\"https:\\\/\\\/detailspot.lt\\\/#\\\/schema\\\/logo\\\/image\\\/\",\"url\":\"https:\\\/\\\/detailspot.lt\\\/wp-content\\\/uploads\\\/2022\\\/10\\\/logo-original.svg\",\"contentUrl\":\"https:\\\/\\\/detailspot.lt\\\/wp-content\\\/uploads\\\/2022\\\/10\\\/logo-original.svg\",\"width\":1,\"height\":1,\"caption\":\"Detail Spot\"},\"image\":{\"@id\":\"https:\\\/\\\/detailspot.lt\\\/#\\\/schema\\\/logo\\\/image\\\/\"},\"sameAs\":[\"https:\\\/\\\/www.facebook.com\\\/profile.php?id=100039208338156\"]}]}<\/script>\n<!-- \/ Yoast SEO plugin. -->","yoast_head_json":{"title":"Aromatic89 Car interior fragrance kit - Detail Spot","description":"Luxury and exclusivity are the hallmarks of the Aromatic89 set of air freshener and the 12 most popular Aromatic89 fragrances for your car.","robots":{"index":"index","follow":"follow","max-snippet":"max-snippet:-1","max-image-preview":"max-image-preview:large","max-video-preview":"max-video-preview:-1"},"canonical":"https:\/\/detailspot.lt\/en\/produktas\/aromatic89-car-interior-fragrance-kit\/","og_locale":"en_US","og_type":"article","og_title":"Aromatic89 Car interior fragrance kit - Detail Spot","og_description":"Luxury and exclusivity are the hallmarks of the Aromatic89 set of air freshener and the 12 most popular Aromatic89 fragrances for your car.","og_url":"https:\/\/detailspot.lt\/en\/produktas\/aromatic89-car-interior-fragrance-kit\/","og_site_name":"Detail Spot","article_publisher":"https:\/\/www.facebook.com\/profile.php?id=100039208338156","article_modified_time":"2025-08-24T21:00:39+00:00","og_image":[{"width":388,"height":388,"url":"https:\/\/detailspot.lt\/wp-content\/uploads\/2023\/11\/aromatic89-automobilio-salono-kvapu-rinkinys-1.jpg","type":"image\/jpeg"}],"twitter_card":"summary_large_image","twitter_misc":{"Est. reading time":"1 minute"},"schema":{"@context":"https:\/\/schema.org","@graph":[{"@type":"WebPage","@id":"https:\/\/detailspot.lt\/en\/produktas\/aromatic89-car-interior-fragrance-kit\/","url":"https:\/\/detailspot.lt\/en\/produktas\/aromatic89-car-interior-fragrance-kit\/","name":"Aromatic89 Car interior fragrance kit - Detail Spot","isPartOf":{"@id":"https:\/\/detailspot.lt\/#website"},"primaryImageOfPage":{"@id":"https:\/\/detailspot.lt\/en\/produktas\/aromatic89-car-interior-fragrance-kit\/#primaryimage"},"image":{"@id":"https:\/\/detailspot.lt\/en\/produktas\/aromatic89-car-interior-fragrance-kit\/#primaryimage"},"thumbnailUrl":"https:\/\/detailspot.lt\/wp-content\/uploads\/2023\/11\/aromatic89-automobilio-salono-kvapu-rinkinys-1.jpg","datePublished":"2023-11-24T20:23:19+00:00","dateModified":"2025-08-24T21:00:39+00:00","description":"Luxury and exclusivity are the hallmarks of the Aromatic89 set of air freshener and the 12 most popular Aromatic89 fragrances for your car.","breadcrumb":{"@id":"https:\/\/detailspot.lt\/en\/produktas\/aromatic89-car-interior-fragrance-kit\/#breadcrumb"},"inLanguage":"en-US","potentialAction":[{"@type":"ReadAction","target":["https:\/\/detailspot.lt\/en\/produktas\/aromatic89-car-interior-fragrance-kit\/"]}]},{"@type":"ImageObject","inLanguage":"en-US","@id":"https:\/\/detailspot.lt\/en\/produktas\/aromatic89-car-interior-fragrance-kit\/#primaryimage","url":"https:\/\/detailspot.lt\/wp-content\/uploads\/2023\/11\/aromatic89-automobilio-salono-kvapu-rinkinys-1.jpg","contentUrl":"https:\/\/detailspot.lt\/wp-content\/uploads\/2023\/11\/aromatic89-automobilio-salono-kvapu-rinkinys-1.jpg","width":388,"height":388},{"@type":"BreadcrumbList","@id":"https:\/\/detailspot.lt\/en\/produktas\/aromatic89-car-interior-fragrance-kit\/#breadcrumb","itemListElement":[{"@type":"ListItem","position":1,"name":"Home","item":"https:\/\/detailspot.lt\/en\/"},{"@type":"ListItem","position":2,"name":"Shop","item":"https:\/\/detailspot.lt\/en\/parduotuve\/"},{"@type":"ListItem","position":3,"name":"Aromatic89 Car interior fragrance kit"}]},{"@type":"WebSite","@id":"https:\/\/detailspot.lt\/#website","url":"https:\/\/detailspot.lt\/","name":"Detail Spot","description":"Automobili\u0173 prie\u017ei\u016bros priemon\u0117s","publisher":{"@id":"https:\/\/detailspot.lt\/#organization"},"potentialAction":[{"@type":"SearchAction","target":{"@type":"EntryPoint","urlTemplate":"https:\/\/detailspot.lt\/?s={search_term_string}"},"query-input":{"@type":"PropertyValueSpecification","valueRequired":true,"valueName":"search_term_string"}}],"inLanguage":"en-US"},{"@type":"Organization","@id":"https:\/\/detailspot.lt\/#organization","name":"Detail Spot","url":"https:\/\/detailspot.lt\/","logo":{"@type":"ImageObject","inLanguage":"en-US","@id":"https:\/\/detailspot.lt\/#\/schema\/logo\/image\/","url":"https:\/\/detailspot.lt\/wp-content\/uploads\/2022\/10\/logo-original.svg","contentUrl":"https:\/\/detailspot.lt\/wp-content\/uploads\/2022\/10\/logo-original.svg","width":1,"height":1,"caption":"Detail Spot"},"image":{"@id":"https:\/\/detailspot.lt\/#\/schema\/logo\/image\/"},"sameAs":["https:\/\/www.facebook.com\/profile.php?id=100039208338156"]}]}},"_links":{"self":[{"href":"https:\/\/detailspot.lt\/en\/wp-json\/wp\/v2\/product\/6148","targetHints":{"allow":["GET"]}}],"collection":[{"href":"https:\/\/detailspot.lt\/en\/wp-json\/wp\/v2\/product"}],"about":[{"href":"https:\/\/detailspot.lt\/en\/wp-json\/wp\/v2\/types\/product"}],"replies":[{"embeddable":true,"href":"https:\/\/detailspot.lt\/en\/wp-json\/wp\/v2\/comments?post=6148"}],"wp:featuredmedia":[{"embeddable":true,"href":"https:\/\/detailspot.lt\/en\/wp-json\/wp\/v2\/media\/5767"}],"wp:attachment":[{"href":"https:\/\/detailspot.lt\/en\/wp-json\/wp\/v2\/media?parent=6148"}],"wp:term":[{"taxonomy":"product_brand","embeddable":true,"href":"https:\/\/detailspot.lt\/en\/wp-json\/wp\/v2\/product_brand?post=6148"},{"taxonomy":"product_cat","embeddable":true,"href":"https:\/\/detailspot.lt\/en\/wp-json\/wp\/v2\/product_cat?post=6148"},{"taxonomy":"product_tag","embeddable":true,"href":"https:\/\/detailspot.lt\/en\/wp-json\/wp\/v2\/product_tag?post=6148"}],"curies":[{"name":"wp","href":"https:\/\/api.w.org\/{rel}","templated":true}]}}