{"id":6125,"date":"2023-11-24T22:31:01","date_gmt":"2023-11-24T20:31:01","guid":{"rendered":"https:\/\/detailspot.lt\/produktas\/aromatic89-scent-with-grate-holder\/"},"modified":"2025-08-25T00:00:40","modified_gmt":"2025-08-24T21:00:40","slug":"aromatic89-scent-with-grate-holder","status":"publish","type":"product","link":"https:\/\/detailspot.lt\/en\/produktas\/aromatic89-scent-with-grate-holder\/","title":{"rendered":"Aromatic89 Scent with grate holder"},"content":{"rendered":"<div id=\"heading2\">\n<h1>Aromatic89 Scent with grate holder<\/h1>\n<\/div>\n<div class=\"clear\">\n<p>The minimalist design of the air freshener is an elegant decoration for your car&#8217;s interior, emitting the scents you choose for up to 30 days! The distinctive scents are immediately apparent as soon as the refresher is placed in the grille, and the scents are only intensified when you turn on the warmer airflow. The metal holder is reusable, so when your favourite scent runs out, it can be reused and refilled with a new capsule or a capsule of a luxury scent you haven&#8217;t tried yet.<\/p>\n<p>With just a few steps to prepare and use your car air freshener, you&#8217;ll be able to enjoy the enchanting scents in your vehicle in no time. First, after unscrewing the front cover of the scent holder, insert the scent capsule of your chosen scent into its designated place. After screwing the cap back on, insert the holder with the scent into the car&#8217;s air grille. Now all you have to do is get comfortable in the driver&#8217;s seat and feel the start of a new journey when you start the car!<\/p>\n<p><strong>The specialness:<br \/>\n<\/strong><\/p>\n<ol>\n<li>1 vnt. concentrated fragrance capsule<\/li>\n<li>Metal, reusable holder<\/li>\n<li>A wide variety of luxury fragrances<\/li>\n<li>Diameter 3,7cm<\/li>\n<li>Strong and long-lasting odours for up to 30 days<\/li>\n<li>Made in Lithuania.<\/li>\n<\/ol>\n<p><strong>Warning! <\/strong>Keep out of the reach of children. May cause allergies. In case of contact with skin or eyes, rinse with plenty of water and seek medical advice if necessary. If you need medical advice, carry the product packaging with you. Avoid exposure to nature. The Manufacturer\/Seller shall not be liable for any damage that may arise from the misuse of this product. Shelf life 12 months from the date of opening.<\/p>\n<\/div>\n<p>&nbsp;<\/p>\n<p>&nbsp;<\/p>\n<div class=\"clear\">\n<p><img decoding=\"async\" class=\"aligncenter\" src=\"https:\/\/www.detaily.lt\/images\/Userfiles\/logo.png\" alt=\"\"><\/p>\n<\/div>\n","protected":false},"excerpt":{"rendered":"<p>Aromatic89 Scent with grate holder The minimalist design of the air freshener is an elegant decoration for your car&#8217;s interior, emitting the scents you choose for up to 30 days! The distinctive scents are immediately apparent as soon as the refresher is placed in the grille, and the scents are only intensified when you turn&hellip;<\/p>\n","protected":false},"featured_media":5774,"comment_status":"closed","ping_status":"closed","template":"","meta":[],"product_brand":[],"product_cat":[165,166],"product_tag":[],"class_list":{"0":"post-6125","1":"product","2":"type-product","3":"status-publish","4":"has-post-thumbnail","6":"product_cat-interior","7":"product_cat-perfumes","8":"description-off","10":"first","11":"instock","12":"taxable","13":"shipping-taxable","14":"purchasable","15":"product-type-variable"},"yoast_head":"<!-- This site is optimized with the Yoast SEO plugin v27.3 - https:\/\/yoast.com\/product\/yoast-seo-wordpress\/ -->\n<title>Aromatic89 Scent with grate holder - Detail Spot<\/title>\n<meta name=\"robots\" content=\"index, follow, max-snippet:-1, max-image-preview:large, max-video-preview:-1\" \/>\n<link rel=\"canonical\" href=\"https:\/\/detailspot.lt\/en\/produktas\/aromatic89-scent-with-grate-holder\/\" \/>\n<meta property=\"og:locale\" content=\"en_US\" \/>\n<meta property=\"og:type\" content=\"article\" \/>\n<meta property=\"og:title\" content=\"Aromatic89 Scent with grate holder - Detail Spot\" \/>\n<meta property=\"og:description\" content=\"Aromatic89 Scent with grate holder The minimalist design of the air freshener is an elegant decoration for your car&#8217;s interior, emitting the scents you choose for up to 30 days! The distinctive scents are immediately apparent as soon as the refresher is placed in the grille, and the scents are only intensified when you turn&hellip;\" \/>\n<meta property=\"og:url\" content=\"https:\/\/detailspot.lt\/en\/produktas\/aromatic89-scent-with-grate-holder\/\" \/>\n<meta property=\"og:site_name\" content=\"Detail Spot\" \/>\n<meta property=\"article:publisher\" content=\"https:\/\/www.facebook.com\/profile.php?id=100039208338156\" \/>\n<meta property=\"article:modified_time\" content=\"2025-08-24T21:00:40+00:00\" \/>\n<meta property=\"og:image\" content=\"https:\/\/detailspot.lt\/wp-content\/uploads\/2023\/11\/aromatic89-kvapas-su-laikikliu-grotelems-1.jpg\" \/>\n\t<meta property=\"og:image:width\" content=\"319\" \/>\n\t<meta property=\"og:image:height\" content=\"319\" \/>\n\t<meta property=\"og:image:type\" content=\"image\/jpeg\" \/>\n<meta name=\"twitter:card\" content=\"summary_large_image\" \/>\n<meta name=\"twitter:label1\" content=\"Est. reading time\" \/>\n\t<meta name=\"twitter:data1\" content=\"1 minute\" \/>\n<script type=\"application\/ld+json\" class=\"yoast-schema-graph\">{\"@context\":\"https:\\\/\\\/schema.org\",\"@graph\":[{\"@type\":\"WebPage\",\"@id\":\"https:\\\/\\\/detailspot.lt\\\/en\\\/produktas\\\/aromatic89-scent-with-grate-holder\\\/\",\"url\":\"https:\\\/\\\/detailspot.lt\\\/en\\\/produktas\\\/aromatic89-scent-with-grate-holder\\\/\",\"name\":\"Aromatic89 Scent with grate holder - Detail Spot\",\"isPartOf\":{\"@id\":\"https:\\\/\\\/detailspot.lt\\\/#website\"},\"primaryImageOfPage\":{\"@id\":\"https:\\\/\\\/detailspot.lt\\\/en\\\/produktas\\\/aromatic89-scent-with-grate-holder\\\/#primaryimage\"},\"image\":{\"@id\":\"https:\\\/\\\/detailspot.lt\\\/en\\\/produktas\\\/aromatic89-scent-with-grate-holder\\\/#primaryimage\"},\"thumbnailUrl\":\"https:\\\/\\\/detailspot.lt\\\/wp-content\\\/uploads\\\/2023\\\/11\\\/aromatic89-kvapas-su-laikikliu-grotelems-1.jpg\",\"datePublished\":\"2023-11-24T20:31:01+00:00\",\"dateModified\":\"2025-08-24T21:00:40+00:00\",\"breadcrumb\":{\"@id\":\"https:\\\/\\\/detailspot.lt\\\/en\\\/produktas\\\/aromatic89-scent-with-grate-holder\\\/#breadcrumb\"},\"inLanguage\":\"en-US\",\"potentialAction\":[{\"@type\":\"ReadAction\",\"target\":[\"https:\\\/\\\/detailspot.lt\\\/en\\\/produktas\\\/aromatic89-scent-with-grate-holder\\\/\"]}]},{\"@type\":\"ImageObject\",\"inLanguage\":\"en-US\",\"@id\":\"https:\\\/\\\/detailspot.lt\\\/en\\\/produktas\\\/aromatic89-scent-with-grate-holder\\\/#primaryimage\",\"url\":\"https:\\\/\\\/detailspot.lt\\\/wp-content\\\/uploads\\\/2023\\\/11\\\/aromatic89-kvapas-su-laikikliu-grotelems-1.jpg\",\"contentUrl\":\"https:\\\/\\\/detailspot.lt\\\/wp-content\\\/uploads\\\/2023\\\/11\\\/aromatic89-kvapas-su-laikikliu-grotelems-1.jpg\",\"width\":319,\"height\":319},{\"@type\":\"BreadcrumbList\",\"@id\":\"https:\\\/\\\/detailspot.lt\\\/en\\\/produktas\\\/aromatic89-scent-with-grate-holder\\\/#breadcrumb\",\"itemListElement\":[{\"@type\":\"ListItem\",\"position\":1,\"name\":\"Home\",\"item\":\"https:\\\/\\\/detailspot.lt\\\/en\\\/\"},{\"@type\":\"ListItem\",\"position\":2,\"name\":\"Shop\",\"item\":\"https:\\\/\\\/detailspot.lt\\\/en\\\/parduotuve\\\/\"},{\"@type\":\"ListItem\",\"position\":3,\"name\":\"Aromatic89 Scent with grate holder\"}]},{\"@type\":\"WebSite\",\"@id\":\"https:\\\/\\\/detailspot.lt\\\/#website\",\"url\":\"https:\\\/\\\/detailspot.lt\\\/\",\"name\":\"Detail Spot\",\"description\":\"Automobili\u0173 prie\u017ei\u016bros priemon\u0117s\",\"publisher\":{\"@id\":\"https:\\\/\\\/detailspot.lt\\\/#organization\"},\"potentialAction\":[{\"@type\":\"SearchAction\",\"target\":{\"@type\":\"EntryPoint\",\"urlTemplate\":\"https:\\\/\\\/detailspot.lt\\\/?s={search_term_string}\"},\"query-input\":{\"@type\":\"PropertyValueSpecification\",\"valueRequired\":true,\"valueName\":\"search_term_string\"}}],\"inLanguage\":\"en-US\"},{\"@type\":\"Organization\",\"@id\":\"https:\\\/\\\/detailspot.lt\\\/#organization\",\"name\":\"Detail Spot\",\"url\":\"https:\\\/\\\/detailspot.lt\\\/\",\"logo\":{\"@type\":\"ImageObject\",\"inLanguage\":\"en-US\",\"@id\":\"https:\\\/\\\/detailspot.lt\\\/#\\\/schema\\\/logo\\\/image\\\/\",\"url\":\"https:\\\/\\\/detailspot.lt\\\/wp-content\\\/uploads\\\/2022\\\/10\\\/logo-original.svg\",\"contentUrl\":\"https:\\\/\\\/detailspot.lt\\\/wp-content\\\/uploads\\\/2022\\\/10\\\/logo-original.svg\",\"width\":1,\"height\":1,\"caption\":\"Detail Spot\"},\"image\":{\"@id\":\"https:\\\/\\\/detailspot.lt\\\/#\\\/schema\\\/logo\\\/image\\\/\"},\"sameAs\":[\"https:\\\/\\\/www.facebook.com\\\/profile.php?id=100039208338156\"]}]}<\/script>\n<!-- \/ Yoast SEO plugin. -->","yoast_head_json":{"title":"Aromatic89 Scent with grate holder - Detail Spot","robots":{"index":"index","follow":"follow","max-snippet":"max-snippet:-1","max-image-preview":"max-image-preview:large","max-video-preview":"max-video-preview:-1"},"canonical":"https:\/\/detailspot.lt\/en\/produktas\/aromatic89-scent-with-grate-holder\/","og_locale":"en_US","og_type":"article","og_title":"Aromatic89 Scent with grate holder - Detail Spot","og_description":"Aromatic89 Scent with grate holder The minimalist design of the air freshener is an elegant decoration for your car&#8217;s interior, emitting the scents you choose for up to 30 days! The distinctive scents are immediately apparent as soon as the refresher is placed in the grille, and the scents are only intensified when you turn&hellip;","og_url":"https:\/\/detailspot.lt\/en\/produktas\/aromatic89-scent-with-grate-holder\/","og_site_name":"Detail Spot","article_publisher":"https:\/\/www.facebook.com\/profile.php?id=100039208338156","article_modified_time":"2025-08-24T21:00:40+00:00","og_image":[{"width":319,"height":319,"url":"https:\/\/detailspot.lt\/wp-content\/uploads\/2023\/11\/aromatic89-kvapas-su-laikikliu-grotelems-1.jpg","type":"image\/jpeg"}],"twitter_card":"summary_large_image","twitter_misc":{"Est. reading time":"1 minute"},"schema":{"@context":"https:\/\/schema.org","@graph":[{"@type":"WebPage","@id":"https:\/\/detailspot.lt\/en\/produktas\/aromatic89-scent-with-grate-holder\/","url":"https:\/\/detailspot.lt\/en\/produktas\/aromatic89-scent-with-grate-holder\/","name":"Aromatic89 Scent with grate holder - Detail Spot","isPartOf":{"@id":"https:\/\/detailspot.lt\/#website"},"primaryImageOfPage":{"@id":"https:\/\/detailspot.lt\/en\/produktas\/aromatic89-scent-with-grate-holder\/#primaryimage"},"image":{"@id":"https:\/\/detailspot.lt\/en\/produktas\/aromatic89-scent-with-grate-holder\/#primaryimage"},"thumbnailUrl":"https:\/\/detailspot.lt\/wp-content\/uploads\/2023\/11\/aromatic89-kvapas-su-laikikliu-grotelems-1.jpg","datePublished":"2023-11-24T20:31:01+00:00","dateModified":"2025-08-24T21:00:40+00:00","breadcrumb":{"@id":"https:\/\/detailspot.lt\/en\/produktas\/aromatic89-scent-with-grate-holder\/#breadcrumb"},"inLanguage":"en-US","potentialAction":[{"@type":"ReadAction","target":["https:\/\/detailspot.lt\/en\/produktas\/aromatic89-scent-with-grate-holder\/"]}]},{"@type":"ImageObject","inLanguage":"en-US","@id":"https:\/\/detailspot.lt\/en\/produktas\/aromatic89-scent-with-grate-holder\/#primaryimage","url":"https:\/\/detailspot.lt\/wp-content\/uploads\/2023\/11\/aromatic89-kvapas-su-laikikliu-grotelems-1.jpg","contentUrl":"https:\/\/detailspot.lt\/wp-content\/uploads\/2023\/11\/aromatic89-kvapas-su-laikikliu-grotelems-1.jpg","width":319,"height":319},{"@type":"BreadcrumbList","@id":"https:\/\/detailspot.lt\/en\/produktas\/aromatic89-scent-with-grate-holder\/#breadcrumb","itemListElement":[{"@type":"ListItem","position":1,"name":"Home","item":"https:\/\/detailspot.lt\/en\/"},{"@type":"ListItem","position":2,"name":"Shop","item":"https:\/\/detailspot.lt\/en\/parduotuve\/"},{"@type":"ListItem","position":3,"name":"Aromatic89 Scent with grate holder"}]},{"@type":"WebSite","@id":"https:\/\/detailspot.lt\/#website","url":"https:\/\/detailspot.lt\/","name":"Detail Spot","description":"Automobili\u0173 prie\u017ei\u016bros priemon\u0117s","publisher":{"@id":"https:\/\/detailspot.lt\/#organization"},"potentialAction":[{"@type":"SearchAction","target":{"@type":"EntryPoint","urlTemplate":"https:\/\/detailspot.lt\/?s={search_term_string}"},"query-input":{"@type":"PropertyValueSpecification","valueRequired":true,"valueName":"search_term_string"}}],"inLanguage":"en-US"},{"@type":"Organization","@id":"https:\/\/detailspot.lt\/#organization","name":"Detail Spot","url":"https:\/\/detailspot.lt\/","logo":{"@type":"ImageObject","inLanguage":"en-US","@id":"https:\/\/detailspot.lt\/#\/schema\/logo\/image\/","url":"https:\/\/detailspot.lt\/wp-content\/uploads\/2022\/10\/logo-original.svg","contentUrl":"https:\/\/detailspot.lt\/wp-content\/uploads\/2022\/10\/logo-original.svg","width":1,"height":1,"caption":"Detail Spot"},"image":{"@id":"https:\/\/detailspot.lt\/#\/schema\/logo\/image\/"},"sameAs":["https:\/\/www.facebook.com\/profile.php?id=100039208338156"]}]}},"_links":{"self":[{"href":"https:\/\/detailspot.lt\/en\/wp-json\/wp\/v2\/product\/6125","targetHints":{"allow":["GET"]}}],"collection":[{"href":"https:\/\/detailspot.lt\/en\/wp-json\/wp\/v2\/product"}],"about":[{"href":"https:\/\/detailspot.lt\/en\/wp-json\/wp\/v2\/types\/product"}],"replies":[{"embeddable":true,"href":"https:\/\/detailspot.lt\/en\/wp-json\/wp\/v2\/comments?post=6125"}],"wp:featuredmedia":[{"embeddable":true,"href":"https:\/\/detailspot.lt\/en\/wp-json\/wp\/v2\/media\/5774"}],"wp:attachment":[{"href":"https:\/\/detailspot.lt\/en\/wp-json\/wp\/v2\/media?parent=6125"}],"wp:term":[{"taxonomy":"product_brand","embeddable":true,"href":"https:\/\/detailspot.lt\/en\/wp-json\/wp\/v2\/product_brand?post=6125"},{"taxonomy":"product_cat","embeddable":true,"href":"https:\/\/detailspot.lt\/en\/wp-json\/wp\/v2\/product_cat?post=6125"},{"taxonomy":"product_tag","embeddable":true,"href":"https:\/\/detailspot.lt\/en\/wp-json\/wp\/v2\/product_tag?post=6125"}],"curies":[{"name":"wp","href":"https:\/\/api.w.org\/{rel}","templated":true}]}}