{"id":6102,"date":"2023-11-24T22:48:55","date_gmt":"2023-11-24T20:48:55","guid":{"rendered":"https:\/\/detailspot.lt\/produktas\/aromatic89-elite-spray-car-scent\/"},"modified":"2023-12-28T09:17:40","modified_gmt":"2023-12-28T07:17:40","slug":"aromatic89-elite-spray-car-scent","status":"publish","type":"product","link":"https:\/\/detailspot.lt\/en\/produktas\/aromatic89-elite-spray-car-scent\/","title":{"rendered":"Aromatic89 Elite Spray Car Scent"},"content":{"rendered":"<div id=\"heading2\">\n<h1>Aromatic89 Elite Spray Car Scent<\/h1>\n<\/div>\n<div class=\"clear\">\n<p>Citrus freshness, aromatic tranquillity or summer sweetness &#8211; fill your car with aromas inspired by nature. Aromatic89 has a wide selection of refreshers ready to enrich your daily travels with bright and long-lasting fragrance notes. The spray contains 100 millilitres of high quality notes, enough to keep you enjoying exquisite fragrances for a long time. With just a few sprays, unwanted odours such as cigarette, pet or other lingering smells are instantly removed from the cabin. Now you can enjoy nature-inspired pleasures every time you get in the car. Choose your favourite scent and enjoy a rich fragrance journey every day!<\/p>\n<p><strong>Characteristics:<\/strong><\/p>\n<ol>\n<li>Strong and long-lasting fragrances<\/li>\n<li>Wide variety of aromas<\/li>\n<li>A few sprays are enough to remove unpleasant odours<\/li>\n<li>Made in Lithuania.<\/li>\n<\/ol>\n<p><strong>Warning:<\/strong> highly flammable liquid and vapour. Store at 5\u00b0C &#8211; 25\u00b0C away from direct sunlight, naked flames, sparks, hot surfaces or other sources of ignition. Not smoking. Take care not to get it on skin or in eyes. May cause allergies. Keep out of the reach of children. In case of contact with skin or eyes, rinse immediately with plenty of water and seek medical advice if necessary. Carry the product label with you in case you need medical advice.<\/p>\n<p>&nbsp;<\/p>\n<p><img decoding=\"async\" class=\"aligncenter\" src=\"https:\/\/www.detaily.lt\/images\/Userfiles\/logo.png\" alt=\"\"><\/p>\n<\/div>\n","protected":false},"excerpt":{"rendered":"<p>Aromatic89 Elite Spray Car Scent Citrus freshness, aromatic tranquillity or summer sweetness &#8211; fill your car with aromas inspired by nature. Aromatic89 has a wide selection of refreshers ready to enrich your daily travels with bright and long-lasting fragrance notes. The spray contains 100 millilitres of high quality notes, enough to keep you enjoying exquisite&hellip;<\/p>\n","protected":false},"featured_media":5849,"comment_status":"closed","ping_status":"closed","template":"","meta":[],"product_brand":[],"product_cat":[166],"product_tag":[],"class_list":{"0":"post-6102","1":"product","2":"type-product","3":"status-publish","4":"has-post-thumbnail","6":"product_cat-perfumes","7":"description-off","9":"first","10":"instock","11":"taxable","12":"shipping-taxable","13":"purchasable","14":"product-type-variable"},"yoast_head":"<!-- This site is optimized with the Yoast SEO plugin v27.3 - https:\/\/yoast.com\/product\/yoast-seo-wordpress\/ -->\n<title>Aromatic89 Elite Spray Car Scent - Detail Spot<\/title>\n<meta name=\"description\" content=\"Aromatic89 Elite Citrus freshness, aromatic tranquillity or summer sweetness - fill your car with nature-inspired aromas.\" \/>\n<meta name=\"robots\" content=\"index, follow, max-snippet:-1, max-image-preview:large, max-video-preview:-1\" \/>\n<link rel=\"canonical\" href=\"https:\/\/detailspot.lt\/en\/produktas\/aromatic89-elite-spray-car-scent\/\" \/>\n<meta property=\"og:locale\" content=\"en_US\" \/>\n<meta property=\"og:type\" content=\"article\" \/>\n<meta property=\"og:title\" content=\"Aromatic89 Elite Spray Car Scent - Detail Spot\" \/>\n<meta property=\"og:description\" content=\"Aromatic89 Elite Citrus freshness, aromatic tranquillity or summer sweetness - fill your car with nature-inspired aromas.\" \/>\n<meta property=\"og:url\" content=\"https:\/\/detailspot.lt\/en\/produktas\/aromatic89-elite-spray-car-scent\/\" \/>\n<meta property=\"og:site_name\" content=\"Detail Spot\" \/>\n<meta property=\"article:publisher\" content=\"https:\/\/www.facebook.com\/profile.php?id=100039208338156\" \/>\n<meta property=\"article:modified_time\" content=\"2023-12-28T07:17:40+00:00\" \/>\n<meta property=\"og:image\" content=\"https:\/\/detailspot.lt\/wp-content\/uploads\/2023\/11\/Aromatic89-Elite-Purskiamas-Automobilio-Kvapas.jpg\" \/>\n\t<meta property=\"og:image:width\" content=\"1000\" \/>\n\t<meta property=\"og:image:height\" content=\"1000\" \/>\n\t<meta property=\"og:image:type\" content=\"image\/jpeg\" \/>\n<meta name=\"twitter:card\" content=\"summary_large_image\" \/>\n<meta name=\"twitter:label1\" content=\"Est. reading time\" \/>\n\t<meta name=\"twitter:data1\" content=\"1 minute\" \/>\n<script type=\"application\/ld+json\" class=\"yoast-schema-graph\">{\"@context\":\"https:\\\/\\\/schema.org\",\"@graph\":[{\"@type\":\"WebPage\",\"@id\":\"https:\\\/\\\/detailspot.lt\\\/en\\\/produktas\\\/aromatic89-elite-spray-car-scent\\\/\",\"url\":\"https:\\\/\\\/detailspot.lt\\\/en\\\/produktas\\\/aromatic89-elite-spray-car-scent\\\/\",\"name\":\"Aromatic89 Elite Spray Car Scent - Detail Spot\",\"isPartOf\":{\"@id\":\"https:\\\/\\\/detailspot.lt\\\/#website\"},\"primaryImageOfPage\":{\"@id\":\"https:\\\/\\\/detailspot.lt\\\/en\\\/produktas\\\/aromatic89-elite-spray-car-scent\\\/#primaryimage\"},\"image\":{\"@id\":\"https:\\\/\\\/detailspot.lt\\\/en\\\/produktas\\\/aromatic89-elite-spray-car-scent\\\/#primaryimage\"},\"thumbnailUrl\":\"https:\\\/\\\/detailspot.lt\\\/wp-content\\\/uploads\\\/2023\\\/11\\\/Aromatic89-Elite-Purskiamas-Automobilio-Kvapas.jpg\",\"datePublished\":\"2023-11-24T20:48:55+00:00\",\"dateModified\":\"2023-12-28T07:17:40+00:00\",\"description\":\"Aromatic89 Elite Citrus freshness, aromatic tranquillity or summer sweetness - fill your car with nature-inspired aromas.\",\"breadcrumb\":{\"@id\":\"https:\\\/\\\/detailspot.lt\\\/en\\\/produktas\\\/aromatic89-elite-spray-car-scent\\\/#breadcrumb\"},\"inLanguage\":\"en-US\",\"potentialAction\":[{\"@type\":\"ReadAction\",\"target\":[\"https:\\\/\\\/detailspot.lt\\\/en\\\/produktas\\\/aromatic89-elite-spray-car-scent\\\/\"]}]},{\"@type\":\"ImageObject\",\"inLanguage\":\"en-US\",\"@id\":\"https:\\\/\\\/detailspot.lt\\\/en\\\/produktas\\\/aromatic89-elite-spray-car-scent\\\/#primaryimage\",\"url\":\"https:\\\/\\\/detailspot.lt\\\/wp-content\\\/uploads\\\/2023\\\/11\\\/Aromatic89-Elite-Purskiamas-Automobilio-Kvapas.jpg\",\"contentUrl\":\"https:\\\/\\\/detailspot.lt\\\/wp-content\\\/uploads\\\/2023\\\/11\\\/Aromatic89-Elite-Purskiamas-Automobilio-Kvapas.jpg\",\"width\":1000,\"height\":1000},{\"@type\":\"BreadcrumbList\",\"@id\":\"https:\\\/\\\/detailspot.lt\\\/en\\\/produktas\\\/aromatic89-elite-spray-car-scent\\\/#breadcrumb\",\"itemListElement\":[{\"@type\":\"ListItem\",\"position\":1,\"name\":\"Home\",\"item\":\"https:\\\/\\\/detailspot.lt\\\/en\\\/\"},{\"@type\":\"ListItem\",\"position\":2,\"name\":\"Shop\",\"item\":\"https:\\\/\\\/detailspot.lt\\\/en\\\/parduotuve\\\/\"},{\"@type\":\"ListItem\",\"position\":3,\"name\":\"Aromatic89 Elite Spray Car Scent\"}]},{\"@type\":\"WebSite\",\"@id\":\"https:\\\/\\\/detailspot.lt\\\/#website\",\"url\":\"https:\\\/\\\/detailspot.lt\\\/\",\"name\":\"Detail Spot\",\"description\":\"Automobili\u0173 prie\u017ei\u016bros priemon\u0117s\",\"publisher\":{\"@id\":\"https:\\\/\\\/detailspot.lt\\\/#organization\"},\"potentialAction\":[{\"@type\":\"SearchAction\",\"target\":{\"@type\":\"EntryPoint\",\"urlTemplate\":\"https:\\\/\\\/detailspot.lt\\\/?s={search_term_string}\"},\"query-input\":{\"@type\":\"PropertyValueSpecification\",\"valueRequired\":true,\"valueName\":\"search_term_string\"}}],\"inLanguage\":\"en-US\"},{\"@type\":\"Organization\",\"@id\":\"https:\\\/\\\/detailspot.lt\\\/#organization\",\"name\":\"Detail Spot\",\"url\":\"https:\\\/\\\/detailspot.lt\\\/\",\"logo\":{\"@type\":\"ImageObject\",\"inLanguage\":\"en-US\",\"@id\":\"https:\\\/\\\/detailspot.lt\\\/#\\\/schema\\\/logo\\\/image\\\/\",\"url\":\"https:\\\/\\\/detailspot.lt\\\/wp-content\\\/uploads\\\/2022\\\/10\\\/logo-original.svg\",\"contentUrl\":\"https:\\\/\\\/detailspot.lt\\\/wp-content\\\/uploads\\\/2022\\\/10\\\/logo-original.svg\",\"width\":1,\"height\":1,\"caption\":\"Detail Spot\"},\"image\":{\"@id\":\"https:\\\/\\\/detailspot.lt\\\/#\\\/schema\\\/logo\\\/image\\\/\"},\"sameAs\":[\"https:\\\/\\\/www.facebook.com\\\/profile.php?id=100039208338156\"]}]}<\/script>\n<!-- \/ Yoast SEO plugin. -->","yoast_head_json":{"title":"Aromatic89 Elite Spray Car Scent - Detail Spot","description":"Aromatic89 Elite Citrus freshness, aromatic tranquillity or summer sweetness - fill your car with nature-inspired aromas.","robots":{"index":"index","follow":"follow","max-snippet":"max-snippet:-1","max-image-preview":"max-image-preview:large","max-video-preview":"max-video-preview:-1"},"canonical":"https:\/\/detailspot.lt\/en\/produktas\/aromatic89-elite-spray-car-scent\/","og_locale":"en_US","og_type":"article","og_title":"Aromatic89 Elite Spray Car Scent - Detail Spot","og_description":"Aromatic89 Elite Citrus freshness, aromatic tranquillity or summer sweetness - fill your car with nature-inspired aromas.","og_url":"https:\/\/detailspot.lt\/en\/produktas\/aromatic89-elite-spray-car-scent\/","og_site_name":"Detail Spot","article_publisher":"https:\/\/www.facebook.com\/profile.php?id=100039208338156","article_modified_time":"2023-12-28T07:17:40+00:00","og_image":[{"width":1000,"height":1000,"url":"https:\/\/detailspot.lt\/wp-content\/uploads\/2023\/11\/Aromatic89-Elite-Purskiamas-Automobilio-Kvapas.jpg","type":"image\/jpeg"}],"twitter_card":"summary_large_image","twitter_misc":{"Est. reading time":"1 minute"},"schema":{"@context":"https:\/\/schema.org","@graph":[{"@type":"WebPage","@id":"https:\/\/detailspot.lt\/en\/produktas\/aromatic89-elite-spray-car-scent\/","url":"https:\/\/detailspot.lt\/en\/produktas\/aromatic89-elite-spray-car-scent\/","name":"Aromatic89 Elite Spray Car Scent - Detail Spot","isPartOf":{"@id":"https:\/\/detailspot.lt\/#website"},"primaryImageOfPage":{"@id":"https:\/\/detailspot.lt\/en\/produktas\/aromatic89-elite-spray-car-scent\/#primaryimage"},"image":{"@id":"https:\/\/detailspot.lt\/en\/produktas\/aromatic89-elite-spray-car-scent\/#primaryimage"},"thumbnailUrl":"https:\/\/detailspot.lt\/wp-content\/uploads\/2023\/11\/Aromatic89-Elite-Purskiamas-Automobilio-Kvapas.jpg","datePublished":"2023-11-24T20:48:55+00:00","dateModified":"2023-12-28T07:17:40+00:00","description":"Aromatic89 Elite Citrus freshness, aromatic tranquillity or summer sweetness - fill your car with nature-inspired aromas.","breadcrumb":{"@id":"https:\/\/detailspot.lt\/en\/produktas\/aromatic89-elite-spray-car-scent\/#breadcrumb"},"inLanguage":"en-US","potentialAction":[{"@type":"ReadAction","target":["https:\/\/detailspot.lt\/en\/produktas\/aromatic89-elite-spray-car-scent\/"]}]},{"@type":"ImageObject","inLanguage":"en-US","@id":"https:\/\/detailspot.lt\/en\/produktas\/aromatic89-elite-spray-car-scent\/#primaryimage","url":"https:\/\/detailspot.lt\/wp-content\/uploads\/2023\/11\/Aromatic89-Elite-Purskiamas-Automobilio-Kvapas.jpg","contentUrl":"https:\/\/detailspot.lt\/wp-content\/uploads\/2023\/11\/Aromatic89-Elite-Purskiamas-Automobilio-Kvapas.jpg","width":1000,"height":1000},{"@type":"BreadcrumbList","@id":"https:\/\/detailspot.lt\/en\/produktas\/aromatic89-elite-spray-car-scent\/#breadcrumb","itemListElement":[{"@type":"ListItem","position":1,"name":"Home","item":"https:\/\/detailspot.lt\/en\/"},{"@type":"ListItem","position":2,"name":"Shop","item":"https:\/\/detailspot.lt\/en\/parduotuve\/"},{"@type":"ListItem","position":3,"name":"Aromatic89 Elite Spray Car Scent"}]},{"@type":"WebSite","@id":"https:\/\/detailspot.lt\/#website","url":"https:\/\/detailspot.lt\/","name":"Detail Spot","description":"Automobili\u0173 prie\u017ei\u016bros priemon\u0117s","publisher":{"@id":"https:\/\/detailspot.lt\/#organization"},"potentialAction":[{"@type":"SearchAction","target":{"@type":"EntryPoint","urlTemplate":"https:\/\/detailspot.lt\/?s={search_term_string}"},"query-input":{"@type":"PropertyValueSpecification","valueRequired":true,"valueName":"search_term_string"}}],"inLanguage":"en-US"},{"@type":"Organization","@id":"https:\/\/detailspot.lt\/#organization","name":"Detail Spot","url":"https:\/\/detailspot.lt\/","logo":{"@type":"ImageObject","inLanguage":"en-US","@id":"https:\/\/detailspot.lt\/#\/schema\/logo\/image\/","url":"https:\/\/detailspot.lt\/wp-content\/uploads\/2022\/10\/logo-original.svg","contentUrl":"https:\/\/detailspot.lt\/wp-content\/uploads\/2022\/10\/logo-original.svg","width":1,"height":1,"caption":"Detail Spot"},"image":{"@id":"https:\/\/detailspot.lt\/#\/schema\/logo\/image\/"},"sameAs":["https:\/\/www.facebook.com\/profile.php?id=100039208338156"]}]}},"_links":{"self":[{"href":"https:\/\/detailspot.lt\/en\/wp-json\/wp\/v2\/product\/6102","targetHints":{"allow":["GET"]}}],"collection":[{"href":"https:\/\/detailspot.lt\/en\/wp-json\/wp\/v2\/product"}],"about":[{"href":"https:\/\/detailspot.lt\/en\/wp-json\/wp\/v2\/types\/product"}],"replies":[{"embeddable":true,"href":"https:\/\/detailspot.lt\/en\/wp-json\/wp\/v2\/comments?post=6102"}],"wp:featuredmedia":[{"embeddable":true,"href":"https:\/\/detailspot.lt\/en\/wp-json\/wp\/v2\/media\/5849"}],"wp:attachment":[{"href":"https:\/\/detailspot.lt\/en\/wp-json\/wp\/v2\/media?parent=6102"}],"wp:term":[{"taxonomy":"product_brand","embeddable":true,"href":"https:\/\/detailspot.lt\/en\/wp-json\/wp\/v2\/product_brand?post=6102"},{"taxonomy":"product_cat","embeddable":true,"href":"https:\/\/detailspot.lt\/en\/wp-json\/wp\/v2\/product_cat?post=6102"},{"taxonomy":"product_tag","embeddable":true,"href":"https:\/\/detailspot.lt\/en\/wp-json\/wp\/v2\/product_tag?post=6102"}],"curies":[{"name":"wp","href":"https:\/\/api.w.org\/{rel}","templated":true}]}}