{"id":6079,"date":"2023-11-24T22:52:42","date_gmt":"2023-11-24T20:52:42","guid":{"rendered":"https:\/\/detailspot.lt\/produktas\/aromatic89-refill-for-holder\/"},"modified":"2024-01-01T23:00:30","modified_gmt":"2024-01-01T21:00:30","slug":"aromatic89-refill-for-holder","status":"publish","type":"product","link":"https:\/\/detailspot.lt\/en\/produktas\/aromatic89-refill-for-holder\/","title":{"rendered":"Aromatic89 Refill for Holder"},"content":{"rendered":"<div id=\"heading2\">\n<h1>Aromatic89 Refill for Holder<\/h1>\n<\/div>\n<div class=\"clear\">\n<p>Your favourite car fragrance is waiting to delight you again with the exquisite scents of luxury on your daily commute. The add-on includes one capsule of your chosen scent, which will prolong your aromatic pleasure for up to 30 days! You&#8217;ll be able to smell your favourite scent as soon as you put the refresher in the grille, and the scents will only intensify when you turn on the warmer airflow.<\/p>\n<p>Replacing your car air freshener capsule takes just a few steps, so you can enjoy the enchanting scents in your vehicle instantly. First, remove the expired capsule by unscrewing the front cover of the holder and replace it with a new one. After screwing the cap back on, insert the holder with the scent into the car&#8217;s air grille. Now all you have to do is get comfortable in the driver&#8217;s seat and feel the start of a new journey when you start the car!<\/p>\n<p><strong>Characteristics:<\/strong><\/p>\n<ol>\n<li>1 vnt. Concentrated odour capsule for refilling the holder<\/li>\n<li>Strong and long-lasting odours for up to 30 days<\/li>\n<li>Made in Lithuania.<\/li>\n<\/ol>\n<p><strong>Warning!<\/strong> Keep out of the reach of children. May cause allergies. In case of contact with skin or eyes, rinse with plenty of water and seek medical advice if necessary. If you need medical advice, carry the product packaging with you. Avoid exposure to nature. The Manufacturer\/Seller shall not be liable for any damage that may arise from the misuse of this product. Shelf life 12 months from the date of opening.<\/p>\n<p>&nbsp;<\/p>\n<p>&nbsp;<\/p>\n<p><img decoding=\"async\" class=\"aligncenter\" src=\"https:\/\/www.detaily.lt\/images\/Userfiles\/logo.png\" alt=\"\"><\/p>\n<\/div>\n","protected":false},"excerpt":{"rendered":"<p>Aromatic89 Refill for Holder Your favourite car fragrance is waiting to delight you again with the exquisite scents of luxury on your daily commute. The add-on includes one capsule of your chosen scent, which will prolong your aromatic pleasure for up to 30 days! You&#8217;ll be able to smell your favourite scent as soon as&hellip;<\/p>\n","protected":false},"featured_media":5847,"comment_status":"closed","ping_status":"closed","template":"","meta":[],"product_brand":[],"product_cat":[165,166],"product_tag":[],"class_list":{"0":"post-6079","1":"product","2":"type-product","3":"status-publish","4":"has-post-thumbnail","6":"product_cat-interior","7":"product_cat-perfumes","8":"description-off","10":"first","11":"instock","12":"taxable","13":"shipping-taxable","14":"purchasable","15":"product-type-variable"},"yoast_head":"<!-- This site is optimized with the Yoast SEO plugin v27.4 - https:\/\/yoast.com\/product\/yoast-seo-wordpress\/ -->\n<title>Aromatic89 Refill for Holder - Detail Spot<\/title>\n<meta name=\"description\" content=\"Replacing your car air freshener capsule takes just a few steps, so you can instantly enjoy enchanting aromas in your car\" \/>\n<meta name=\"robots\" content=\"index, follow, max-snippet:-1, max-image-preview:large, max-video-preview:-1\" \/>\n<link rel=\"canonical\" href=\"https:\/\/detailspot.lt\/en\/produktas\/aromatic89-refill-for-holder\/\" \/>\n<meta property=\"og:locale\" content=\"en_US\" \/>\n<meta property=\"og:type\" content=\"article\" \/>\n<meta property=\"og:title\" content=\"Aromatic89 Refill for Holder - Detail Spot\" \/>\n<meta property=\"og:description\" content=\"Replacing your car air freshener capsule takes just a few steps, so you can instantly enjoy enchanting aromas in your car\" \/>\n<meta property=\"og:url\" content=\"https:\/\/detailspot.lt\/en\/produktas\/aromatic89-refill-for-holder\/\" \/>\n<meta property=\"og:site_name\" content=\"Detail Spot\" \/>\n<meta property=\"article:publisher\" content=\"https:\/\/www.facebook.com\/profile.php?id=100039208338156\" \/>\n<meta property=\"article:modified_time\" content=\"2024-01-01T21:00:30+00:00\" \/>\n<meta property=\"og:image\" content=\"https:\/\/detailspot.lt\/wp-content\/uploads\/2023\/11\/Aromatic89-Papildymas-Laikikliui.jpg\" \/>\n\t<meta property=\"og:image:width\" content=\"225\" \/>\n\t<meta property=\"og:image:height\" content=\"225\" \/>\n\t<meta property=\"og:image:type\" content=\"image\/jpeg\" \/>\n<meta name=\"twitter:card\" content=\"summary_large_image\" \/>\n<meta name=\"twitter:label1\" content=\"Est. reading time\" \/>\n\t<meta name=\"twitter:data1\" content=\"1 minute\" \/>\n<script type=\"application\/ld+json\" class=\"yoast-schema-graph\">{\"@context\":\"https:\\\/\\\/schema.org\",\"@graph\":[{\"@type\":\"WebPage\",\"@id\":\"https:\\\/\\\/detailspot.lt\\\/en\\\/produktas\\\/aromatic89-refill-for-holder\\\/\",\"url\":\"https:\\\/\\\/detailspot.lt\\\/en\\\/produktas\\\/aromatic89-refill-for-holder\\\/\",\"name\":\"Aromatic89 Refill for Holder - Detail Spot\",\"isPartOf\":{\"@id\":\"https:\\\/\\\/detailspot.lt\\\/#website\"},\"primaryImageOfPage\":{\"@id\":\"https:\\\/\\\/detailspot.lt\\\/en\\\/produktas\\\/aromatic89-refill-for-holder\\\/#primaryimage\"},\"image\":{\"@id\":\"https:\\\/\\\/detailspot.lt\\\/en\\\/produktas\\\/aromatic89-refill-for-holder\\\/#primaryimage\"},\"thumbnailUrl\":\"https:\\\/\\\/detailspot.lt\\\/wp-content\\\/uploads\\\/2023\\\/11\\\/Aromatic89-Papildymas-Laikikliui.jpg\",\"datePublished\":\"2023-11-24T20:52:42+00:00\",\"dateModified\":\"2024-01-01T21:00:30+00:00\",\"description\":\"Replacing your car air freshener capsule takes just a few steps, so you can instantly enjoy enchanting aromas in your car\",\"breadcrumb\":{\"@id\":\"https:\\\/\\\/detailspot.lt\\\/en\\\/produktas\\\/aromatic89-refill-for-holder\\\/#breadcrumb\"},\"inLanguage\":\"en-US\",\"potentialAction\":[{\"@type\":\"ReadAction\",\"target\":[\"https:\\\/\\\/detailspot.lt\\\/en\\\/produktas\\\/aromatic89-refill-for-holder\\\/\"]}]},{\"@type\":\"ImageObject\",\"inLanguage\":\"en-US\",\"@id\":\"https:\\\/\\\/detailspot.lt\\\/en\\\/produktas\\\/aromatic89-refill-for-holder\\\/#primaryimage\",\"url\":\"https:\\\/\\\/detailspot.lt\\\/wp-content\\\/uploads\\\/2023\\\/11\\\/Aromatic89-Papildymas-Laikikliui.jpg\",\"contentUrl\":\"https:\\\/\\\/detailspot.lt\\\/wp-content\\\/uploads\\\/2023\\\/11\\\/Aromatic89-Papildymas-Laikikliui.jpg\",\"width\":225,\"height\":225},{\"@type\":\"BreadcrumbList\",\"@id\":\"https:\\\/\\\/detailspot.lt\\\/en\\\/produktas\\\/aromatic89-refill-for-holder\\\/#breadcrumb\",\"itemListElement\":[{\"@type\":\"ListItem\",\"position\":1,\"name\":\"Home\",\"item\":\"https:\\\/\\\/detailspot.lt\\\/en\\\/\"},{\"@type\":\"ListItem\",\"position\":2,\"name\":\"Shop\",\"item\":\"https:\\\/\\\/detailspot.lt\\\/en\\\/parduotuve\\\/\"},{\"@type\":\"ListItem\",\"position\":3,\"name\":\"Aromatic89 Refill for Holder\"}]},{\"@type\":\"WebSite\",\"@id\":\"https:\\\/\\\/detailspot.lt\\\/#website\",\"url\":\"https:\\\/\\\/detailspot.lt\\\/\",\"name\":\"Detail Spot\",\"description\":\"Automobili\u0173 prie\u017ei\u016bros priemon\u0117s\",\"publisher\":{\"@id\":\"https:\\\/\\\/detailspot.lt\\\/#organization\"},\"potentialAction\":[{\"@type\":\"SearchAction\",\"target\":{\"@type\":\"EntryPoint\",\"urlTemplate\":\"https:\\\/\\\/detailspot.lt\\\/?s={search_term_string}\"},\"query-input\":{\"@type\":\"PropertyValueSpecification\",\"valueRequired\":true,\"valueName\":\"search_term_string\"}}],\"inLanguage\":\"en-US\"},{\"@type\":\"Organization\",\"@id\":\"https:\\\/\\\/detailspot.lt\\\/#organization\",\"name\":\"Detail Spot\",\"url\":\"https:\\\/\\\/detailspot.lt\\\/\",\"logo\":{\"@type\":\"ImageObject\",\"inLanguage\":\"en-US\",\"@id\":\"https:\\\/\\\/detailspot.lt\\\/#\\\/schema\\\/logo\\\/image\\\/\",\"url\":\"https:\\\/\\\/detailspot.lt\\\/wp-content\\\/uploads\\\/2022\\\/10\\\/logo-original.svg\",\"contentUrl\":\"https:\\\/\\\/detailspot.lt\\\/wp-content\\\/uploads\\\/2022\\\/10\\\/logo-original.svg\",\"width\":1,\"height\":1,\"caption\":\"Detail Spot\"},\"image\":{\"@id\":\"https:\\\/\\\/detailspot.lt\\\/#\\\/schema\\\/logo\\\/image\\\/\"},\"sameAs\":[\"https:\\\/\\\/www.facebook.com\\\/profile.php?id=100039208338156\"]}]}<\/script>\n<!-- \/ Yoast SEO plugin. -->","yoast_head_json":{"title":"Aromatic89 Refill for Holder - Detail Spot","description":"Replacing your car air freshener capsule takes just a few steps, so you can instantly enjoy enchanting aromas in your car","robots":{"index":"index","follow":"follow","max-snippet":"max-snippet:-1","max-image-preview":"max-image-preview:large","max-video-preview":"max-video-preview:-1"},"canonical":"https:\/\/detailspot.lt\/en\/produktas\/aromatic89-refill-for-holder\/","og_locale":"en_US","og_type":"article","og_title":"Aromatic89 Refill for Holder - Detail Spot","og_description":"Replacing your car air freshener capsule takes just a few steps, so you can instantly enjoy enchanting aromas in your car","og_url":"https:\/\/detailspot.lt\/en\/produktas\/aromatic89-refill-for-holder\/","og_site_name":"Detail Spot","article_publisher":"https:\/\/www.facebook.com\/profile.php?id=100039208338156","article_modified_time":"2024-01-01T21:00:30+00:00","og_image":[{"width":225,"height":225,"url":"https:\/\/detailspot.lt\/wp-content\/uploads\/2023\/11\/Aromatic89-Papildymas-Laikikliui.jpg","type":"image\/jpeg"}],"twitter_card":"summary_large_image","twitter_misc":{"Est. reading time":"1 minute"},"schema":{"@context":"https:\/\/schema.org","@graph":[{"@type":"WebPage","@id":"https:\/\/detailspot.lt\/en\/produktas\/aromatic89-refill-for-holder\/","url":"https:\/\/detailspot.lt\/en\/produktas\/aromatic89-refill-for-holder\/","name":"Aromatic89 Refill for Holder - Detail Spot","isPartOf":{"@id":"https:\/\/detailspot.lt\/#website"},"primaryImageOfPage":{"@id":"https:\/\/detailspot.lt\/en\/produktas\/aromatic89-refill-for-holder\/#primaryimage"},"image":{"@id":"https:\/\/detailspot.lt\/en\/produktas\/aromatic89-refill-for-holder\/#primaryimage"},"thumbnailUrl":"https:\/\/detailspot.lt\/wp-content\/uploads\/2023\/11\/Aromatic89-Papildymas-Laikikliui.jpg","datePublished":"2023-11-24T20:52:42+00:00","dateModified":"2024-01-01T21:00:30+00:00","description":"Replacing your car air freshener capsule takes just a few steps, so you can instantly enjoy enchanting aromas in your car","breadcrumb":{"@id":"https:\/\/detailspot.lt\/en\/produktas\/aromatic89-refill-for-holder\/#breadcrumb"},"inLanguage":"en-US","potentialAction":[{"@type":"ReadAction","target":["https:\/\/detailspot.lt\/en\/produktas\/aromatic89-refill-for-holder\/"]}]},{"@type":"ImageObject","inLanguage":"en-US","@id":"https:\/\/detailspot.lt\/en\/produktas\/aromatic89-refill-for-holder\/#primaryimage","url":"https:\/\/detailspot.lt\/wp-content\/uploads\/2023\/11\/Aromatic89-Papildymas-Laikikliui.jpg","contentUrl":"https:\/\/detailspot.lt\/wp-content\/uploads\/2023\/11\/Aromatic89-Papildymas-Laikikliui.jpg","width":225,"height":225},{"@type":"BreadcrumbList","@id":"https:\/\/detailspot.lt\/en\/produktas\/aromatic89-refill-for-holder\/#breadcrumb","itemListElement":[{"@type":"ListItem","position":1,"name":"Home","item":"https:\/\/detailspot.lt\/en\/"},{"@type":"ListItem","position":2,"name":"Shop","item":"https:\/\/detailspot.lt\/en\/parduotuve\/"},{"@type":"ListItem","position":3,"name":"Aromatic89 Refill for Holder"}]},{"@type":"WebSite","@id":"https:\/\/detailspot.lt\/#website","url":"https:\/\/detailspot.lt\/","name":"Detail Spot","description":"Automobili\u0173 prie\u017ei\u016bros priemon\u0117s","publisher":{"@id":"https:\/\/detailspot.lt\/#organization"},"potentialAction":[{"@type":"SearchAction","target":{"@type":"EntryPoint","urlTemplate":"https:\/\/detailspot.lt\/?s={search_term_string}"},"query-input":{"@type":"PropertyValueSpecification","valueRequired":true,"valueName":"search_term_string"}}],"inLanguage":"en-US"},{"@type":"Organization","@id":"https:\/\/detailspot.lt\/#organization","name":"Detail Spot","url":"https:\/\/detailspot.lt\/","logo":{"@type":"ImageObject","inLanguage":"en-US","@id":"https:\/\/detailspot.lt\/#\/schema\/logo\/image\/","url":"https:\/\/detailspot.lt\/wp-content\/uploads\/2022\/10\/logo-original.svg","contentUrl":"https:\/\/detailspot.lt\/wp-content\/uploads\/2022\/10\/logo-original.svg","width":1,"height":1,"caption":"Detail Spot"},"image":{"@id":"https:\/\/detailspot.lt\/#\/schema\/logo\/image\/"},"sameAs":["https:\/\/www.facebook.com\/profile.php?id=100039208338156"]}]}},"_links":{"self":[{"href":"https:\/\/detailspot.lt\/en\/wp-json\/wp\/v2\/product\/6079","targetHints":{"allow":["GET"]}}],"collection":[{"href":"https:\/\/detailspot.lt\/en\/wp-json\/wp\/v2\/product"}],"about":[{"href":"https:\/\/detailspot.lt\/en\/wp-json\/wp\/v2\/types\/product"}],"replies":[{"embeddable":true,"href":"https:\/\/detailspot.lt\/en\/wp-json\/wp\/v2\/comments?post=6079"}],"wp:featuredmedia":[{"embeddable":true,"href":"https:\/\/detailspot.lt\/en\/wp-json\/wp\/v2\/media\/5847"}],"wp:attachment":[{"href":"https:\/\/detailspot.lt\/en\/wp-json\/wp\/v2\/media?parent=6079"}],"wp:term":[{"taxonomy":"product_brand","embeddable":true,"href":"https:\/\/detailspot.lt\/en\/wp-json\/wp\/v2\/product_brand?post=6079"},{"taxonomy":"product_cat","embeddable":true,"href":"https:\/\/detailspot.lt\/en\/wp-json\/wp\/v2\/product_cat?post=6079"},{"taxonomy":"product_tag","embeddable":true,"href":"https:\/\/detailspot.lt\/en\/wp-json\/wp\/v2\/product_tag?post=6079"}],"curies":[{"name":"wp","href":"https:\/\/api.w.org\/{rel}","templated":true}]}}