{"id":6048,"date":"2023-11-26T21:02:49","date_gmt":"2023-11-26T19:02:49","guid":{"rendered":"https:\/\/detailspot.lt\/produktas\/aromatic89-home-fragrance-with-sticks-50ml\/"},"modified":"2024-01-01T23:00:30","modified_gmt":"2024-01-01T21:00:30","slug":"aromatic89-home-fragrance-with-sticks-50ml","status":"publish","type":"product","link":"https:\/\/detailspot.lt\/en\/produktas\/aromatic89-home-fragrance-with-sticks-50ml\/","title":{"rendered":"Aromatic89 Home fragrance with sticks (50ml)"},"content":{"rendered":"<h1>Aromatic89 Home fragrance with sticks<\/h1>\n<p style=\"font-weight: 400;\">Luxury, sophistication, elegance &#8211; these are the qualities created by our oil-based fragrances, made from the highest quality and carefully selected and balanced ingredients.<br \/>\nThe exclusive composition of fragrances will delight you with pleasant and colourful experiences wherever you go. The duo of an elegant bottle and pressed-fibre sticks give you the opportunity to create an environment full of the brightest scents, both in your home and in the office. The fragrance notes we infuse are intense and long-lasting in a ventilated, warm and dry room, especially if the sticks are turned over at least 1-2 times a week. Just 50 millilitres of luxury and pleasure will accompany and welcome you for up to 90 days! For spaces up to 40m2, we recommend using all six sticks to enjoy bright fragrance notes in every corner. The bottle, the scent and the sticks are packaged in a stylish black box, so the arrival of your chosen scent will be just one of the many experiences of elegance that will follow!<\/p>\n<p><b><strong>Characteristics: <\/strong><\/b><br \/>\nDeveloped with an eco-friendly base<br \/>\nOil-based, prolonged action<br \/>\nStrong and long-lasting scent for up to 90 days<br \/>\nOdours are more noticeable in a ventilated, warm and dry room<br \/>\nPressed fibre, black sticks 25 cm long and 3 mm wide<br \/>\nWith all six sticks, the scent will be intensely felt in spaces up to 40m2<br \/>\nIt is recommended to flip the sticks at least 1-2 times a week<br \/>\nIt is recommended to flip the sticks at least 1-2 times a week<br \/>\nMade in Lithuania.<\/p>\n<p style=\"font-weight: 400;\"><b><strong>NB:<\/strong><\/b> We recommend that you keep the bottle in a safe place where there is no risk of spillage. Do not place the bottle of scented liquid on plastic, painted or varnished surfaces. Keep away from heat sources, hot surfaces, sparks, naked flames or other sources of ignition. Keep away from heat sources, hot surfaces, sparks, naked flames or other sources of ignition. Take care not to get it in your eyes, on your skin or on your clothes. Shelf life 12 months from the date of opening.<\/p>\n<p>&nbsp;<\/p>\n<p>&nbsp;<\/p>\n<p style=\"text-align: center;\"><img loading=\"lazy\" decoding=\"async\" class=\"alignnone size-full wp-image-5763\" src=\"https:\/\/detailspot.lt\/wp-content\/uploads\/2023\/11\/Aromatic89-logo.png\" alt=\"\" width=\"240\" height=\"35\" srcset=\"https:\/\/detailspot.lt\/wp-content\/uploads\/2023\/11\/Aromatic89-logo.png 240w, https:\/\/detailspot.lt\/wp-content\/uploads\/2023\/11\/Aromatic89-logo-64x9.png 64w\" sizes=\"auto, (max-width: 240px) 100vw, 240px\" \/><\/p>\n","protected":false},"excerpt":{"rendered":"<p>Aromatic89 Home fragrance with sticks Luxury, sophistication, elegance &#8211; these are the qualities created by our oil-based fragrances, made from the highest quality and carefully selected and balanced ingredients. The exclusive composition of fragrances will delight you with pleasant and colourful experiences wherever you go. The duo of an elegant bottle and pressed-fibre sticks give&hellip;<\/p>\n","protected":false},"featured_media":5890,"comment_status":"closed","ping_status":"closed","template":"","meta":[],"product_brand":[],"product_cat":[189,165],"product_tag":[],"class_list":{"0":"post-6048","1":"product","2":"type-product","3":"status-publish","4":"has-post-thumbnail","6":"product_cat-home-fragrances","7":"product_cat-interior","8":"description-off","10":"first","11":"instock","12":"sale","13":"taxable","14":"shipping-taxable","15":"purchasable","16":"product-type-variable"},"yoast_head":"<!-- This site is optimized with the Yoast SEO plugin v27.5 - https:\/\/yoast.com\/product\/yoast-seo-wordpress\/ -->\n<title>Aromatic89 Home fragrance with sticks (50ml) - Detail Spot<\/title>\n<meta name=\"description\" content=\"Luxury, sophistication, elegance - these are the qualities created by our oil-based fragrances made from the highest quality ingredients.\" \/>\n<meta name=\"robots\" content=\"index, follow, max-snippet:-1, max-image-preview:large, max-video-preview:-1\" \/>\n<link rel=\"canonical\" href=\"https:\/\/detailspot.lt\/en\/produktas\/aromatic89-home-fragrance-with-sticks-50ml\/\" \/>\n<meta property=\"og:locale\" content=\"en_US\" \/>\n<meta property=\"og:type\" content=\"article\" \/>\n<meta property=\"og:title\" content=\"Aromatic89 Home fragrance with sticks (50ml) - Detail Spot\" \/>\n<meta property=\"og:description\" content=\"Luxury, sophistication, elegance - these are the qualities created by our oil-based fragrances made from the highest quality ingredients.\" \/>\n<meta property=\"og:url\" content=\"https:\/\/detailspot.lt\/en\/produktas\/aromatic89-home-fragrance-with-sticks-50ml\/\" \/>\n<meta property=\"og:site_name\" content=\"Detail Spot\" \/>\n<meta property=\"article:publisher\" content=\"https:\/\/www.facebook.com\/profile.php?id=100039208338156\" \/>\n<meta property=\"article:modified_time\" content=\"2024-01-01T21:00:30+00:00\" \/>\n<meta property=\"og:image\" content=\"https:\/\/detailspot.lt\/wp-content\/uploads\/2023\/11\/aromatic-89-ohena-50-ml.jpg\" \/>\n\t<meta property=\"og:image:width\" content=\"1000\" \/>\n\t<meta property=\"og:image:height\" content=\"1000\" \/>\n\t<meta property=\"og:image:type\" content=\"image\/jpeg\" \/>\n<meta name=\"twitter:card\" content=\"summary_large_image\" \/>\n<meta name=\"twitter:label1\" content=\"Est. reading time\" \/>\n\t<meta name=\"twitter:data1\" content=\"2 minutes\" \/>\n<script type=\"application\/ld+json\" class=\"yoast-schema-graph\">{\"@context\":\"https:\\\/\\\/schema.org\",\"@graph\":[{\"@type\":\"WebPage\",\"@id\":\"https:\\\/\\\/detailspot.lt\\\/en\\\/produktas\\\/aromatic89-home-fragrance-with-sticks-50ml\\\/\",\"url\":\"https:\\\/\\\/detailspot.lt\\\/en\\\/produktas\\\/aromatic89-home-fragrance-with-sticks-50ml\\\/\",\"name\":\"Aromatic89 Home fragrance with sticks (50ml) - Detail Spot\",\"isPartOf\":{\"@id\":\"https:\\\/\\\/detailspot.lt\\\/#website\"},\"primaryImageOfPage\":{\"@id\":\"https:\\\/\\\/detailspot.lt\\\/en\\\/produktas\\\/aromatic89-home-fragrance-with-sticks-50ml\\\/#primaryimage\"},\"image\":{\"@id\":\"https:\\\/\\\/detailspot.lt\\\/en\\\/produktas\\\/aromatic89-home-fragrance-with-sticks-50ml\\\/#primaryimage\"},\"thumbnailUrl\":\"https:\\\/\\\/detailspot.lt\\\/wp-content\\\/uploads\\\/2023\\\/11\\\/aromatic-89-ohena-50-ml.jpg\",\"datePublished\":\"2023-11-26T19:02:49+00:00\",\"dateModified\":\"2024-01-01T21:00:30+00:00\",\"description\":\"Luxury, sophistication, elegance - these are the qualities created by our oil-based fragrances made from the highest quality ingredients.\",\"breadcrumb\":{\"@id\":\"https:\\\/\\\/detailspot.lt\\\/en\\\/produktas\\\/aromatic89-home-fragrance-with-sticks-50ml\\\/#breadcrumb\"},\"inLanguage\":\"en-US\",\"potentialAction\":[{\"@type\":\"ReadAction\",\"target\":[\"https:\\\/\\\/detailspot.lt\\\/en\\\/produktas\\\/aromatic89-home-fragrance-with-sticks-50ml\\\/\"]}]},{\"@type\":\"ImageObject\",\"inLanguage\":\"en-US\",\"@id\":\"https:\\\/\\\/detailspot.lt\\\/en\\\/produktas\\\/aromatic89-home-fragrance-with-sticks-50ml\\\/#primaryimage\",\"url\":\"https:\\\/\\\/detailspot.lt\\\/wp-content\\\/uploads\\\/2023\\\/11\\\/aromatic-89-ohena-50-ml.jpg\",\"contentUrl\":\"https:\\\/\\\/detailspot.lt\\\/wp-content\\\/uploads\\\/2023\\\/11\\\/aromatic-89-ohena-50-ml.jpg\",\"width\":1000,\"height\":1000},{\"@type\":\"BreadcrumbList\",\"@id\":\"https:\\\/\\\/detailspot.lt\\\/en\\\/produktas\\\/aromatic89-home-fragrance-with-sticks-50ml\\\/#breadcrumb\",\"itemListElement\":[{\"@type\":\"ListItem\",\"position\":1,\"name\":\"Home\",\"item\":\"https:\\\/\\\/detailspot.lt\\\/en\\\/\"},{\"@type\":\"ListItem\",\"position\":2,\"name\":\"Shop\",\"item\":\"https:\\\/\\\/detailspot.lt\\\/en\\\/parduotuve\\\/\"},{\"@type\":\"ListItem\",\"position\":3,\"name\":\"Aromatic89 Home fragrance with sticks (50ml)\"}]},{\"@type\":\"WebSite\",\"@id\":\"https:\\\/\\\/detailspot.lt\\\/#website\",\"url\":\"https:\\\/\\\/detailspot.lt\\\/\",\"name\":\"Detail Spot\",\"description\":\"Automobili\u0173 prie\u017ei\u016bros priemon\u0117s\",\"publisher\":{\"@id\":\"https:\\\/\\\/detailspot.lt\\\/#organization\"},\"potentialAction\":[{\"@type\":\"SearchAction\",\"target\":{\"@type\":\"EntryPoint\",\"urlTemplate\":\"https:\\\/\\\/detailspot.lt\\\/?s={search_term_string}\"},\"query-input\":{\"@type\":\"PropertyValueSpecification\",\"valueRequired\":true,\"valueName\":\"search_term_string\"}}],\"inLanguage\":\"en-US\"},{\"@type\":\"Organization\",\"@id\":\"https:\\\/\\\/detailspot.lt\\\/#organization\",\"name\":\"Detail Spot\",\"url\":\"https:\\\/\\\/detailspot.lt\\\/\",\"logo\":{\"@type\":\"ImageObject\",\"inLanguage\":\"en-US\",\"@id\":\"https:\\\/\\\/detailspot.lt\\\/#\\\/schema\\\/logo\\\/image\\\/\",\"url\":\"https:\\\/\\\/detailspot.lt\\\/wp-content\\\/uploads\\\/2022\\\/10\\\/logo-original.svg\",\"contentUrl\":\"https:\\\/\\\/detailspot.lt\\\/wp-content\\\/uploads\\\/2022\\\/10\\\/logo-original.svg\",\"width\":1,\"height\":1,\"caption\":\"Detail Spot\"},\"image\":{\"@id\":\"https:\\\/\\\/detailspot.lt\\\/#\\\/schema\\\/logo\\\/image\\\/\"},\"sameAs\":[\"https:\\\/\\\/www.facebook.com\\\/profile.php?id=100039208338156\"]}]}<\/script>\n<!-- \/ Yoast SEO plugin. -->","yoast_head_json":{"title":"Aromatic89 Home fragrance with sticks (50ml) - Detail Spot","description":"Luxury, sophistication, elegance - these are the qualities created by our oil-based fragrances made from the highest quality ingredients.","robots":{"index":"index","follow":"follow","max-snippet":"max-snippet:-1","max-image-preview":"max-image-preview:large","max-video-preview":"max-video-preview:-1"},"canonical":"https:\/\/detailspot.lt\/en\/produktas\/aromatic89-home-fragrance-with-sticks-50ml\/","og_locale":"en_US","og_type":"article","og_title":"Aromatic89 Home fragrance with sticks (50ml) - Detail Spot","og_description":"Luxury, sophistication, elegance - these are the qualities created by our oil-based fragrances made from the highest quality ingredients.","og_url":"https:\/\/detailspot.lt\/en\/produktas\/aromatic89-home-fragrance-with-sticks-50ml\/","og_site_name":"Detail Spot","article_publisher":"https:\/\/www.facebook.com\/profile.php?id=100039208338156","article_modified_time":"2024-01-01T21:00:30+00:00","og_image":[{"width":1000,"height":1000,"url":"https:\/\/detailspot.lt\/wp-content\/uploads\/2023\/11\/aromatic-89-ohena-50-ml.jpg","type":"image\/jpeg"}],"twitter_card":"summary_large_image","twitter_misc":{"Est. reading time":"2 minutes"},"schema":{"@context":"https:\/\/schema.org","@graph":[{"@type":"WebPage","@id":"https:\/\/detailspot.lt\/en\/produktas\/aromatic89-home-fragrance-with-sticks-50ml\/","url":"https:\/\/detailspot.lt\/en\/produktas\/aromatic89-home-fragrance-with-sticks-50ml\/","name":"Aromatic89 Home fragrance with sticks (50ml) - Detail Spot","isPartOf":{"@id":"https:\/\/detailspot.lt\/#website"},"primaryImageOfPage":{"@id":"https:\/\/detailspot.lt\/en\/produktas\/aromatic89-home-fragrance-with-sticks-50ml\/#primaryimage"},"image":{"@id":"https:\/\/detailspot.lt\/en\/produktas\/aromatic89-home-fragrance-with-sticks-50ml\/#primaryimage"},"thumbnailUrl":"https:\/\/detailspot.lt\/wp-content\/uploads\/2023\/11\/aromatic-89-ohena-50-ml.jpg","datePublished":"2023-11-26T19:02:49+00:00","dateModified":"2024-01-01T21:00:30+00:00","description":"Luxury, sophistication, elegance - these are the qualities created by our oil-based fragrances made from the highest quality ingredients.","breadcrumb":{"@id":"https:\/\/detailspot.lt\/en\/produktas\/aromatic89-home-fragrance-with-sticks-50ml\/#breadcrumb"},"inLanguage":"en-US","potentialAction":[{"@type":"ReadAction","target":["https:\/\/detailspot.lt\/en\/produktas\/aromatic89-home-fragrance-with-sticks-50ml\/"]}]},{"@type":"ImageObject","inLanguage":"en-US","@id":"https:\/\/detailspot.lt\/en\/produktas\/aromatic89-home-fragrance-with-sticks-50ml\/#primaryimage","url":"https:\/\/detailspot.lt\/wp-content\/uploads\/2023\/11\/aromatic-89-ohena-50-ml.jpg","contentUrl":"https:\/\/detailspot.lt\/wp-content\/uploads\/2023\/11\/aromatic-89-ohena-50-ml.jpg","width":1000,"height":1000},{"@type":"BreadcrumbList","@id":"https:\/\/detailspot.lt\/en\/produktas\/aromatic89-home-fragrance-with-sticks-50ml\/#breadcrumb","itemListElement":[{"@type":"ListItem","position":1,"name":"Home","item":"https:\/\/detailspot.lt\/en\/"},{"@type":"ListItem","position":2,"name":"Shop","item":"https:\/\/detailspot.lt\/en\/parduotuve\/"},{"@type":"ListItem","position":3,"name":"Aromatic89 Home fragrance with sticks (50ml)"}]},{"@type":"WebSite","@id":"https:\/\/detailspot.lt\/#website","url":"https:\/\/detailspot.lt\/","name":"Detail Spot","description":"Automobili\u0173 prie\u017ei\u016bros priemon\u0117s","publisher":{"@id":"https:\/\/detailspot.lt\/#organization"},"potentialAction":[{"@type":"SearchAction","target":{"@type":"EntryPoint","urlTemplate":"https:\/\/detailspot.lt\/?s={search_term_string}"},"query-input":{"@type":"PropertyValueSpecification","valueRequired":true,"valueName":"search_term_string"}}],"inLanguage":"en-US"},{"@type":"Organization","@id":"https:\/\/detailspot.lt\/#organization","name":"Detail Spot","url":"https:\/\/detailspot.lt\/","logo":{"@type":"ImageObject","inLanguage":"en-US","@id":"https:\/\/detailspot.lt\/#\/schema\/logo\/image\/","url":"https:\/\/detailspot.lt\/wp-content\/uploads\/2022\/10\/logo-original.svg","contentUrl":"https:\/\/detailspot.lt\/wp-content\/uploads\/2022\/10\/logo-original.svg","width":1,"height":1,"caption":"Detail Spot"},"image":{"@id":"https:\/\/detailspot.lt\/#\/schema\/logo\/image\/"},"sameAs":["https:\/\/www.facebook.com\/profile.php?id=100039208338156"]}]}},"_links":{"self":[{"href":"https:\/\/detailspot.lt\/en\/wp-json\/wp\/v2\/product\/6048","targetHints":{"allow":["GET"]}}],"collection":[{"href":"https:\/\/detailspot.lt\/en\/wp-json\/wp\/v2\/product"}],"about":[{"href":"https:\/\/detailspot.lt\/en\/wp-json\/wp\/v2\/types\/product"}],"replies":[{"embeddable":true,"href":"https:\/\/detailspot.lt\/en\/wp-json\/wp\/v2\/comments?post=6048"}],"wp:featuredmedia":[{"embeddable":true,"href":"https:\/\/detailspot.lt\/en\/wp-json\/wp\/v2\/media\/5890"}],"wp:attachment":[{"href":"https:\/\/detailspot.lt\/en\/wp-json\/wp\/v2\/media?parent=6048"}],"wp:term":[{"taxonomy":"product_brand","embeddable":true,"href":"https:\/\/detailspot.lt\/en\/wp-json\/wp\/v2\/product_brand?post=6048"},{"taxonomy":"product_cat","embeddable":true,"href":"https:\/\/detailspot.lt\/en\/wp-json\/wp\/v2\/product_cat?post=6048"},{"taxonomy":"product_tag","embeddable":true,"href":"https:\/\/detailspot.lt\/en\/wp-json\/wp\/v2\/product_tag?post=6048"}],"curies":[{"name":"wp","href":"https:\/\/api.w.org\/{rel}","templated":true}]}}