{"id":6047,"date":"2023-11-26T21:23:43","date_gmt":"2023-11-26T19:23:43","guid":{"rendered":"https:\/\/detailspot.lt\/produktas\/set-car-grille-freshener-christmas-collection\/"},"modified":"2023-11-26T21:23:43","modified_gmt":"2023-11-26T19:23:43","slug":"set-car-grille-freshener-christmas-collection","status":"publish","type":"product","link":"https:\/\/detailspot.lt\/en\/produktas\/set-car-grille-freshener-christmas-collection\/","title":{"rendered":"Set: Car Grille Freshener (Christmas Collection)"},"content":{"rendered":"<h1 class=\"product_title\">Set: Car Grille Freshener (Christmas Collection)<\/h1>\n<div class=\"price_and_rating\">\n<p>Luxury and exclusivity are the hallmarks of the Aromatic -89- set of air freshener and 12 popular fragrances for your car. The minimalist design of the refresher is an elegant interior decoration that emits the scent of your choice for up to 30 days! The distinctive scents are immediately apparent as soon as the refresher is placed in the grille, and the scents are only intensified when you turn on the warmer airflow. The metal holder is reusable, so you can replace it at the end of one scent. The set includes 12 of the most popular Aromatic -89- fragrances, ready to surprise you with their scents every month. It&#8217;s a final gift that will delight you all year round!<\/p>\n<p><strong>The set includes the following scents:<\/strong><br \/>\nBy Design<br \/>\nOld Million<br \/>\nDiamond<br \/>\nPomegranate<br \/>\nInfinity Flow<br \/>\nBrasilia<br \/>\nMajesty<br \/>\nBlack Grapes<br \/>\nDore<br \/>\nInoop<br \/>\nBlue Night<br \/>\nInstinct<\/p>\n<p>The car air freshener and the most popular Aromatic -89- fragrances are packaged in a luxurious-looking box, so the arrival of the set at your home will be just one of the many experiences of elegance that will visit your home!<\/p>\n<\/div>\n<p>&nbsp;<\/p>\n<p>&nbsp;<\/p>\n<p style=\"text-align: center;\"><img loading=\"lazy\" decoding=\"async\" class=\"alignnone size-full wp-image-5763\" src=\"https:\/\/detailspot.lt\/wp-content\/uploads\/2023\/11\/Aromatic89-logo.png\" alt=\"\" width=\"240\" height=\"35\" srcset=\"https:\/\/detailspot.lt\/wp-content\/uploads\/2023\/11\/Aromatic89-logo.png 240w, https:\/\/detailspot.lt\/wp-content\/uploads\/2023\/11\/Aromatic89-logo-64x9.png 64w\" sizes=\"auto, (max-width: 240px) 100vw, 240px\" \/><\/p>\n","protected":false},"excerpt":{"rendered":"<p>Set: Car Grille Freshener (Christmas Collection) Luxury and exclusivity are the hallmarks of the Aromatic -89- set of air freshener and 12 popular fragrances for your car. The minimalist design of the refresher is an elegant interior decoration that emits the scent of your choice for up to 30 days! The distinctive scents are immediately&hellip;<\/p>\n","protected":false},"featured_media":5897,"comment_status":"closed","ping_status":"closed","template":"","meta":[],"product_brand":[],"product_cat":[165,166],"product_tag":[],"class_list":{"0":"post-6047","1":"product","2":"type-product","3":"status-publish","4":"has-post-thumbnail","6":"product_cat-interior","7":"product_cat-perfumes","8":"description-off","10":"first","11":"outofstock","12":"sale","13":"taxable","14":"shipping-taxable","15":"purchasable","16":"product-type-simple"},"yoast_head":"<!-- This site is optimized with the Yoast SEO plugin v27.2 - https:\/\/yoast.com\/product\/yoast-seo-wordpress\/ -->\n<title>Set: Car Grille Freshener (Christmas Collection) - Detail Spot<\/title>\n<meta name=\"description\" content=\"Luxury and exclusivity are the hallmarks of the Aromatic -89- set of air freshener and 12 popular fragrances for your car.\" \/>\n<meta name=\"robots\" content=\"index, follow, max-snippet:-1, max-image-preview:large, max-video-preview:-1\" \/>\n<link rel=\"canonical\" href=\"https:\/\/detailspot.lt\/en\/produktas\/set-car-grille-freshener-christmas-collection\/\" \/>\n<meta property=\"og:locale\" content=\"en_US\" \/>\n<meta property=\"og:type\" content=\"article\" \/>\n<meta property=\"og:title\" content=\"Set: Car Grille Freshener (Christmas Collection) - Detail Spot\" \/>\n<meta property=\"og:description\" content=\"Luxury and exclusivity are the hallmarks of the Aromatic -89- set of air freshener and 12 popular fragrances for your car.\" \/>\n<meta property=\"og:url\" content=\"https:\/\/detailspot.lt\/en\/produktas\/set-car-grille-freshener-christmas-collection\/\" \/>\n<meta property=\"og:site_name\" content=\"Detail Spot\" \/>\n<meta property=\"article:publisher\" content=\"https:\/\/www.facebook.com\/profile.php?id=100039208338156\" \/>\n<meta property=\"og:image\" content=\"https:\/\/detailspot.lt\/wp-content\/uploads\/2023\/11\/Rinkinys-Automobiliu-gaiviklis-i-groteles-Kaledine-kolekcija.png\" \/>\n\t<meta property=\"og:image:width\" content=\"627\" \/>\n\t<meta property=\"og:image:height\" content=\"800\" \/>\n\t<meta property=\"og:image:type\" content=\"image\/png\" \/>\n<meta name=\"twitter:card\" content=\"summary_large_image\" \/>\n<meta name=\"twitter:label1\" content=\"Est. reading time\" \/>\n\t<meta name=\"twitter:data1\" content=\"1 minute\" \/>\n<script type=\"application\/ld+json\" class=\"yoast-schema-graph\">{\"@context\":\"https:\/\/schema.org\",\"@graph\":[{\"@type\":\"WebPage\",\"@id\":\"https:\/\/detailspot.lt\/en\/produktas\/set-car-grille-freshener-christmas-collection\/\",\"url\":\"https:\/\/detailspot.lt\/en\/produktas\/set-car-grille-freshener-christmas-collection\/\",\"name\":\"Set: Car Grille Freshener (Christmas Collection) - Detail Spot\",\"isPartOf\":{\"@id\":\"https:\/\/detailspot.lt\/#website\"},\"primaryImageOfPage\":{\"@id\":\"https:\/\/detailspot.lt\/en\/produktas\/set-car-grille-freshener-christmas-collection\/#primaryimage\"},\"image\":{\"@id\":\"https:\/\/detailspot.lt\/en\/produktas\/set-car-grille-freshener-christmas-collection\/#primaryimage\"},\"thumbnailUrl\":\"https:\/\/detailspot.lt\/wp-content\/uploads\/2023\/11\/Rinkinys-Automobiliu-gaiviklis-i-groteles-Kaledine-kolekcija.png\",\"datePublished\":\"2023-11-26T19:23:43+00:00\",\"description\":\"Luxury and exclusivity are the hallmarks of the Aromatic -89- set of air freshener and 12 popular fragrances for your car.\",\"breadcrumb\":{\"@id\":\"https:\/\/detailspot.lt\/en\/produktas\/set-car-grille-freshener-christmas-collection\/#breadcrumb\"},\"inLanguage\":\"en-US\",\"potentialAction\":[{\"@type\":\"ReadAction\",\"target\":[\"https:\/\/detailspot.lt\/en\/produktas\/set-car-grille-freshener-christmas-collection\/\"]}]},{\"@type\":\"ImageObject\",\"inLanguage\":\"en-US\",\"@id\":\"https:\/\/detailspot.lt\/en\/produktas\/set-car-grille-freshener-christmas-collection\/#primaryimage\",\"url\":\"https:\/\/detailspot.lt\/wp-content\/uploads\/2023\/11\/Rinkinys-Automobiliu-gaiviklis-i-groteles-Kaledine-kolekcija.png\",\"contentUrl\":\"https:\/\/detailspot.lt\/wp-content\/uploads\/2023\/11\/Rinkinys-Automobiliu-gaiviklis-i-groteles-Kaledine-kolekcija.png\",\"width\":627,\"height\":800},{\"@type\":\"BreadcrumbList\",\"@id\":\"https:\/\/detailspot.lt\/en\/produktas\/set-car-grille-freshener-christmas-collection\/#breadcrumb\",\"itemListElement\":[{\"@type\":\"ListItem\",\"position\":1,\"name\":\"Home\",\"item\":\"https:\/\/detailspot.lt\/en\/\"},{\"@type\":\"ListItem\",\"position\":2,\"name\":\"Shop\",\"item\":\"https:\/\/detailspot.lt\/en\/parduotuve\/\"},{\"@type\":\"ListItem\",\"position\":3,\"name\":\"Set: Car Grille Freshener (Christmas Collection)\"}]},{\"@type\":\"WebSite\",\"@id\":\"https:\/\/detailspot.lt\/#website\",\"url\":\"https:\/\/detailspot.lt\/\",\"name\":\"Detail Spot\",\"description\":\"Automobili\u0173 prie\u017ei\u016bros priemon\u0117s\",\"publisher\":{\"@id\":\"https:\/\/detailspot.lt\/#organization\"},\"potentialAction\":[{\"@type\":\"SearchAction\",\"target\":{\"@type\":\"EntryPoint\",\"urlTemplate\":\"https:\/\/detailspot.lt\/?s={search_term_string}\"},\"query-input\":{\"@type\":\"PropertyValueSpecification\",\"valueRequired\":true,\"valueName\":\"search_term_string\"}}],\"inLanguage\":\"en-US\"},{\"@type\":\"Organization\",\"@id\":\"https:\/\/detailspot.lt\/#organization\",\"name\":\"Detail Spot\",\"url\":\"https:\/\/detailspot.lt\/\",\"logo\":{\"@type\":\"ImageObject\",\"inLanguage\":\"en-US\",\"@id\":\"https:\/\/detailspot.lt\/#\/schema\/logo\/image\/\",\"url\":\"https:\/\/detailspot.lt\/wp-content\/uploads\/2022\/10\/logo-original.svg\",\"contentUrl\":\"https:\/\/detailspot.lt\/wp-content\/uploads\/2022\/10\/logo-original.svg\",\"width\":1,\"height\":1,\"caption\":\"Detail Spot\"},\"image\":{\"@id\":\"https:\/\/detailspot.lt\/#\/schema\/logo\/image\/\"},\"sameAs\":[\"https:\/\/www.facebook.com\/profile.php?id=100039208338156\"]}]}<\/script>\n<!-- \/ Yoast SEO plugin. -->","yoast_head_json":{"title":"Set: Car Grille Freshener (Christmas Collection) - Detail Spot","description":"Luxury and exclusivity are the hallmarks of the Aromatic -89- set of air freshener and 12 popular fragrances for your car.","robots":{"index":"index","follow":"follow","max-snippet":"max-snippet:-1","max-image-preview":"max-image-preview:large","max-video-preview":"max-video-preview:-1"},"canonical":"https:\/\/detailspot.lt\/en\/produktas\/set-car-grille-freshener-christmas-collection\/","og_locale":"en_US","og_type":"article","og_title":"Set: Car Grille Freshener (Christmas Collection) - Detail Spot","og_description":"Luxury and exclusivity are the hallmarks of the Aromatic -89- set of air freshener and 12 popular fragrances for your car.","og_url":"https:\/\/detailspot.lt\/en\/produktas\/set-car-grille-freshener-christmas-collection\/","og_site_name":"Detail Spot","article_publisher":"https:\/\/www.facebook.com\/profile.php?id=100039208338156","og_image":[{"width":627,"height":800,"url":"https:\/\/detailspot.lt\/wp-content\/uploads\/2023\/11\/Rinkinys-Automobiliu-gaiviklis-i-groteles-Kaledine-kolekcija.png","type":"image\/png"}],"twitter_card":"summary_large_image","twitter_misc":{"Est. reading time":"1 minute"},"schema":{"@context":"https:\/\/schema.org","@graph":[{"@type":"WebPage","@id":"https:\/\/detailspot.lt\/en\/produktas\/set-car-grille-freshener-christmas-collection\/","url":"https:\/\/detailspot.lt\/en\/produktas\/set-car-grille-freshener-christmas-collection\/","name":"Set: Car Grille Freshener (Christmas Collection) - Detail Spot","isPartOf":{"@id":"https:\/\/detailspot.lt\/#website"},"primaryImageOfPage":{"@id":"https:\/\/detailspot.lt\/en\/produktas\/set-car-grille-freshener-christmas-collection\/#primaryimage"},"image":{"@id":"https:\/\/detailspot.lt\/en\/produktas\/set-car-grille-freshener-christmas-collection\/#primaryimage"},"thumbnailUrl":"https:\/\/detailspot.lt\/wp-content\/uploads\/2023\/11\/Rinkinys-Automobiliu-gaiviklis-i-groteles-Kaledine-kolekcija.png","datePublished":"2023-11-26T19:23:43+00:00","description":"Luxury and exclusivity are the hallmarks of the Aromatic -89- set of air freshener and 12 popular fragrances for your car.","breadcrumb":{"@id":"https:\/\/detailspot.lt\/en\/produktas\/set-car-grille-freshener-christmas-collection\/#breadcrumb"},"inLanguage":"en-US","potentialAction":[{"@type":"ReadAction","target":["https:\/\/detailspot.lt\/en\/produktas\/set-car-grille-freshener-christmas-collection\/"]}]},{"@type":"ImageObject","inLanguage":"en-US","@id":"https:\/\/detailspot.lt\/en\/produktas\/set-car-grille-freshener-christmas-collection\/#primaryimage","url":"https:\/\/detailspot.lt\/wp-content\/uploads\/2023\/11\/Rinkinys-Automobiliu-gaiviklis-i-groteles-Kaledine-kolekcija.png","contentUrl":"https:\/\/detailspot.lt\/wp-content\/uploads\/2023\/11\/Rinkinys-Automobiliu-gaiviklis-i-groteles-Kaledine-kolekcija.png","width":627,"height":800},{"@type":"BreadcrumbList","@id":"https:\/\/detailspot.lt\/en\/produktas\/set-car-grille-freshener-christmas-collection\/#breadcrumb","itemListElement":[{"@type":"ListItem","position":1,"name":"Home","item":"https:\/\/detailspot.lt\/en\/"},{"@type":"ListItem","position":2,"name":"Shop","item":"https:\/\/detailspot.lt\/en\/parduotuve\/"},{"@type":"ListItem","position":3,"name":"Set: Car Grille Freshener (Christmas Collection)"}]},{"@type":"WebSite","@id":"https:\/\/detailspot.lt\/#website","url":"https:\/\/detailspot.lt\/","name":"Detail Spot","description":"Automobili\u0173 prie\u017ei\u016bros priemon\u0117s","publisher":{"@id":"https:\/\/detailspot.lt\/#organization"},"potentialAction":[{"@type":"SearchAction","target":{"@type":"EntryPoint","urlTemplate":"https:\/\/detailspot.lt\/?s={search_term_string}"},"query-input":{"@type":"PropertyValueSpecification","valueRequired":true,"valueName":"search_term_string"}}],"inLanguage":"en-US"},{"@type":"Organization","@id":"https:\/\/detailspot.lt\/#organization","name":"Detail Spot","url":"https:\/\/detailspot.lt\/","logo":{"@type":"ImageObject","inLanguage":"en-US","@id":"https:\/\/detailspot.lt\/#\/schema\/logo\/image\/","url":"https:\/\/detailspot.lt\/wp-content\/uploads\/2022\/10\/logo-original.svg","contentUrl":"https:\/\/detailspot.lt\/wp-content\/uploads\/2022\/10\/logo-original.svg","width":1,"height":1,"caption":"Detail Spot"},"image":{"@id":"https:\/\/detailspot.lt\/#\/schema\/logo\/image\/"},"sameAs":["https:\/\/www.facebook.com\/profile.php?id=100039208338156"]}]}},"_links":{"self":[{"href":"https:\/\/detailspot.lt\/en\/wp-json\/wp\/v2\/product\/6047","targetHints":{"allow":["GET"]}}],"collection":[{"href":"https:\/\/detailspot.lt\/en\/wp-json\/wp\/v2\/product"}],"about":[{"href":"https:\/\/detailspot.lt\/en\/wp-json\/wp\/v2\/types\/product"}],"replies":[{"embeddable":true,"href":"https:\/\/detailspot.lt\/en\/wp-json\/wp\/v2\/comments?post=6047"}],"wp:featuredmedia":[{"embeddable":true,"href":"https:\/\/detailspot.lt\/en\/wp-json\/wp\/v2\/media\/5897"}],"wp:attachment":[{"href":"https:\/\/detailspot.lt\/en\/wp-json\/wp\/v2\/media?parent=6047"}],"wp:term":[{"taxonomy":"product_brand","embeddable":true,"href":"https:\/\/detailspot.lt\/en\/wp-json\/wp\/v2\/product_brand?post=6047"},{"taxonomy":"product_cat","embeddable":true,"href":"https:\/\/detailspot.lt\/en\/wp-json\/wp\/v2\/product_cat?post=6047"},{"taxonomy":"product_tag","embeddable":true,"href":"https:\/\/detailspot.lt\/en\/wp-json\/wp\/v2\/product_tag?post=6047"}],"curies":[{"name":"wp","href":"https:\/\/api.w.org\/{rel}","templated":true}]}}