{"id":6021,"date":"2023-12-08T23:22:58","date_gmt":"2023-12-08T21:22:58","guid":{"rendered":"https:\/\/detailspot.lt\/produktas\/hanging-paper-air-freshener-for-car\/"},"modified":"2024-01-01T23:00:30","modified_gmt":"2024-01-01T21:00:30","slug":"hanging-paper-air-freshener-for-car","status":"publish","type":"product","link":"https:\/\/detailspot.lt\/en\/produktas\/hanging-paper-air-freshener-for-car\/","title":{"rendered":"Hanging Paper Air Freshener for car"},"content":{"rendered":"<h1>Hanging Paper Air Freshener for car<\/h1>\n<p>Every thought, every story, every event was first and foremost captured on a piece of paper, just like the scent compositions we selected. The paper air freshener is enriched with luxurious fragrance notes that last up to 20 days! The fresheners can be hung on the mirror, so they not only delight the eye with their uniqueness, but also pamper you with the brightest scents. More intense scents are detected when there is more air movement in the car. The preparation of the hanging air freshener is very simple &#8211; you will need to open the bag through the indicated space on the packaging, pull the scent out by the cord and hang it on the mirror. Please note that the product should be removed carefully and without haste to avoid any contact with other surfaces. Now that the air freshener is already hanging on your mirror and delighting you with its fragrance, all you have to do is get comfortable in the driver&#8217;s seat and start your new journey from the start!<\/p>\n<p><strong>A brief introduction to the hanging paper air freshener:<\/strong><br \/>\nConcentrated odour<br \/>\nPaper, single-use<br \/>\nMore intense odours with air movement<br \/>\nStrong and long-lasting odours for up to 20 days<br \/>\nPacked in black packaging<br \/>\nMade in Lithuania.<\/p>\n<p>&nbsp;<\/p>\n<p>&nbsp;<\/p>\n<p style=\"text-align: center;\"><img loading=\"lazy\" decoding=\"async\" class=\"alignnone size-full wp-image-5763\" src=\"https:\/\/detailspot.lt\/wp-content\/uploads\/2023\/11\/Aromatic89-logo.png\" alt=\"\" width=\"240\" height=\"35\" srcset=\"https:\/\/detailspot.lt\/wp-content\/uploads\/2023\/11\/Aromatic89-logo.png 240w, https:\/\/detailspot.lt\/wp-content\/uploads\/2023\/11\/Aromatic89-logo-64x9.png 64w\" sizes=\"auto, (max-width: 240px) 100vw, 240px\" \/><\/p>\n","protected":false},"excerpt":{"rendered":"<p>Hanging Paper Air Freshener for car Every thought, every story, every event was first and foremost captured on a piece of paper, just like the scent compositions we selected. The paper air freshener is enriched with luxurious fragrance notes that last up to 20 days! The fresheners can be hung on the mirror, so they&hellip;<\/p>\n","protected":false},"featured_media":5933,"comment_status":"closed","ping_status":"closed","template":"","meta":[],"product_brand":[],"product_cat":[165,166,190],"product_tag":[],"class_list":{"0":"post-6021","1":"product","2":"type-product","3":"status-publish","4":"has-post-thumbnail","6":"product_cat-interior","7":"product_cat-perfumes","8":"product_cat-special-offer-en","9":"description-off","11":"first","12":"instock","13":"sale","14":"taxable","15":"shipping-taxable","16":"purchasable","17":"product-type-variable"},"yoast_head":"<!-- This site is optimized with the Yoast SEO plugin v27.2 - https:\/\/yoast.com\/product\/yoast-seo-wordpress\/ -->\n<title>Hanging Paper Air Freshener for car - Detail Spot<\/title>\n<meta name=\"description\" content=\"Every thought, every story, every event was first and foremost captured on a piece of paper, just like the scent compositions we selected.\" \/>\n<meta name=\"robots\" content=\"index, follow, max-snippet:-1, max-image-preview:large, max-video-preview:-1\" \/>\n<link rel=\"canonical\" href=\"https:\/\/detailspot.lt\/en\/produktas\/hanging-paper-air-freshener-for-car\/\" \/>\n<meta property=\"og:locale\" content=\"en_US\" \/>\n<meta property=\"og:type\" content=\"article\" \/>\n<meta property=\"og:title\" content=\"Hanging Paper Air Freshener for car - Detail Spot\" \/>\n<meta property=\"og:description\" content=\"Every thought, every story, every event was first and foremost captured on a piece of paper, just like the scent compositions we selected.\" \/>\n<meta property=\"og:url\" content=\"https:\/\/detailspot.lt\/en\/produktas\/hanging-paper-air-freshener-for-car\/\" \/>\n<meta property=\"og:site_name\" content=\"Detail Spot\" \/>\n<meta property=\"article:publisher\" content=\"https:\/\/www.facebook.com\/profile.php?id=100039208338156\" \/>\n<meta property=\"article:modified_time\" content=\"2024-01-01T21:00:30+00:00\" \/>\n<meta property=\"og:image\" content=\"https:\/\/detailspot.lt\/wp-content\/uploads\/2023\/12\/kvapai-automobiliui.jpg\" \/>\n\t<meta property=\"og:image:width\" content=\"1000\" \/>\n\t<meta property=\"og:image:height\" content=\"1000\" \/>\n\t<meta property=\"og:image:type\" content=\"image\/jpeg\" \/>\n<meta name=\"twitter:card\" content=\"summary_large_image\" \/>\n<meta name=\"twitter:label1\" content=\"Est. reading time\" \/>\n\t<meta name=\"twitter:data1\" content=\"1 minute\" \/>\n<script type=\"application\/ld+json\" class=\"yoast-schema-graph\">{\"@context\":\"https:\/\/schema.org\",\"@graph\":[{\"@type\":\"WebPage\",\"@id\":\"https:\/\/detailspot.lt\/en\/produktas\/hanging-paper-air-freshener-for-car\/\",\"url\":\"https:\/\/detailspot.lt\/en\/produktas\/hanging-paper-air-freshener-for-car\/\",\"name\":\"Hanging Paper Air Freshener for car - Detail Spot\",\"isPartOf\":{\"@id\":\"https:\/\/detailspot.lt\/#website\"},\"primaryImageOfPage\":{\"@id\":\"https:\/\/detailspot.lt\/en\/produktas\/hanging-paper-air-freshener-for-car\/#primaryimage\"},\"image\":{\"@id\":\"https:\/\/detailspot.lt\/en\/produktas\/hanging-paper-air-freshener-for-car\/#primaryimage\"},\"thumbnailUrl\":\"https:\/\/detailspot.lt\/wp-content\/uploads\/2023\/12\/kvapai-automobiliui.jpg\",\"datePublished\":\"2023-12-08T21:22:58+00:00\",\"dateModified\":\"2024-01-01T21:00:30+00:00\",\"description\":\"Every thought, every story, every event was first and foremost captured on a piece of paper, just like the scent compositions we selected.\",\"breadcrumb\":{\"@id\":\"https:\/\/detailspot.lt\/en\/produktas\/hanging-paper-air-freshener-for-car\/#breadcrumb\"},\"inLanguage\":\"en-US\",\"potentialAction\":[{\"@type\":\"ReadAction\",\"target\":[\"https:\/\/detailspot.lt\/en\/produktas\/hanging-paper-air-freshener-for-car\/\"]}]},{\"@type\":\"ImageObject\",\"inLanguage\":\"en-US\",\"@id\":\"https:\/\/detailspot.lt\/en\/produktas\/hanging-paper-air-freshener-for-car\/#primaryimage\",\"url\":\"https:\/\/detailspot.lt\/wp-content\/uploads\/2023\/12\/kvapai-automobiliui.jpg\",\"contentUrl\":\"https:\/\/detailspot.lt\/wp-content\/uploads\/2023\/12\/kvapai-automobiliui.jpg\",\"width\":1000,\"height\":1000},{\"@type\":\"BreadcrumbList\",\"@id\":\"https:\/\/detailspot.lt\/en\/produktas\/hanging-paper-air-freshener-for-car\/#breadcrumb\",\"itemListElement\":[{\"@type\":\"ListItem\",\"position\":1,\"name\":\"Home\",\"item\":\"https:\/\/detailspot.lt\/en\/\"},{\"@type\":\"ListItem\",\"position\":2,\"name\":\"Shop\",\"item\":\"https:\/\/detailspot.lt\/en\/parduotuve\/\"},{\"@type\":\"ListItem\",\"position\":3,\"name\":\"Hanging Paper Air Freshener for car\"}]},{\"@type\":\"WebSite\",\"@id\":\"https:\/\/detailspot.lt\/#website\",\"url\":\"https:\/\/detailspot.lt\/\",\"name\":\"Detail Spot\",\"description\":\"Automobili\u0173 prie\u017ei\u016bros priemon\u0117s\",\"publisher\":{\"@id\":\"https:\/\/detailspot.lt\/#organization\"},\"potentialAction\":[{\"@type\":\"SearchAction\",\"target\":{\"@type\":\"EntryPoint\",\"urlTemplate\":\"https:\/\/detailspot.lt\/?s={search_term_string}\"},\"query-input\":{\"@type\":\"PropertyValueSpecification\",\"valueRequired\":true,\"valueName\":\"search_term_string\"}}],\"inLanguage\":\"en-US\"},{\"@type\":\"Organization\",\"@id\":\"https:\/\/detailspot.lt\/#organization\",\"name\":\"Detail Spot\",\"url\":\"https:\/\/detailspot.lt\/\",\"logo\":{\"@type\":\"ImageObject\",\"inLanguage\":\"en-US\",\"@id\":\"https:\/\/detailspot.lt\/#\/schema\/logo\/image\/\",\"url\":\"https:\/\/detailspot.lt\/wp-content\/uploads\/2022\/10\/logo-original.svg\",\"contentUrl\":\"https:\/\/detailspot.lt\/wp-content\/uploads\/2022\/10\/logo-original.svg\",\"width\":1,\"height\":1,\"caption\":\"Detail Spot\"},\"image\":{\"@id\":\"https:\/\/detailspot.lt\/#\/schema\/logo\/image\/\"},\"sameAs\":[\"https:\/\/www.facebook.com\/profile.php?id=100039208338156\"]}]}<\/script>\n<!-- \/ Yoast SEO plugin. -->","yoast_head_json":{"title":"Hanging Paper Air Freshener for car - Detail Spot","description":"Every thought, every story, every event was first and foremost captured on a piece of paper, just like the scent compositions we selected.","robots":{"index":"index","follow":"follow","max-snippet":"max-snippet:-1","max-image-preview":"max-image-preview:large","max-video-preview":"max-video-preview:-1"},"canonical":"https:\/\/detailspot.lt\/en\/produktas\/hanging-paper-air-freshener-for-car\/","og_locale":"en_US","og_type":"article","og_title":"Hanging Paper Air Freshener for car - Detail Spot","og_description":"Every thought, every story, every event was first and foremost captured on a piece of paper, just like the scent compositions we selected.","og_url":"https:\/\/detailspot.lt\/en\/produktas\/hanging-paper-air-freshener-for-car\/","og_site_name":"Detail Spot","article_publisher":"https:\/\/www.facebook.com\/profile.php?id=100039208338156","article_modified_time":"2024-01-01T21:00:30+00:00","og_image":[{"width":1000,"height":1000,"url":"https:\/\/detailspot.lt\/wp-content\/uploads\/2023\/12\/kvapai-automobiliui.jpg","type":"image\/jpeg"}],"twitter_card":"summary_large_image","twitter_misc":{"Est. reading time":"1 minute"},"schema":{"@context":"https:\/\/schema.org","@graph":[{"@type":"WebPage","@id":"https:\/\/detailspot.lt\/en\/produktas\/hanging-paper-air-freshener-for-car\/","url":"https:\/\/detailspot.lt\/en\/produktas\/hanging-paper-air-freshener-for-car\/","name":"Hanging Paper Air Freshener for car - Detail Spot","isPartOf":{"@id":"https:\/\/detailspot.lt\/#website"},"primaryImageOfPage":{"@id":"https:\/\/detailspot.lt\/en\/produktas\/hanging-paper-air-freshener-for-car\/#primaryimage"},"image":{"@id":"https:\/\/detailspot.lt\/en\/produktas\/hanging-paper-air-freshener-for-car\/#primaryimage"},"thumbnailUrl":"https:\/\/detailspot.lt\/wp-content\/uploads\/2023\/12\/kvapai-automobiliui.jpg","datePublished":"2023-12-08T21:22:58+00:00","dateModified":"2024-01-01T21:00:30+00:00","description":"Every thought, every story, every event was first and foremost captured on a piece of paper, just like the scent compositions we selected.","breadcrumb":{"@id":"https:\/\/detailspot.lt\/en\/produktas\/hanging-paper-air-freshener-for-car\/#breadcrumb"},"inLanguage":"en-US","potentialAction":[{"@type":"ReadAction","target":["https:\/\/detailspot.lt\/en\/produktas\/hanging-paper-air-freshener-for-car\/"]}]},{"@type":"ImageObject","inLanguage":"en-US","@id":"https:\/\/detailspot.lt\/en\/produktas\/hanging-paper-air-freshener-for-car\/#primaryimage","url":"https:\/\/detailspot.lt\/wp-content\/uploads\/2023\/12\/kvapai-automobiliui.jpg","contentUrl":"https:\/\/detailspot.lt\/wp-content\/uploads\/2023\/12\/kvapai-automobiliui.jpg","width":1000,"height":1000},{"@type":"BreadcrumbList","@id":"https:\/\/detailspot.lt\/en\/produktas\/hanging-paper-air-freshener-for-car\/#breadcrumb","itemListElement":[{"@type":"ListItem","position":1,"name":"Home","item":"https:\/\/detailspot.lt\/en\/"},{"@type":"ListItem","position":2,"name":"Shop","item":"https:\/\/detailspot.lt\/en\/parduotuve\/"},{"@type":"ListItem","position":3,"name":"Hanging Paper Air Freshener for car"}]},{"@type":"WebSite","@id":"https:\/\/detailspot.lt\/#website","url":"https:\/\/detailspot.lt\/","name":"Detail Spot","description":"Automobili\u0173 prie\u017ei\u016bros priemon\u0117s","publisher":{"@id":"https:\/\/detailspot.lt\/#organization"},"potentialAction":[{"@type":"SearchAction","target":{"@type":"EntryPoint","urlTemplate":"https:\/\/detailspot.lt\/?s={search_term_string}"},"query-input":{"@type":"PropertyValueSpecification","valueRequired":true,"valueName":"search_term_string"}}],"inLanguage":"en-US"},{"@type":"Organization","@id":"https:\/\/detailspot.lt\/#organization","name":"Detail Spot","url":"https:\/\/detailspot.lt\/","logo":{"@type":"ImageObject","inLanguage":"en-US","@id":"https:\/\/detailspot.lt\/#\/schema\/logo\/image\/","url":"https:\/\/detailspot.lt\/wp-content\/uploads\/2022\/10\/logo-original.svg","contentUrl":"https:\/\/detailspot.lt\/wp-content\/uploads\/2022\/10\/logo-original.svg","width":1,"height":1,"caption":"Detail Spot"},"image":{"@id":"https:\/\/detailspot.lt\/#\/schema\/logo\/image\/"},"sameAs":["https:\/\/www.facebook.com\/profile.php?id=100039208338156"]}]}},"_links":{"self":[{"href":"https:\/\/detailspot.lt\/en\/wp-json\/wp\/v2\/product\/6021","targetHints":{"allow":["GET"]}}],"collection":[{"href":"https:\/\/detailspot.lt\/en\/wp-json\/wp\/v2\/product"}],"about":[{"href":"https:\/\/detailspot.lt\/en\/wp-json\/wp\/v2\/types\/product"}],"replies":[{"embeddable":true,"href":"https:\/\/detailspot.lt\/en\/wp-json\/wp\/v2\/comments?post=6021"}],"wp:featuredmedia":[{"embeddable":true,"href":"https:\/\/detailspot.lt\/en\/wp-json\/wp\/v2\/media\/5933"}],"wp:attachment":[{"href":"https:\/\/detailspot.lt\/en\/wp-json\/wp\/v2\/media?parent=6021"}],"wp:term":[{"taxonomy":"product_brand","embeddable":true,"href":"https:\/\/detailspot.lt\/en\/wp-json\/wp\/v2\/product_brand?post=6021"},{"taxonomy":"product_cat","embeddable":true,"href":"https:\/\/detailspot.lt\/en\/wp-json\/wp\/v2\/product_cat?post=6021"},{"taxonomy":"product_tag","embeddable":true,"href":"https:\/\/detailspot.lt\/en\/wp-json\/wp\/v2\/product_tag?post=6021"}],"curies":[{"name":"wp","href":"https:\/\/api.w.org\/{rel}","templated":true}]}}