{"id":6018,"date":"2023-12-09T22:12:45","date_gmt":"2023-12-09T20:12:45","guid":{"rendered":"https:\/\/detailspot.lt\/produktas\/perfumed-car-surface-cleaner\/"},"modified":"2023-12-09T22:12:45","modified_gmt":"2023-12-09T20:12:45","slug":"perfumed-car-surface-cleaner","status":"publish","type":"product","link":"https:\/\/detailspot.lt\/en\/produktas\/perfumed-car-surface-cleaner\/","title":{"rendered":"Perfumed car surface cleaner"},"content":{"rendered":"<h1 class=\"product_title\">Perfumed car surface cleaner<\/h1>\n<div class=\"price_and_rating\">\n<p>This <span lang=\"LT\">high-quality car s<\/span>urface cleaner <span lang=\"LT\">not only removes<\/span> dirt, grease, dirt or liquids, <span lang=\"LT\">but also enriches the interior with a unique play of fragrances<\/span>.The product is characterised by the fact that it cleans easily and without damaging the surface, and it dries quickly, without leaving any grease or cleaning marks. <span lang=\"LT\">After cleaning the car interior<\/span>, you won&#8217;t need to <span lang=\"LT\">further<\/span> clean with a dry cloth<span lang=\"LT\">. After the cleaning, you&#8217;ll notice that dust is less likely to accumulate on the cleaned surfaces and is easier to clean. <\/span>The cleanser is non-irritating to sensitive skin and environmentally friendly<span lang=\"LT\">. N<\/span>when used, it should be sprayed 20-30 cm from the surface to be cleaned. Long-lasting cleanliness and aromatic freshness can be <span lang=\"LT\">enjoyed every time you get in your car and set off on a new journey<\/span>!<\/p>\n<p><span lang=\"LT\"><b>Features:<\/b><\/span><\/p>\n<ol>\n<li>Effectively removes dirt left behind by grease, dirt or liquids<\/li>\n<li>Does not damage the surface and leaves no grease or cleaning marks<\/li>\n<li>Non-irritating to sensitive skin and environmentally friendly<\/li>\n<li>It has a distinctive, luxurious aroma<\/li>\n<li>Bottle Capacity &#8211; 100 ml<\/li>\n<\/ol>\n<\/div>\n<p style=\"text-align: center;\"><img loading=\"lazy\" decoding=\"async\" class=\"alignnone size-full wp-image-5763\" src=\"https:\/\/detailspot.lt\/wp-content\/uploads\/2023\/11\/Aromatic89-logo.png\" alt=\"\" width=\"240\" height=\"35\" srcset=\"https:\/\/detailspot.lt\/wp-content\/uploads\/2023\/11\/Aromatic89-logo.png 240w, https:\/\/detailspot.lt\/wp-content\/uploads\/2023\/11\/Aromatic89-logo-64x9.png 64w\" sizes=\"auto, (max-width: 240px) 100vw, 240px\" \/><\/p>\n","protected":false},"excerpt":{"rendered":"<p>Perfumed car surface cleaner This high-quality car surface cleaner not only removes dirt, grease, dirt or liquids, but also enriches the interior with a unique play of fragrances.The product is characterised by the fact that it cleans easily and without damaging the surface, and it dries quickly, without leaving any grease or cleaning marks. After&hellip;<\/p>\n","protected":false},"featured_media":5968,"comment_status":"closed","ping_status":"closed","template":"","meta":[],"product_brand":[],"product_cat":[165,168],"product_tag":[],"class_list":{"0":"post-6018","1":"product","2":"type-product","3":"status-publish","4":"has-post-thumbnail","6":"product_cat-interior","7":"product_cat-plastics-and-textiles","8":"description-off","10":"first","11":"instock","12":"taxable","13":"shipping-taxable","14":"purchasable","15":"product-type-variable"},"yoast_head":"<!-- This site is optimized with the Yoast SEO plugin v27.4 - https:\/\/yoast.com\/product\/yoast-seo-wordpress\/ -->\n<title>Perfumed car surface cleaner - Detail Spot<\/title>\n<meta name=\"description\" content=\"The high-quality car surface cleaner not only removes dirt or liquid grime, but also enriches the interior with exquisite fragrances.\" \/>\n<meta name=\"robots\" content=\"index, follow, max-snippet:-1, max-image-preview:large, max-video-preview:-1\" \/>\n<link rel=\"canonical\" href=\"https:\/\/detailspot.lt\/en\/produktas\/perfumed-car-surface-cleaner\/\" \/>\n<meta property=\"og:locale\" content=\"en_US\" \/>\n<meta property=\"og:type\" content=\"article\" \/>\n<meta property=\"og:title\" content=\"Perfumed car surface cleaner - Detail Spot\" \/>\n<meta property=\"og:description\" content=\"The high-quality car surface cleaner not only removes dirt or liquid grime, but also enriches the interior with exquisite fragrances.\" \/>\n<meta property=\"og:url\" content=\"https:\/\/detailspot.lt\/en\/produktas\/perfumed-car-surface-cleaner\/\" \/>\n<meta property=\"og:site_name\" content=\"Detail Spot\" \/>\n<meta property=\"article:publisher\" content=\"https:\/\/www.facebook.com\/profile.php?id=100039208338156\" \/>\n<meta property=\"og:image\" content=\"https:\/\/detailspot.lt\/wp-content\/uploads\/2023\/12\/automobiliu-pavirsiu-valiklis.jpg\" \/>\n\t<meta property=\"og:image:width\" content=\"800\" \/>\n\t<meta property=\"og:image:height\" content=\"800\" \/>\n\t<meta property=\"og:image:type\" content=\"image\/jpeg\" \/>\n<meta name=\"twitter:card\" content=\"summary_large_image\" \/>\n<meta name=\"twitter:label1\" content=\"Est. reading time\" \/>\n\t<meta name=\"twitter:data1\" content=\"1 minute\" \/>\n<script type=\"application\/ld+json\" class=\"yoast-schema-graph\">{\"@context\":\"https:\\\/\\\/schema.org\",\"@graph\":[{\"@type\":\"WebPage\",\"@id\":\"https:\\\/\\\/detailspot.lt\\\/en\\\/produktas\\\/perfumed-car-surface-cleaner\\\/\",\"url\":\"https:\\\/\\\/detailspot.lt\\\/en\\\/produktas\\\/perfumed-car-surface-cleaner\\\/\",\"name\":\"Perfumed car surface cleaner - Detail Spot\",\"isPartOf\":{\"@id\":\"https:\\\/\\\/detailspot.lt\\\/#website\"},\"primaryImageOfPage\":{\"@id\":\"https:\\\/\\\/detailspot.lt\\\/en\\\/produktas\\\/perfumed-car-surface-cleaner\\\/#primaryimage\"},\"image\":{\"@id\":\"https:\\\/\\\/detailspot.lt\\\/en\\\/produktas\\\/perfumed-car-surface-cleaner\\\/#primaryimage\"},\"thumbnailUrl\":\"https:\\\/\\\/detailspot.lt\\\/wp-content\\\/uploads\\\/2023\\\/12\\\/automobiliu-pavirsiu-valiklis.jpg\",\"datePublished\":\"2023-12-09T20:12:45+00:00\",\"description\":\"The high-quality car surface cleaner not only removes dirt or liquid grime, but also enriches the interior with exquisite fragrances.\",\"breadcrumb\":{\"@id\":\"https:\\\/\\\/detailspot.lt\\\/en\\\/produktas\\\/perfumed-car-surface-cleaner\\\/#breadcrumb\"},\"inLanguage\":\"en-US\",\"potentialAction\":[{\"@type\":\"ReadAction\",\"target\":[\"https:\\\/\\\/detailspot.lt\\\/en\\\/produktas\\\/perfumed-car-surface-cleaner\\\/\"]}]},{\"@type\":\"ImageObject\",\"inLanguage\":\"en-US\",\"@id\":\"https:\\\/\\\/detailspot.lt\\\/en\\\/produktas\\\/perfumed-car-surface-cleaner\\\/#primaryimage\",\"url\":\"https:\\\/\\\/detailspot.lt\\\/wp-content\\\/uploads\\\/2023\\\/12\\\/automobiliu-pavirsiu-valiklis.jpg\",\"contentUrl\":\"https:\\\/\\\/detailspot.lt\\\/wp-content\\\/uploads\\\/2023\\\/12\\\/automobiliu-pavirsiu-valiklis.jpg\",\"width\":800,\"height\":800},{\"@type\":\"BreadcrumbList\",\"@id\":\"https:\\\/\\\/detailspot.lt\\\/en\\\/produktas\\\/perfumed-car-surface-cleaner\\\/#breadcrumb\",\"itemListElement\":[{\"@type\":\"ListItem\",\"position\":1,\"name\":\"Home\",\"item\":\"https:\\\/\\\/detailspot.lt\\\/en\\\/\"},{\"@type\":\"ListItem\",\"position\":2,\"name\":\"Shop\",\"item\":\"https:\\\/\\\/detailspot.lt\\\/en\\\/parduotuve\\\/\"},{\"@type\":\"ListItem\",\"position\":3,\"name\":\"Perfumed car surface cleaner\"}]},{\"@type\":\"WebSite\",\"@id\":\"https:\\\/\\\/detailspot.lt\\\/#website\",\"url\":\"https:\\\/\\\/detailspot.lt\\\/\",\"name\":\"Detail Spot\",\"description\":\"Automobili\u0173 prie\u017ei\u016bros priemon\u0117s\",\"publisher\":{\"@id\":\"https:\\\/\\\/detailspot.lt\\\/#organization\"},\"potentialAction\":[{\"@type\":\"SearchAction\",\"target\":{\"@type\":\"EntryPoint\",\"urlTemplate\":\"https:\\\/\\\/detailspot.lt\\\/?s={search_term_string}\"},\"query-input\":{\"@type\":\"PropertyValueSpecification\",\"valueRequired\":true,\"valueName\":\"search_term_string\"}}],\"inLanguage\":\"en-US\"},{\"@type\":\"Organization\",\"@id\":\"https:\\\/\\\/detailspot.lt\\\/#organization\",\"name\":\"Detail Spot\",\"url\":\"https:\\\/\\\/detailspot.lt\\\/\",\"logo\":{\"@type\":\"ImageObject\",\"inLanguage\":\"en-US\",\"@id\":\"https:\\\/\\\/detailspot.lt\\\/#\\\/schema\\\/logo\\\/image\\\/\",\"url\":\"https:\\\/\\\/detailspot.lt\\\/wp-content\\\/uploads\\\/2022\\\/10\\\/logo-original.svg\",\"contentUrl\":\"https:\\\/\\\/detailspot.lt\\\/wp-content\\\/uploads\\\/2022\\\/10\\\/logo-original.svg\",\"width\":1,\"height\":1,\"caption\":\"Detail Spot\"},\"image\":{\"@id\":\"https:\\\/\\\/detailspot.lt\\\/#\\\/schema\\\/logo\\\/image\\\/\"},\"sameAs\":[\"https:\\\/\\\/www.facebook.com\\\/profile.php?id=100039208338156\"]}]}<\/script>\n<!-- \/ Yoast SEO plugin. -->","yoast_head_json":{"title":"Perfumed car surface cleaner - Detail Spot","description":"The high-quality car surface cleaner not only removes dirt or liquid grime, but also enriches the interior with exquisite fragrances.","robots":{"index":"index","follow":"follow","max-snippet":"max-snippet:-1","max-image-preview":"max-image-preview:large","max-video-preview":"max-video-preview:-1"},"canonical":"https:\/\/detailspot.lt\/en\/produktas\/perfumed-car-surface-cleaner\/","og_locale":"en_US","og_type":"article","og_title":"Perfumed car surface cleaner - Detail Spot","og_description":"The high-quality car surface cleaner not only removes dirt or liquid grime, but also enriches the interior with exquisite fragrances.","og_url":"https:\/\/detailspot.lt\/en\/produktas\/perfumed-car-surface-cleaner\/","og_site_name":"Detail Spot","article_publisher":"https:\/\/www.facebook.com\/profile.php?id=100039208338156","og_image":[{"width":800,"height":800,"url":"https:\/\/detailspot.lt\/wp-content\/uploads\/2023\/12\/automobiliu-pavirsiu-valiklis.jpg","type":"image\/jpeg"}],"twitter_card":"summary_large_image","twitter_misc":{"Est. reading time":"1 minute"},"schema":{"@context":"https:\/\/schema.org","@graph":[{"@type":"WebPage","@id":"https:\/\/detailspot.lt\/en\/produktas\/perfumed-car-surface-cleaner\/","url":"https:\/\/detailspot.lt\/en\/produktas\/perfumed-car-surface-cleaner\/","name":"Perfumed car surface cleaner - Detail Spot","isPartOf":{"@id":"https:\/\/detailspot.lt\/#website"},"primaryImageOfPage":{"@id":"https:\/\/detailspot.lt\/en\/produktas\/perfumed-car-surface-cleaner\/#primaryimage"},"image":{"@id":"https:\/\/detailspot.lt\/en\/produktas\/perfumed-car-surface-cleaner\/#primaryimage"},"thumbnailUrl":"https:\/\/detailspot.lt\/wp-content\/uploads\/2023\/12\/automobiliu-pavirsiu-valiklis.jpg","datePublished":"2023-12-09T20:12:45+00:00","description":"The high-quality car surface cleaner not only removes dirt or liquid grime, but also enriches the interior with exquisite fragrances.","breadcrumb":{"@id":"https:\/\/detailspot.lt\/en\/produktas\/perfumed-car-surface-cleaner\/#breadcrumb"},"inLanguage":"en-US","potentialAction":[{"@type":"ReadAction","target":["https:\/\/detailspot.lt\/en\/produktas\/perfumed-car-surface-cleaner\/"]}]},{"@type":"ImageObject","inLanguage":"en-US","@id":"https:\/\/detailspot.lt\/en\/produktas\/perfumed-car-surface-cleaner\/#primaryimage","url":"https:\/\/detailspot.lt\/wp-content\/uploads\/2023\/12\/automobiliu-pavirsiu-valiklis.jpg","contentUrl":"https:\/\/detailspot.lt\/wp-content\/uploads\/2023\/12\/automobiliu-pavirsiu-valiklis.jpg","width":800,"height":800},{"@type":"BreadcrumbList","@id":"https:\/\/detailspot.lt\/en\/produktas\/perfumed-car-surface-cleaner\/#breadcrumb","itemListElement":[{"@type":"ListItem","position":1,"name":"Home","item":"https:\/\/detailspot.lt\/en\/"},{"@type":"ListItem","position":2,"name":"Shop","item":"https:\/\/detailspot.lt\/en\/parduotuve\/"},{"@type":"ListItem","position":3,"name":"Perfumed car surface cleaner"}]},{"@type":"WebSite","@id":"https:\/\/detailspot.lt\/#website","url":"https:\/\/detailspot.lt\/","name":"Detail Spot","description":"Automobili\u0173 prie\u017ei\u016bros priemon\u0117s","publisher":{"@id":"https:\/\/detailspot.lt\/#organization"},"potentialAction":[{"@type":"SearchAction","target":{"@type":"EntryPoint","urlTemplate":"https:\/\/detailspot.lt\/?s={search_term_string}"},"query-input":{"@type":"PropertyValueSpecification","valueRequired":true,"valueName":"search_term_string"}}],"inLanguage":"en-US"},{"@type":"Organization","@id":"https:\/\/detailspot.lt\/#organization","name":"Detail Spot","url":"https:\/\/detailspot.lt\/","logo":{"@type":"ImageObject","inLanguage":"en-US","@id":"https:\/\/detailspot.lt\/#\/schema\/logo\/image\/","url":"https:\/\/detailspot.lt\/wp-content\/uploads\/2022\/10\/logo-original.svg","contentUrl":"https:\/\/detailspot.lt\/wp-content\/uploads\/2022\/10\/logo-original.svg","width":1,"height":1,"caption":"Detail Spot"},"image":{"@id":"https:\/\/detailspot.lt\/#\/schema\/logo\/image\/"},"sameAs":["https:\/\/www.facebook.com\/profile.php?id=100039208338156"]}]}},"_links":{"self":[{"href":"https:\/\/detailspot.lt\/en\/wp-json\/wp\/v2\/product\/6018","targetHints":{"allow":["GET"]}}],"collection":[{"href":"https:\/\/detailspot.lt\/en\/wp-json\/wp\/v2\/product"}],"about":[{"href":"https:\/\/detailspot.lt\/en\/wp-json\/wp\/v2\/types\/product"}],"replies":[{"embeddable":true,"href":"https:\/\/detailspot.lt\/en\/wp-json\/wp\/v2\/comments?post=6018"}],"wp:featuredmedia":[{"embeddable":true,"href":"https:\/\/detailspot.lt\/en\/wp-json\/wp\/v2\/media\/5968"}],"wp:attachment":[{"href":"https:\/\/detailspot.lt\/en\/wp-json\/wp\/v2\/media?parent=6018"}],"wp:term":[{"taxonomy":"product_brand","embeddable":true,"href":"https:\/\/detailspot.lt\/en\/wp-json\/wp\/v2\/product_brand?post=6018"},{"taxonomy":"product_cat","embeddable":true,"href":"https:\/\/detailspot.lt\/en\/wp-json\/wp\/v2\/product_cat?post=6018"},{"taxonomy":"product_tag","embeddable":true,"href":"https:\/\/detailspot.lt\/en\/wp-json\/wp\/v2\/product_tag?post=6018"}],"curies":[{"name":"wp","href":"https:\/\/api.w.org\/{rel}","templated":true}]}}