{"id":6016,"date":"2023-12-20T08:12:47","date_gmt":"2023-12-20T06:12:47","guid":{"rendered":"https:\/\/detailspot.lt\/produktas\/poka-premium-detailing-tray-pro-working-tool-trolley\/"},"modified":"2023-12-27T21:23:33","modified_gmt":"2023-12-27T19:23:33","slug":"poka-premium-detailing-tray-pro-working-tool-trolley","status":"publish","type":"product","link":"https:\/\/detailspot.lt\/en\/produktas\/poka-premium-detailing-tray-pro-working-tool-trolley\/","title":{"rendered":"Poka Premium Detailing Tray PRO Working tool trolley"},"content":{"rendered":"<div id=\"heading2\">\n<h1>Poka Premium Detailing Tray PRO Working tool trolley<\/h1>\n<\/div>\n<div class=\"clear\">\n<p>To make all your aesthetic work faster and more comfortable, you need to feel comfortable in your studio, and Poka Premium tools will help you do that To keep all the tools you need for your work close at hand, the Poka Premium Detailing Tray PRO comes to the rescue. Save time while you work by keeping your tools neat and handy at all times.<\/p>\n<p><strong>Characteristics:<\/strong><\/p>\n<ol>\n<li>Height 80cm<\/li>\n<li>Width 40cm<\/li>\n<li>Length 50cm<\/li>\n<li>Laser cut from 1,5mm metal<\/li>\n<li>Powder coated<\/li>\n<li>With rubber wheels<\/li>\n<\/ol>\n<p><strong>Tray equipment:<\/strong><\/p>\n<ol>\n<li>3 shelves for instruments 40x50cm<\/li>\n<li>4 places for polishing machines<\/li>\n<li>5 holes for brushes<\/li>\n<li>2 holes for nano ceramic bottles 43mm diameter<\/li>\n<li>2 spaces for hanging bottles<\/li>\n<li>4 swivel castors with rubber surface 50mm diameter<\/li>\n<li>Marked areas &#8216;1&#8217; and &#8216;2&#8217; for the separation of microfibre cloths, pads, pastes for primary and secondary stages or other function<\/li>\n<\/ol>\n<\/div>\n<p style=\"text-align: center;\"><img loading=\"lazy\" decoding=\"async\" class=\"alignnone size-full wp-image-2643\" src=\"https:\/\/detailspot.lt\/wp-content\/uploads\/2022\/12\/Poka_logo.jpg\" alt=\"\" width=\"190\" height=\"276\" srcset=\"https:\/\/detailspot.lt\/wp-content\/uploads\/2022\/12\/Poka_logo.jpg 190w, https:\/\/detailspot.lt\/wp-content\/uploads\/2022\/12\/Poka_logo-64x93.jpg 64w\" sizes=\"auto, (max-width: 190px) 100vw, 190px\" \/><\/p>\n","protected":false},"excerpt":{"rendered":"<p>Poka Premium Detailing Tray PRO Working tool trolley To make all your aesthetic work faster and more comfortable, you need to feel comfortable in your studio, and Poka Premium tools will help you do that To keep all the tools you need for your work close at hand, the Poka Premium Detailing Tray PRO comes&hellip;<\/p>\n","protected":false},"featured_media":6008,"comment_status":"closed","ping_status":"closed","template":"","meta":[],"product_brand":[],"product_cat":[182,179],"product_tag":[],"class_list":{"0":"post-6016","1":"product","2":"type-product","3":"status-publish","4":"has-post-thumbnail","6":"product_cat-poka-premium-en","7":"product_cat-tools","8":"description-off","10":"first","11":"instock","12":"sale","13":"taxable","14":"shipping-taxable","15":"purchasable","16":"product-type-simple"},"yoast_head":"<!-- This site is optimized with the Yoast SEO plugin v27.5 - https:\/\/yoast.com\/product\/yoast-seo-wordpress\/ -->\n<title>Poka Premium Detailing Tray PRO Working tool trolley - Detail Spot<\/title>\n<meta name=\"description\" content=\"To make all your aesthetic work faster and more comfortable, you need to feel comfortable in your studio, and Poka Premium tools will help you do that\" \/>\n<meta name=\"robots\" content=\"index, follow, max-snippet:-1, max-image-preview:large, max-video-preview:-1\" \/>\n<link rel=\"canonical\" href=\"https:\/\/detailspot.lt\/en\/produktas\/poka-premium-detailing-tray-pro-working-tool-trolley\/\" \/>\n<meta property=\"og:locale\" content=\"en_US\" \/>\n<meta property=\"og:type\" content=\"article\" \/>\n<meta property=\"og:title\" content=\"Poka Premium Detailing Tray PRO Working tool trolley - Detail Spot\" \/>\n<meta property=\"og:description\" content=\"To make all your aesthetic work faster and more comfortable, you need to feel comfortable in your studio, and Poka Premium tools will help you do that\" \/>\n<meta property=\"og:url\" content=\"https:\/\/detailspot.lt\/en\/produktas\/poka-premium-detailing-tray-pro-working-tool-trolley\/\" \/>\n<meta property=\"og:site_name\" content=\"Detail Spot\" \/>\n<meta property=\"article:publisher\" content=\"https:\/\/www.facebook.com\/profile.php?id=100039208338156\" \/>\n<meta property=\"article:modified_time\" content=\"2023-12-27T19:23:33+00:00\" \/>\n<meta property=\"og:image\" content=\"https:\/\/detailspot.lt\/wp-content\/uploads\/2023\/12\/poka-premium-detailing-tray-pro-6-1.jpg\" \/>\n\t<meta property=\"og:image:width\" content=\"582\" \/>\n\t<meta property=\"og:image:height\" content=\"582\" \/>\n\t<meta property=\"og:image:type\" content=\"image\/jpeg\" \/>\n<meta name=\"twitter:card\" content=\"summary_large_image\" \/>\n<meta name=\"twitter:label1\" content=\"Est. reading time\" \/>\n\t<meta name=\"twitter:data1\" content=\"1 minute\" \/>\n<script type=\"application\/ld+json\" class=\"yoast-schema-graph\">{\"@context\":\"https:\\\/\\\/schema.org\",\"@graph\":[{\"@type\":\"WebPage\",\"@id\":\"https:\\\/\\\/detailspot.lt\\\/en\\\/produktas\\\/poka-premium-detailing-tray-pro-working-tool-trolley\\\/\",\"url\":\"https:\\\/\\\/detailspot.lt\\\/en\\\/produktas\\\/poka-premium-detailing-tray-pro-working-tool-trolley\\\/\",\"name\":\"Poka Premium Detailing Tray PRO Working tool trolley - Detail Spot\",\"isPartOf\":{\"@id\":\"https:\\\/\\\/detailspot.lt\\\/#website\"},\"primaryImageOfPage\":{\"@id\":\"https:\\\/\\\/detailspot.lt\\\/en\\\/produktas\\\/poka-premium-detailing-tray-pro-working-tool-trolley\\\/#primaryimage\"},\"image\":{\"@id\":\"https:\\\/\\\/detailspot.lt\\\/en\\\/produktas\\\/poka-premium-detailing-tray-pro-working-tool-trolley\\\/#primaryimage\"},\"thumbnailUrl\":\"https:\\\/\\\/detailspot.lt\\\/wp-content\\\/uploads\\\/2023\\\/12\\\/poka-premium-detailing-tray-pro-6-1.jpg\",\"datePublished\":\"2023-12-20T06:12:47+00:00\",\"dateModified\":\"2023-12-27T19:23:33+00:00\",\"description\":\"To make all your aesthetic work faster and more comfortable, you need to feel comfortable in your studio, and Poka Premium tools will help you do that\",\"breadcrumb\":{\"@id\":\"https:\\\/\\\/detailspot.lt\\\/en\\\/produktas\\\/poka-premium-detailing-tray-pro-working-tool-trolley\\\/#breadcrumb\"},\"inLanguage\":\"en-US\",\"potentialAction\":[{\"@type\":\"ReadAction\",\"target\":[\"https:\\\/\\\/detailspot.lt\\\/en\\\/produktas\\\/poka-premium-detailing-tray-pro-working-tool-trolley\\\/\"]}]},{\"@type\":\"ImageObject\",\"inLanguage\":\"en-US\",\"@id\":\"https:\\\/\\\/detailspot.lt\\\/en\\\/produktas\\\/poka-premium-detailing-tray-pro-working-tool-trolley\\\/#primaryimage\",\"url\":\"https:\\\/\\\/detailspot.lt\\\/wp-content\\\/uploads\\\/2023\\\/12\\\/poka-premium-detailing-tray-pro-6-1.jpg\",\"contentUrl\":\"https:\\\/\\\/detailspot.lt\\\/wp-content\\\/uploads\\\/2023\\\/12\\\/poka-premium-detailing-tray-pro-6-1.jpg\",\"width\":582,\"height\":582},{\"@type\":\"BreadcrumbList\",\"@id\":\"https:\\\/\\\/detailspot.lt\\\/en\\\/produktas\\\/poka-premium-detailing-tray-pro-working-tool-trolley\\\/#breadcrumb\",\"itemListElement\":[{\"@type\":\"ListItem\",\"position\":1,\"name\":\"Home\",\"item\":\"https:\\\/\\\/detailspot.lt\\\/en\\\/\"},{\"@type\":\"ListItem\",\"position\":2,\"name\":\"Shop\",\"item\":\"https:\\\/\\\/detailspot.lt\\\/en\\\/parduotuve\\\/\"},{\"@type\":\"ListItem\",\"position\":3,\"name\":\"Poka Premium Detailing Tray PRO Working tool trolley\"}]},{\"@type\":\"WebSite\",\"@id\":\"https:\\\/\\\/detailspot.lt\\\/#website\",\"url\":\"https:\\\/\\\/detailspot.lt\\\/\",\"name\":\"Detail Spot\",\"description\":\"Automobili\u0173 prie\u017ei\u016bros priemon\u0117s\",\"publisher\":{\"@id\":\"https:\\\/\\\/detailspot.lt\\\/#organization\"},\"potentialAction\":[{\"@type\":\"SearchAction\",\"target\":{\"@type\":\"EntryPoint\",\"urlTemplate\":\"https:\\\/\\\/detailspot.lt\\\/?s={search_term_string}\"},\"query-input\":{\"@type\":\"PropertyValueSpecification\",\"valueRequired\":true,\"valueName\":\"search_term_string\"}}],\"inLanguage\":\"en-US\"},{\"@type\":\"Organization\",\"@id\":\"https:\\\/\\\/detailspot.lt\\\/#organization\",\"name\":\"Detail Spot\",\"url\":\"https:\\\/\\\/detailspot.lt\\\/\",\"logo\":{\"@type\":\"ImageObject\",\"inLanguage\":\"en-US\",\"@id\":\"https:\\\/\\\/detailspot.lt\\\/#\\\/schema\\\/logo\\\/image\\\/\",\"url\":\"https:\\\/\\\/detailspot.lt\\\/wp-content\\\/uploads\\\/2022\\\/10\\\/logo-original.svg\",\"contentUrl\":\"https:\\\/\\\/detailspot.lt\\\/wp-content\\\/uploads\\\/2022\\\/10\\\/logo-original.svg\",\"width\":1,\"height\":1,\"caption\":\"Detail Spot\"},\"image\":{\"@id\":\"https:\\\/\\\/detailspot.lt\\\/#\\\/schema\\\/logo\\\/image\\\/\"},\"sameAs\":[\"https:\\\/\\\/www.facebook.com\\\/profile.php?id=100039208338156\"]}]}<\/script>\n<!-- \/ Yoast SEO plugin. -->","yoast_head_json":{"title":"Poka Premium Detailing Tray PRO Working tool trolley - Detail Spot","description":"To make all your aesthetic work faster and more comfortable, you need to feel comfortable in your studio, and Poka Premium tools will help you do that","robots":{"index":"index","follow":"follow","max-snippet":"max-snippet:-1","max-image-preview":"max-image-preview:large","max-video-preview":"max-video-preview:-1"},"canonical":"https:\/\/detailspot.lt\/en\/produktas\/poka-premium-detailing-tray-pro-working-tool-trolley\/","og_locale":"en_US","og_type":"article","og_title":"Poka Premium Detailing Tray PRO Working tool trolley - Detail Spot","og_description":"To make all your aesthetic work faster and more comfortable, you need to feel comfortable in your studio, and Poka Premium tools will help you do that","og_url":"https:\/\/detailspot.lt\/en\/produktas\/poka-premium-detailing-tray-pro-working-tool-trolley\/","og_site_name":"Detail Spot","article_publisher":"https:\/\/www.facebook.com\/profile.php?id=100039208338156","article_modified_time":"2023-12-27T19:23:33+00:00","og_image":[{"width":582,"height":582,"url":"https:\/\/detailspot.lt\/wp-content\/uploads\/2023\/12\/poka-premium-detailing-tray-pro-6-1.jpg","type":"image\/jpeg"}],"twitter_card":"summary_large_image","twitter_misc":{"Est. reading time":"1 minute"},"schema":{"@context":"https:\/\/schema.org","@graph":[{"@type":"WebPage","@id":"https:\/\/detailspot.lt\/en\/produktas\/poka-premium-detailing-tray-pro-working-tool-trolley\/","url":"https:\/\/detailspot.lt\/en\/produktas\/poka-premium-detailing-tray-pro-working-tool-trolley\/","name":"Poka Premium Detailing Tray PRO Working tool trolley - Detail Spot","isPartOf":{"@id":"https:\/\/detailspot.lt\/#website"},"primaryImageOfPage":{"@id":"https:\/\/detailspot.lt\/en\/produktas\/poka-premium-detailing-tray-pro-working-tool-trolley\/#primaryimage"},"image":{"@id":"https:\/\/detailspot.lt\/en\/produktas\/poka-premium-detailing-tray-pro-working-tool-trolley\/#primaryimage"},"thumbnailUrl":"https:\/\/detailspot.lt\/wp-content\/uploads\/2023\/12\/poka-premium-detailing-tray-pro-6-1.jpg","datePublished":"2023-12-20T06:12:47+00:00","dateModified":"2023-12-27T19:23:33+00:00","description":"To make all your aesthetic work faster and more comfortable, you need to feel comfortable in your studio, and Poka Premium tools will help you do that","breadcrumb":{"@id":"https:\/\/detailspot.lt\/en\/produktas\/poka-premium-detailing-tray-pro-working-tool-trolley\/#breadcrumb"},"inLanguage":"en-US","potentialAction":[{"@type":"ReadAction","target":["https:\/\/detailspot.lt\/en\/produktas\/poka-premium-detailing-tray-pro-working-tool-trolley\/"]}]},{"@type":"ImageObject","inLanguage":"en-US","@id":"https:\/\/detailspot.lt\/en\/produktas\/poka-premium-detailing-tray-pro-working-tool-trolley\/#primaryimage","url":"https:\/\/detailspot.lt\/wp-content\/uploads\/2023\/12\/poka-premium-detailing-tray-pro-6-1.jpg","contentUrl":"https:\/\/detailspot.lt\/wp-content\/uploads\/2023\/12\/poka-premium-detailing-tray-pro-6-1.jpg","width":582,"height":582},{"@type":"BreadcrumbList","@id":"https:\/\/detailspot.lt\/en\/produktas\/poka-premium-detailing-tray-pro-working-tool-trolley\/#breadcrumb","itemListElement":[{"@type":"ListItem","position":1,"name":"Home","item":"https:\/\/detailspot.lt\/en\/"},{"@type":"ListItem","position":2,"name":"Shop","item":"https:\/\/detailspot.lt\/en\/parduotuve\/"},{"@type":"ListItem","position":3,"name":"Poka Premium Detailing Tray PRO Working tool trolley"}]},{"@type":"WebSite","@id":"https:\/\/detailspot.lt\/#website","url":"https:\/\/detailspot.lt\/","name":"Detail Spot","description":"Automobili\u0173 prie\u017ei\u016bros priemon\u0117s","publisher":{"@id":"https:\/\/detailspot.lt\/#organization"},"potentialAction":[{"@type":"SearchAction","target":{"@type":"EntryPoint","urlTemplate":"https:\/\/detailspot.lt\/?s={search_term_string}"},"query-input":{"@type":"PropertyValueSpecification","valueRequired":true,"valueName":"search_term_string"}}],"inLanguage":"en-US"},{"@type":"Organization","@id":"https:\/\/detailspot.lt\/#organization","name":"Detail Spot","url":"https:\/\/detailspot.lt\/","logo":{"@type":"ImageObject","inLanguage":"en-US","@id":"https:\/\/detailspot.lt\/#\/schema\/logo\/image\/","url":"https:\/\/detailspot.lt\/wp-content\/uploads\/2022\/10\/logo-original.svg","contentUrl":"https:\/\/detailspot.lt\/wp-content\/uploads\/2022\/10\/logo-original.svg","width":1,"height":1,"caption":"Detail Spot"},"image":{"@id":"https:\/\/detailspot.lt\/#\/schema\/logo\/image\/"},"sameAs":["https:\/\/www.facebook.com\/profile.php?id=100039208338156"]}]}},"_links":{"self":[{"href":"https:\/\/detailspot.lt\/en\/wp-json\/wp\/v2\/product\/6016","targetHints":{"allow":["GET"]}}],"collection":[{"href":"https:\/\/detailspot.lt\/en\/wp-json\/wp\/v2\/product"}],"about":[{"href":"https:\/\/detailspot.lt\/en\/wp-json\/wp\/v2\/types\/product"}],"replies":[{"embeddable":true,"href":"https:\/\/detailspot.lt\/en\/wp-json\/wp\/v2\/comments?post=6016"}],"wp:featuredmedia":[{"embeddable":true,"href":"https:\/\/detailspot.lt\/en\/wp-json\/wp\/v2\/media\/6008"}],"wp:attachment":[{"href":"https:\/\/detailspot.lt\/en\/wp-json\/wp\/v2\/media?parent=6016"}],"wp:term":[{"taxonomy":"product_brand","embeddable":true,"href":"https:\/\/detailspot.lt\/en\/wp-json\/wp\/v2\/product_brand?post=6016"},{"taxonomy":"product_cat","embeddable":true,"href":"https:\/\/detailspot.lt\/en\/wp-json\/wp\/v2\/product_cat?post=6016"},{"taxonomy":"product_tag","embeddable":true,"href":"https:\/\/detailspot.lt\/en\/wp-json\/wp\/v2\/product_tag?post=6016"}],"curies":[{"name":"wp","href":"https:\/\/api.w.org\/{rel}","templated":true}]}}