{"id":4734,"date":"2023-04-02T20:48:10","date_gmt":"2023-04-02T17:48:10","guid":{"rendered":"https:\/\/detailspot.lt\/?post_type=product&#038;p=4734"},"modified":"2024-01-08T08:41:18","modified_gmt":"2024-01-08T06:41:18","slug":"ewocar-2in1-one-cut-vieno-etapo-poliravimo-pasta","status":"publish","type":"product","link":"https:\/\/detailspot.lt\/en\/produktas\/ewocar-2in1-one-cut-vieno-etapo-poliravimo-pasta\/","title":{"rendered":"Ewocar 2in1 One Cut Vieno etapo poliravimo pasta"},"content":{"rendered":"<div id=\"heading2\">\n<h2>Ewocar 2in1 One Cut Vieno etapo poliravimo pasta<\/h2>\n<\/div>\n<div class=\"grid_100 alpha omega mb20\">\n<div class=\"grid_100 alpha omega goods_links_container\">\n<div id=\"good_links_wrapper_2322\" class=\"grid_100 alpha omega\">\n<p><strong>Viena\u017eingsn\u0117\u00a0<\/strong>poliravimo pasta, kuri buvo sukurta norint atlikti lengv\u0105 ir greit\u0105 lako korekcij\u0105, kuri u\u017etikrint\u0173 nepriekai\u0161ting\u0105 rezultat\u0105. <strong>Vandens pagrindu <\/strong>\u00a0pasta, d\u0117ka \u0161ios technologijos prakti\u0161kai netur\u0117site dulki\u0173 bei tur\u0117site \u017eymiai ilgesn\u012f darbo laik\u0105.\u00a0Vienas geriausi\u0173 pasirinkim\u0173 automobili\u0173 estetikos centrams, kuriems r\u016bpi ne tik atlikto darbo greitis, bet ir galutinis rezultatas. Pa\u0161alina \u0161lifavimo P2000 \u017eymes<\/p>\n<p>Norint i\u0161gauti maksimalius rezultatus, mes rekomenduojame \u0161i\u0105 past\u0105 naudoti su\u00a0<a href=\"https:\/\/detailspot.lt\/produktas\/decon-delta-pro-poliravimo-kempine-zalia\/\">D-CON Delta PRO\u00a0 vidutinio kietumo poliravimo padu<\/a><a title=\"Chemical Guys Quantum Hex-Logic Vidutinio Kietumo Poliravimo Padas\" href=\"https:\/\/detailspot.lt\/produktas\/chemical-guys-quantum-hex-logic-vidutinio-kietumo-poliravimo-padas\/\" rel=\"bookmark\">.<\/a>vidutinio kietumo poliravimo padu.\u00a0Pavir\u0161iaus nuvalymui naudokite kokybi\u0161k\u0105 mirkopluo\u0161to \u0161luost\u0119 <strong><a href=\"https:\/\/detailingbaltics.com\/lt\/sluostes\/108-ewocar-sluostes.html\">Ewocar Cloth Set<\/a><\/strong>, su kuriuomis nepa\u017eeisite valom\u0173 pavir\u0161i\u0173.<\/p>\n<p>Pastos\u00a0sud\u0117tyje\u00a0<strong>n\u0117ra<\/strong>\u00a0<strong>silikono ar kit\u0173 priemai\u0161\u0173<\/strong>, kurios maskuot\u0173 ar kitaip paveikt\u0173 atliekama lako korekcij\u0105, tod\u0117l dr\u0105siai po atliktos korekcijos pavir\u0161ius galite apsaugoti apsaugin\u0117mis dangomis<\/p>\n<\/div>\n<\/div>\n<\/div>\n","protected":false},"excerpt":{"rendered":"<p>Ewocar 2in1 One Cut Vieno etapo poliravimo pasta Viena\u017eingsn\u0117\u00a0poliravimo pasta, kuri buvo sukurta norint atlikti lengv\u0105 ir greit\u0105 lako korekcij\u0105, kuri u\u017etikrint\u0173 nepriekai\u0161ting\u0105 rezultat\u0105. Vandens pagrindu \u00a0pasta, d\u0117ka \u0161ios technologijos prakti\u0161kai netur\u0117site dulki\u0173 bei tur\u0117site \u017eymiai ilgesn\u012f darbo laik\u0105.\u00a0Vienas geriausi\u0173 pasirinkim\u0173 automobili\u0173 estetikos centrams, kuriems r\u016bpi ne tik atlikto darbo greitis, bet ir galutinis rezultatas.&hellip;<\/p>\n","protected":false},"featured_media":4737,"comment_status":"closed","ping_status":"closed","template":"","meta":[],"product_brand":[],"product_cat":[173],"product_tag":[],"class_list":{"0":"post-4734","1":"product","2":"type-product","3":"status-publish","4":"has-post-thumbnail","6":"product_cat-polishing-pastes","7":"description-off","9":"first","10":"instock","11":"taxable","12":"shipping-taxable","13":"purchasable","14":"product-type-variable"},"yoast_head":"<!-- This site is optimized with the Yoast SEO plugin v27.4 - https:\/\/yoast.com\/product\/yoast-seo-wordpress\/ -->\n<title>Ewocar 2in1 One Cut Vieno etapo poliravimo pasta - Detail Spot<\/title>\n<meta name=\"description\" content=\"Viena\u017eingsn\u0117\u00a0poliravimo pasta, kuri buvo sukurta norint atlikti lengv\u0105 ir greit\u0105 lako korekcij\u0105, kuri u\u017etikrint\u0173 nepriekai\u0161ting\u0105 rezultat\u0105.\" \/>\n<meta name=\"robots\" content=\"index, follow, max-snippet:-1, max-image-preview:large, max-video-preview:-1\" \/>\n<link rel=\"canonical\" href=\"https:\/\/detailspot.lt\/en\/produktas\/ewocar-2in1-one-cut-vieno-etapo-poliravimo-pasta\/\" \/>\n<meta property=\"og:locale\" content=\"en_US\" \/>\n<meta property=\"og:type\" content=\"article\" \/>\n<meta property=\"og:title\" content=\"Ewocar 2in1 One Cut Vieno etapo poliravimo pasta - Detail Spot\" \/>\n<meta property=\"og:description\" content=\"Viena\u017eingsn\u0117\u00a0poliravimo pasta, kuri buvo sukurta norint atlikti lengv\u0105 ir greit\u0105 lako korekcij\u0105, kuri u\u017etikrint\u0173 nepriekai\u0161ting\u0105 rezultat\u0105.\" \/>\n<meta property=\"og:url\" content=\"https:\/\/detailspot.lt\/en\/produktas\/ewocar-2in1-one-cut-vieno-etapo-poliravimo-pasta\/\" \/>\n<meta property=\"og:site_name\" content=\"Detail Spot\" \/>\n<meta property=\"article:publisher\" content=\"https:\/\/www.facebook.com\/profile.php?id=100039208338156\" \/>\n<meta property=\"article:modified_time\" content=\"2024-01-08T06:41:18+00:00\" \/>\n<meta property=\"og:image\" content=\"https:\/\/detailspot.lt\/wp-content\/uploads\/2023\/04\/Ewocar-one-cut-abi.png\" \/>\n\t<meta property=\"og:image:width\" content=\"1200\" \/>\n\t<meta property=\"og:image:height\" content=\"1600\" \/>\n\t<meta property=\"og:image:type\" content=\"image\/png\" \/>\n<meta name=\"twitter:card\" content=\"summary_large_image\" \/>\n<meta name=\"twitter:label1\" content=\"Est. reading time\" \/>\n\t<meta name=\"twitter:data1\" content=\"1 minute\" \/>\n<script type=\"application\/ld+json\" class=\"yoast-schema-graph\">{\"@context\":\"https:\\\/\\\/schema.org\",\"@graph\":[{\"@type\":\"WebPage\",\"@id\":\"https:\\\/\\\/detailspot.lt\\\/en\\\/produktas\\\/ewocar-2in1-one-cut-vieno-etapo-poliravimo-pasta\\\/\",\"url\":\"https:\\\/\\\/detailspot.lt\\\/en\\\/produktas\\\/ewocar-2in1-one-cut-vieno-etapo-poliravimo-pasta\\\/\",\"name\":\"Ewocar 2in1 One Cut Vieno etapo poliravimo pasta - Detail Spot\",\"isPartOf\":{\"@id\":\"https:\\\/\\\/detailspot.lt\\\/#website\"},\"primaryImageOfPage\":{\"@id\":\"https:\\\/\\\/detailspot.lt\\\/en\\\/produktas\\\/ewocar-2in1-one-cut-vieno-etapo-poliravimo-pasta\\\/#primaryimage\"},\"image\":{\"@id\":\"https:\\\/\\\/detailspot.lt\\\/en\\\/produktas\\\/ewocar-2in1-one-cut-vieno-etapo-poliravimo-pasta\\\/#primaryimage\"},\"thumbnailUrl\":\"https:\\\/\\\/detailspot.lt\\\/wp-content\\\/uploads\\\/2023\\\/04\\\/Ewocar-one-cut-abi.png\",\"datePublished\":\"2023-04-02T17:48:10+00:00\",\"dateModified\":\"2024-01-08T06:41:18+00:00\",\"description\":\"Viena\u017eingsn\u0117\u00a0poliravimo pasta, kuri buvo sukurta norint atlikti lengv\u0105 ir greit\u0105 lako korekcij\u0105, kuri u\u017etikrint\u0173 nepriekai\u0161ting\u0105 rezultat\u0105.\",\"breadcrumb\":{\"@id\":\"https:\\\/\\\/detailspot.lt\\\/en\\\/produktas\\\/ewocar-2in1-one-cut-vieno-etapo-poliravimo-pasta\\\/#breadcrumb\"},\"inLanguage\":\"en-US\",\"potentialAction\":[{\"@type\":\"ReadAction\",\"target\":[\"https:\\\/\\\/detailspot.lt\\\/en\\\/produktas\\\/ewocar-2in1-one-cut-vieno-etapo-poliravimo-pasta\\\/\"]}]},{\"@type\":\"ImageObject\",\"inLanguage\":\"en-US\",\"@id\":\"https:\\\/\\\/detailspot.lt\\\/en\\\/produktas\\\/ewocar-2in1-one-cut-vieno-etapo-poliravimo-pasta\\\/#primaryimage\",\"url\":\"https:\\\/\\\/detailspot.lt\\\/wp-content\\\/uploads\\\/2023\\\/04\\\/Ewocar-one-cut-abi.png\",\"contentUrl\":\"https:\\\/\\\/detailspot.lt\\\/wp-content\\\/uploads\\\/2023\\\/04\\\/Ewocar-one-cut-abi.png\",\"width\":1200,\"height\":1600},{\"@type\":\"BreadcrumbList\",\"@id\":\"https:\\\/\\\/detailspot.lt\\\/en\\\/produktas\\\/ewocar-2in1-one-cut-vieno-etapo-poliravimo-pasta\\\/#breadcrumb\",\"itemListElement\":[{\"@type\":\"ListItem\",\"position\":1,\"name\":\"Home\",\"item\":\"https:\\\/\\\/detailspot.lt\\\/en\\\/\"},{\"@type\":\"ListItem\",\"position\":2,\"name\":\"Shop\",\"item\":\"https:\\\/\\\/detailspot.lt\\\/en\\\/parduotuve\\\/\"},{\"@type\":\"ListItem\",\"position\":3,\"name\":\"Ewocar 2in1 One Cut Vieno etapo poliravimo pasta\"}]},{\"@type\":\"WebSite\",\"@id\":\"https:\\\/\\\/detailspot.lt\\\/#website\",\"url\":\"https:\\\/\\\/detailspot.lt\\\/\",\"name\":\"Detail Spot\",\"description\":\"Automobili\u0173 prie\u017ei\u016bros priemon\u0117s\",\"publisher\":{\"@id\":\"https:\\\/\\\/detailspot.lt\\\/#organization\"},\"potentialAction\":[{\"@type\":\"SearchAction\",\"target\":{\"@type\":\"EntryPoint\",\"urlTemplate\":\"https:\\\/\\\/detailspot.lt\\\/?s={search_term_string}\"},\"query-input\":{\"@type\":\"PropertyValueSpecification\",\"valueRequired\":true,\"valueName\":\"search_term_string\"}}],\"inLanguage\":\"en-US\"},{\"@type\":\"Organization\",\"@id\":\"https:\\\/\\\/detailspot.lt\\\/#organization\",\"name\":\"Detail Spot\",\"url\":\"https:\\\/\\\/detailspot.lt\\\/\",\"logo\":{\"@type\":\"ImageObject\",\"inLanguage\":\"en-US\",\"@id\":\"https:\\\/\\\/detailspot.lt\\\/#\\\/schema\\\/logo\\\/image\\\/\",\"url\":\"https:\\\/\\\/detailspot.lt\\\/wp-content\\\/uploads\\\/2022\\\/10\\\/logo-original.svg\",\"contentUrl\":\"https:\\\/\\\/detailspot.lt\\\/wp-content\\\/uploads\\\/2022\\\/10\\\/logo-original.svg\",\"width\":1,\"height\":1,\"caption\":\"Detail Spot\"},\"image\":{\"@id\":\"https:\\\/\\\/detailspot.lt\\\/#\\\/schema\\\/logo\\\/image\\\/\"},\"sameAs\":[\"https:\\\/\\\/www.facebook.com\\\/profile.php?id=100039208338156\"]}]}<\/script>\n<!-- \/ Yoast SEO plugin. -->","yoast_head_json":{"title":"Ewocar 2in1 One Cut Vieno etapo poliravimo pasta - Detail Spot","description":"Viena\u017eingsn\u0117\u00a0poliravimo pasta, kuri buvo sukurta norint atlikti lengv\u0105 ir greit\u0105 lako korekcij\u0105, kuri u\u017etikrint\u0173 nepriekai\u0161ting\u0105 rezultat\u0105.","robots":{"index":"index","follow":"follow","max-snippet":"max-snippet:-1","max-image-preview":"max-image-preview:large","max-video-preview":"max-video-preview:-1"},"canonical":"https:\/\/detailspot.lt\/en\/produktas\/ewocar-2in1-one-cut-vieno-etapo-poliravimo-pasta\/","og_locale":"en_US","og_type":"article","og_title":"Ewocar 2in1 One Cut Vieno etapo poliravimo pasta - Detail Spot","og_description":"Viena\u017eingsn\u0117\u00a0poliravimo pasta, kuri buvo sukurta norint atlikti lengv\u0105 ir greit\u0105 lako korekcij\u0105, kuri u\u017etikrint\u0173 nepriekai\u0161ting\u0105 rezultat\u0105.","og_url":"https:\/\/detailspot.lt\/en\/produktas\/ewocar-2in1-one-cut-vieno-etapo-poliravimo-pasta\/","og_site_name":"Detail Spot","article_publisher":"https:\/\/www.facebook.com\/profile.php?id=100039208338156","article_modified_time":"2024-01-08T06:41:18+00:00","og_image":[{"width":1200,"height":1600,"url":"https:\/\/detailspot.lt\/wp-content\/uploads\/2023\/04\/Ewocar-one-cut-abi.png","type":"image\/png"}],"twitter_card":"summary_large_image","twitter_misc":{"Est. reading time":"1 minute"},"schema":{"@context":"https:\/\/schema.org","@graph":[{"@type":"WebPage","@id":"https:\/\/detailspot.lt\/en\/produktas\/ewocar-2in1-one-cut-vieno-etapo-poliravimo-pasta\/","url":"https:\/\/detailspot.lt\/en\/produktas\/ewocar-2in1-one-cut-vieno-etapo-poliravimo-pasta\/","name":"Ewocar 2in1 One Cut Vieno etapo poliravimo pasta - Detail Spot","isPartOf":{"@id":"https:\/\/detailspot.lt\/#website"},"primaryImageOfPage":{"@id":"https:\/\/detailspot.lt\/en\/produktas\/ewocar-2in1-one-cut-vieno-etapo-poliravimo-pasta\/#primaryimage"},"image":{"@id":"https:\/\/detailspot.lt\/en\/produktas\/ewocar-2in1-one-cut-vieno-etapo-poliravimo-pasta\/#primaryimage"},"thumbnailUrl":"https:\/\/detailspot.lt\/wp-content\/uploads\/2023\/04\/Ewocar-one-cut-abi.png","datePublished":"2023-04-02T17:48:10+00:00","dateModified":"2024-01-08T06:41:18+00:00","description":"Viena\u017eingsn\u0117\u00a0poliravimo pasta, kuri buvo sukurta norint atlikti lengv\u0105 ir greit\u0105 lako korekcij\u0105, kuri u\u017etikrint\u0173 nepriekai\u0161ting\u0105 rezultat\u0105.","breadcrumb":{"@id":"https:\/\/detailspot.lt\/en\/produktas\/ewocar-2in1-one-cut-vieno-etapo-poliravimo-pasta\/#breadcrumb"},"inLanguage":"en-US","potentialAction":[{"@type":"ReadAction","target":["https:\/\/detailspot.lt\/en\/produktas\/ewocar-2in1-one-cut-vieno-etapo-poliravimo-pasta\/"]}]},{"@type":"ImageObject","inLanguage":"en-US","@id":"https:\/\/detailspot.lt\/en\/produktas\/ewocar-2in1-one-cut-vieno-etapo-poliravimo-pasta\/#primaryimage","url":"https:\/\/detailspot.lt\/wp-content\/uploads\/2023\/04\/Ewocar-one-cut-abi.png","contentUrl":"https:\/\/detailspot.lt\/wp-content\/uploads\/2023\/04\/Ewocar-one-cut-abi.png","width":1200,"height":1600},{"@type":"BreadcrumbList","@id":"https:\/\/detailspot.lt\/en\/produktas\/ewocar-2in1-one-cut-vieno-etapo-poliravimo-pasta\/#breadcrumb","itemListElement":[{"@type":"ListItem","position":1,"name":"Home","item":"https:\/\/detailspot.lt\/en\/"},{"@type":"ListItem","position":2,"name":"Shop","item":"https:\/\/detailspot.lt\/en\/parduotuve\/"},{"@type":"ListItem","position":3,"name":"Ewocar 2in1 One Cut Vieno etapo poliravimo pasta"}]},{"@type":"WebSite","@id":"https:\/\/detailspot.lt\/#website","url":"https:\/\/detailspot.lt\/","name":"Detail Spot","description":"Automobili\u0173 prie\u017ei\u016bros priemon\u0117s","publisher":{"@id":"https:\/\/detailspot.lt\/#organization"},"potentialAction":[{"@type":"SearchAction","target":{"@type":"EntryPoint","urlTemplate":"https:\/\/detailspot.lt\/?s={search_term_string}"},"query-input":{"@type":"PropertyValueSpecification","valueRequired":true,"valueName":"search_term_string"}}],"inLanguage":"en-US"},{"@type":"Organization","@id":"https:\/\/detailspot.lt\/#organization","name":"Detail Spot","url":"https:\/\/detailspot.lt\/","logo":{"@type":"ImageObject","inLanguage":"en-US","@id":"https:\/\/detailspot.lt\/#\/schema\/logo\/image\/","url":"https:\/\/detailspot.lt\/wp-content\/uploads\/2022\/10\/logo-original.svg","contentUrl":"https:\/\/detailspot.lt\/wp-content\/uploads\/2022\/10\/logo-original.svg","width":1,"height":1,"caption":"Detail Spot"},"image":{"@id":"https:\/\/detailspot.lt\/#\/schema\/logo\/image\/"},"sameAs":["https:\/\/www.facebook.com\/profile.php?id=100039208338156"]}]}},"_links":{"self":[{"href":"https:\/\/detailspot.lt\/en\/wp-json\/wp\/v2\/product\/4734","targetHints":{"allow":["GET"]}}],"collection":[{"href":"https:\/\/detailspot.lt\/en\/wp-json\/wp\/v2\/product"}],"about":[{"href":"https:\/\/detailspot.lt\/en\/wp-json\/wp\/v2\/types\/product"}],"replies":[{"embeddable":true,"href":"https:\/\/detailspot.lt\/en\/wp-json\/wp\/v2\/comments?post=4734"}],"wp:featuredmedia":[{"embeddable":true,"href":"https:\/\/detailspot.lt\/en\/wp-json\/wp\/v2\/media\/4737"}],"wp:attachment":[{"href":"https:\/\/detailspot.lt\/en\/wp-json\/wp\/v2\/media?parent=4734"}],"wp:term":[{"taxonomy":"product_brand","embeddable":true,"href":"https:\/\/detailspot.lt\/en\/wp-json\/wp\/v2\/product_brand?post=4734"},{"taxonomy":"product_cat","embeddable":true,"href":"https:\/\/detailspot.lt\/en\/wp-json\/wp\/v2\/product_cat?post=4734"},{"taxonomy":"product_tag","embeddable":true,"href":"https:\/\/detailspot.lt\/en\/wp-json\/wp\/v2\/product_tag?post=4734"}],"curies":[{"name":"wp","href":"https:\/\/api.w.org\/{rel}","templated":true}]}}