{"id":4516,"date":"2023-02-21T23:14:07","date_gmt":"2023-02-21T21:14:07","guid":{"rendered":"https:\/\/detailspot.lt\/produktas\/3d-one-hybrid-one-step-polish\/"},"modified":"2023-12-30T19:31:56","modified_gmt":"2023-12-30T17:31:56","slug":"3d-one-hybrid-one-step-polish","status":"publish","type":"product","link":"https:\/\/detailspot.lt\/en\/produktas\/3d-one-hybrid-one-step-polish\/","title":{"rendered":"3D One Hybrid one-step polishing paste"},"content":{"rendered":"<div id=\"heading2\">\n<h1>3D One Hybrid one-step polishing paste<\/h1>\n<\/div>\n<div class=\"clear\">\n<p>Cutting compound &amp; finishing polish for a faster polishing process. The formula contains nano-particle abrasives that easily repair defects in the varnish with either an orbital (dual action) or a rotary polisher. One Hybrid is a unique product, which allows you to use different aggressiveness pads and vary results: hard pad provides stronger correctness, soft pad &#8211; shiny surface. The polish can be used both in the shade and in the sun, although it works best in the shade.<\/p>\n<p><strong>Characteristics:<br \/>\n<\/strong><\/p>\n<ol>\n<li>One polish for cutting compound &amp; finishing<\/li>\n<li>Zero dusting<\/li>\n<li>Remains easily wipe-off<\/li>\n<li>Suitable for orbital (dual action) and rotary polishers<\/li>\n<\/ol>\n<\/div>\n<p>&nbsp;<\/p>\n<p>&nbsp;<\/p>\n<p style=\"text-align: center;\"><img loading=\"lazy\" decoding=\"async\" class=\"alignnone size-medium wp-image-2457\" src=\"https:\/\/detailspot.lt\/wp-content\/uploads\/2022\/12\/3d-international-logo-300x178.webp\" alt=\"\" width=\"300\" height=\"178\" srcset=\"https:\/\/detailspot.lt\/wp-content\/uploads\/2022\/12\/3d-international-logo-300x178.webp 300w, https:\/\/detailspot.lt\/wp-content\/uploads\/2022\/12\/3d-international-logo-600x357.webp 600w, https:\/\/detailspot.lt\/wp-content\/uploads\/2022\/12\/3d-international-logo-64x38.webp 64w, https:\/\/detailspot.lt\/wp-content\/uploads\/2022\/12\/3d-international-logo.webp 626w\" sizes=\"auto, (max-width: 300px) 100vw, 300px\" \/><\/p>\n","protected":false},"excerpt":{"rendered":"<p>3D One Hybrid one-step polishing paste Cutting compound &amp; finishing polish for a faster polishing process. The formula contains nano-particle abrasives that easily repair defects in the varnish with either an orbital (dual action) or a rotary polisher. One Hybrid is a unique product, which allows you to use different aggressiveness pads and vary results:&hellip;<\/p>\n","protected":false},"featured_media":4441,"comment_status":"closed","ping_status":"closed","template":"","meta":[],"product_brand":[],"product_cat":[173,170],"product_tag":[],"class_list":{"0":"post-4516","1":"product","2":"type-product","3":"status-publish","4":"has-post-thumbnail","6":"product_cat-polishing-pastes","7":"product_cat-polishing-tools","8":"description-off","10":"first","11":"instock","12":"taxable","13":"shipping-taxable","14":"purchasable","15":"product-type-variable"},"yoast_head":"<!-- This site is optimized with the Yoast SEO plugin v27.4 - https:\/\/yoast.com\/product\/yoast-seo-wordpress\/ -->\n<title>3D One Hybrid one-step polishing paste - Detail Spot<\/title>\n<meta name=\"description\" content=\"3D One Hybrid - correction and finishing paste in one faster polishing process, suitable for use with rotary and orbital machines\" \/>\n<meta name=\"robots\" content=\"index, follow, max-snippet:-1, max-image-preview:large, max-video-preview:-1\" \/>\n<link rel=\"canonical\" href=\"https:\/\/detailspot.lt\/en\/produktas\/3d-one-hybrid-one-step-polish\/\" \/>\n<meta property=\"og:locale\" content=\"en_US\" \/>\n<meta property=\"og:type\" content=\"article\" \/>\n<meta property=\"og:title\" content=\"3D One Hybrid one-step polishing paste - Detail Spot\" \/>\n<meta property=\"og:description\" content=\"3D One Hybrid - correction and finishing paste in one faster polishing process, suitable for use with rotary and orbital machines\" \/>\n<meta property=\"og:url\" content=\"https:\/\/detailspot.lt\/en\/produktas\/3d-one-hybrid-one-step-polish\/\" \/>\n<meta property=\"og:site_name\" content=\"Detail Spot\" \/>\n<meta property=\"article:publisher\" content=\"https:\/\/www.facebook.com\/profile.php?id=100039208338156\" \/>\n<meta property=\"article:modified_time\" content=\"2023-12-30T17:31:56+00:00\" \/>\n<meta property=\"og:image\" content=\"https:\/\/detailspot.lt\/wp-content\/uploads\/2023\/02\/3d-hd-speed-vieno-zingsnio-pasta-su-vasku-kopija-4-1.jpg\" \/>\n\t<meta property=\"og:image:width\" content=\"800\" \/>\n\t<meta property=\"og:image:height\" content=\"800\" \/>\n\t<meta property=\"og:image:type\" content=\"image\/jpeg\" \/>\n<meta name=\"twitter:card\" content=\"summary_large_image\" \/>\n<meta name=\"twitter:label1\" content=\"Est. reading time\" \/>\n\t<meta name=\"twitter:data1\" content=\"1 minute\" \/>\n<script type=\"application\/ld+json\" class=\"yoast-schema-graph\">{\"@context\":\"https:\\\/\\\/schema.org\",\"@graph\":[{\"@type\":\"WebPage\",\"@id\":\"https:\\\/\\\/detailspot.lt\\\/en\\\/produktas\\\/3d-one-hybrid-one-step-polish\\\/\",\"url\":\"https:\\\/\\\/detailspot.lt\\\/en\\\/produktas\\\/3d-one-hybrid-one-step-polish\\\/\",\"name\":\"3D One Hybrid one-step polishing paste - Detail Spot\",\"isPartOf\":{\"@id\":\"https:\\\/\\\/detailspot.lt\\\/#website\"},\"primaryImageOfPage\":{\"@id\":\"https:\\\/\\\/detailspot.lt\\\/en\\\/produktas\\\/3d-one-hybrid-one-step-polish\\\/#primaryimage\"},\"image\":{\"@id\":\"https:\\\/\\\/detailspot.lt\\\/en\\\/produktas\\\/3d-one-hybrid-one-step-polish\\\/#primaryimage\"},\"thumbnailUrl\":\"https:\\\/\\\/detailspot.lt\\\/wp-content\\\/uploads\\\/2023\\\/02\\\/3d-hd-speed-vieno-zingsnio-pasta-su-vasku-kopija-4-1.jpg\",\"datePublished\":\"2023-02-21T21:14:07+00:00\",\"dateModified\":\"2023-12-30T17:31:56+00:00\",\"description\":\"3D One Hybrid - correction and finishing paste in one faster polishing process, suitable for use with rotary and orbital machines\",\"breadcrumb\":{\"@id\":\"https:\\\/\\\/detailspot.lt\\\/en\\\/produktas\\\/3d-one-hybrid-one-step-polish\\\/#breadcrumb\"},\"inLanguage\":\"en-US\",\"potentialAction\":[{\"@type\":\"ReadAction\",\"target\":[\"https:\\\/\\\/detailspot.lt\\\/en\\\/produktas\\\/3d-one-hybrid-one-step-polish\\\/\"]}]},{\"@type\":\"ImageObject\",\"inLanguage\":\"en-US\",\"@id\":\"https:\\\/\\\/detailspot.lt\\\/en\\\/produktas\\\/3d-one-hybrid-one-step-polish\\\/#primaryimage\",\"url\":\"https:\\\/\\\/detailspot.lt\\\/wp-content\\\/uploads\\\/2023\\\/02\\\/3d-hd-speed-vieno-zingsnio-pasta-su-vasku-kopija-4-1.jpg\",\"contentUrl\":\"https:\\\/\\\/detailspot.lt\\\/wp-content\\\/uploads\\\/2023\\\/02\\\/3d-hd-speed-vieno-zingsnio-pasta-su-vasku-kopija-4-1.jpg\",\"width\":800,\"height\":800},{\"@type\":\"BreadcrumbList\",\"@id\":\"https:\\\/\\\/detailspot.lt\\\/en\\\/produktas\\\/3d-one-hybrid-one-step-polish\\\/#breadcrumb\",\"itemListElement\":[{\"@type\":\"ListItem\",\"position\":1,\"name\":\"Home\",\"item\":\"https:\\\/\\\/detailspot.lt\\\/en\\\/\"},{\"@type\":\"ListItem\",\"position\":2,\"name\":\"Shop\",\"item\":\"https:\\\/\\\/detailspot.lt\\\/en\\\/parduotuve\\\/\"},{\"@type\":\"ListItem\",\"position\":3,\"name\":\"3D One Hybrid one-step polishing paste\"}]},{\"@type\":\"WebSite\",\"@id\":\"https:\\\/\\\/detailspot.lt\\\/#website\",\"url\":\"https:\\\/\\\/detailspot.lt\\\/\",\"name\":\"Detail Spot\",\"description\":\"Automobili\u0173 prie\u017ei\u016bros priemon\u0117s\",\"publisher\":{\"@id\":\"https:\\\/\\\/detailspot.lt\\\/#organization\"},\"potentialAction\":[{\"@type\":\"SearchAction\",\"target\":{\"@type\":\"EntryPoint\",\"urlTemplate\":\"https:\\\/\\\/detailspot.lt\\\/?s={search_term_string}\"},\"query-input\":{\"@type\":\"PropertyValueSpecification\",\"valueRequired\":true,\"valueName\":\"search_term_string\"}}],\"inLanguage\":\"en-US\"},{\"@type\":\"Organization\",\"@id\":\"https:\\\/\\\/detailspot.lt\\\/#organization\",\"name\":\"Detail Spot\",\"url\":\"https:\\\/\\\/detailspot.lt\\\/\",\"logo\":{\"@type\":\"ImageObject\",\"inLanguage\":\"en-US\",\"@id\":\"https:\\\/\\\/detailspot.lt\\\/#\\\/schema\\\/logo\\\/image\\\/\",\"url\":\"https:\\\/\\\/detailspot.lt\\\/wp-content\\\/uploads\\\/2022\\\/10\\\/logo-original.svg\",\"contentUrl\":\"https:\\\/\\\/detailspot.lt\\\/wp-content\\\/uploads\\\/2022\\\/10\\\/logo-original.svg\",\"width\":1,\"height\":1,\"caption\":\"Detail Spot\"},\"image\":{\"@id\":\"https:\\\/\\\/detailspot.lt\\\/#\\\/schema\\\/logo\\\/image\\\/\"},\"sameAs\":[\"https:\\\/\\\/www.facebook.com\\\/profile.php?id=100039208338156\"]}]}<\/script>\n<!-- \/ Yoast SEO plugin. -->","yoast_head_json":{"title":"3D One Hybrid one-step polishing paste - Detail Spot","description":"3D One Hybrid - correction and finishing paste in one faster polishing process, suitable for use with rotary and orbital machines","robots":{"index":"index","follow":"follow","max-snippet":"max-snippet:-1","max-image-preview":"max-image-preview:large","max-video-preview":"max-video-preview:-1"},"canonical":"https:\/\/detailspot.lt\/en\/produktas\/3d-one-hybrid-one-step-polish\/","og_locale":"en_US","og_type":"article","og_title":"3D One Hybrid one-step polishing paste - Detail Spot","og_description":"3D One Hybrid - correction and finishing paste in one faster polishing process, suitable for use with rotary and orbital machines","og_url":"https:\/\/detailspot.lt\/en\/produktas\/3d-one-hybrid-one-step-polish\/","og_site_name":"Detail Spot","article_publisher":"https:\/\/www.facebook.com\/profile.php?id=100039208338156","article_modified_time":"2023-12-30T17:31:56+00:00","og_image":[{"width":800,"height":800,"url":"https:\/\/detailspot.lt\/wp-content\/uploads\/2023\/02\/3d-hd-speed-vieno-zingsnio-pasta-su-vasku-kopija-4-1.jpg","type":"image\/jpeg"}],"twitter_card":"summary_large_image","twitter_misc":{"Est. reading time":"1 minute"},"schema":{"@context":"https:\/\/schema.org","@graph":[{"@type":"WebPage","@id":"https:\/\/detailspot.lt\/en\/produktas\/3d-one-hybrid-one-step-polish\/","url":"https:\/\/detailspot.lt\/en\/produktas\/3d-one-hybrid-one-step-polish\/","name":"3D One Hybrid one-step polishing paste - Detail Spot","isPartOf":{"@id":"https:\/\/detailspot.lt\/#website"},"primaryImageOfPage":{"@id":"https:\/\/detailspot.lt\/en\/produktas\/3d-one-hybrid-one-step-polish\/#primaryimage"},"image":{"@id":"https:\/\/detailspot.lt\/en\/produktas\/3d-one-hybrid-one-step-polish\/#primaryimage"},"thumbnailUrl":"https:\/\/detailspot.lt\/wp-content\/uploads\/2023\/02\/3d-hd-speed-vieno-zingsnio-pasta-su-vasku-kopija-4-1.jpg","datePublished":"2023-02-21T21:14:07+00:00","dateModified":"2023-12-30T17:31:56+00:00","description":"3D One Hybrid - correction and finishing paste in one faster polishing process, suitable for use with rotary and orbital machines","breadcrumb":{"@id":"https:\/\/detailspot.lt\/en\/produktas\/3d-one-hybrid-one-step-polish\/#breadcrumb"},"inLanguage":"en-US","potentialAction":[{"@type":"ReadAction","target":["https:\/\/detailspot.lt\/en\/produktas\/3d-one-hybrid-one-step-polish\/"]}]},{"@type":"ImageObject","inLanguage":"en-US","@id":"https:\/\/detailspot.lt\/en\/produktas\/3d-one-hybrid-one-step-polish\/#primaryimage","url":"https:\/\/detailspot.lt\/wp-content\/uploads\/2023\/02\/3d-hd-speed-vieno-zingsnio-pasta-su-vasku-kopija-4-1.jpg","contentUrl":"https:\/\/detailspot.lt\/wp-content\/uploads\/2023\/02\/3d-hd-speed-vieno-zingsnio-pasta-su-vasku-kopija-4-1.jpg","width":800,"height":800},{"@type":"BreadcrumbList","@id":"https:\/\/detailspot.lt\/en\/produktas\/3d-one-hybrid-one-step-polish\/#breadcrumb","itemListElement":[{"@type":"ListItem","position":1,"name":"Home","item":"https:\/\/detailspot.lt\/en\/"},{"@type":"ListItem","position":2,"name":"Shop","item":"https:\/\/detailspot.lt\/en\/parduotuve\/"},{"@type":"ListItem","position":3,"name":"3D One Hybrid one-step polishing paste"}]},{"@type":"WebSite","@id":"https:\/\/detailspot.lt\/#website","url":"https:\/\/detailspot.lt\/","name":"Detail Spot","description":"Automobili\u0173 prie\u017ei\u016bros priemon\u0117s","publisher":{"@id":"https:\/\/detailspot.lt\/#organization"},"potentialAction":[{"@type":"SearchAction","target":{"@type":"EntryPoint","urlTemplate":"https:\/\/detailspot.lt\/?s={search_term_string}"},"query-input":{"@type":"PropertyValueSpecification","valueRequired":true,"valueName":"search_term_string"}}],"inLanguage":"en-US"},{"@type":"Organization","@id":"https:\/\/detailspot.lt\/#organization","name":"Detail Spot","url":"https:\/\/detailspot.lt\/","logo":{"@type":"ImageObject","inLanguage":"en-US","@id":"https:\/\/detailspot.lt\/#\/schema\/logo\/image\/","url":"https:\/\/detailspot.lt\/wp-content\/uploads\/2022\/10\/logo-original.svg","contentUrl":"https:\/\/detailspot.lt\/wp-content\/uploads\/2022\/10\/logo-original.svg","width":1,"height":1,"caption":"Detail Spot"},"image":{"@id":"https:\/\/detailspot.lt\/#\/schema\/logo\/image\/"},"sameAs":["https:\/\/www.facebook.com\/profile.php?id=100039208338156"]}]}},"_links":{"self":[{"href":"https:\/\/detailspot.lt\/en\/wp-json\/wp\/v2\/product\/4516","targetHints":{"allow":["GET"]}}],"collection":[{"href":"https:\/\/detailspot.lt\/en\/wp-json\/wp\/v2\/product"}],"about":[{"href":"https:\/\/detailspot.lt\/en\/wp-json\/wp\/v2\/types\/product"}],"replies":[{"embeddable":true,"href":"https:\/\/detailspot.lt\/en\/wp-json\/wp\/v2\/comments?post=4516"}],"wp:featuredmedia":[{"embeddable":true,"href":"https:\/\/detailspot.lt\/en\/wp-json\/wp\/v2\/media\/4441"}],"wp:attachment":[{"href":"https:\/\/detailspot.lt\/en\/wp-json\/wp\/v2\/media?parent=4516"}],"wp:term":[{"taxonomy":"product_brand","embeddable":true,"href":"https:\/\/detailspot.lt\/en\/wp-json\/wp\/v2\/product_brand?post=4516"},{"taxonomy":"product_cat","embeddable":true,"href":"https:\/\/detailspot.lt\/en\/wp-json\/wp\/v2\/product_cat?post=4516"},{"taxonomy":"product_tag","embeddable":true,"href":"https:\/\/detailspot.lt\/en\/wp-json\/wp\/v2\/product_tag?post=4516"}],"curies":[{"name":"wp","href":"https:\/\/api.w.org\/{rel}","templated":true}]}}