{"id":4475,"date":"2022-12-28T14:52:46","date_gmt":"2022-12-28T12:52:46","guid":{"rendered":"https:\/\/detailspot.lt\/slapuku-politika\/"},"modified":"2023-02-23T20:36:19","modified_gmt":"2023-02-23T18:36:19","slug":"slapuku-politika","status":"publish","type":"page","link":"https:\/\/detailspot.lt\/en\/slapuku-politika\/","title":{"rendered":"Cookies policy"},"content":{"rendered":"\n<h5 class=\"wp-block-heading\">What are cookies?<\/h5>\n\n<p>Cookies are small text files that can be used on websites to improve the user experience. By law, we can only store cookies on your device if they are necessary for the operation of this website. For all other types of cookies, we need your permission. This website uses different types of cookies. Some cookies are set by third-party services used on our pages. You can modify or withdraw your consent at any time in the Cookie Declaration on our website. Find out more about who we are, how you can contact us and how we process personal data in our Privacy Policy.<\/p>\n\n<h5 class=\"wp-block-heading\">Why do we use cookies?<\/h5>\n\n<p>We use cookies to personalise content and ads, provide social media features and analyse traffic. In addition, we share website usage information with our social media, advertising and analytics partners, who may add it to other information that you provide or that we collect through our services.<\/p>\n\n<p><\/p>\n\n<style>\n    a.cky-banner-element {\n        padding: 8px 30px;\n        background: #F8F9FA;\n        color: #858A8F;\n        border: 1px solid #DEE2E6;\n        box-sizing: border-box;\n        border-radius: 2px;\n        cursor: pointer;\n}\n<\/style>\n\n\n \nWhat are cookies?\n\nCookies are small text files that can be used on websites to improve the user experience. By law, we can only store cookies on your device if they are necessary for the operation of this website. For all other types of cookies, we need your permission. This website uses different types of cookies. Some cookies are set by third-party services used on our pages. You can modify or withdraw your consent at any time in the Cookie Declaration on our website. Find out more about who we are, how you can contact us and how we process personal data in our Privacy Policy.\n\n \nWhy do we use cookies?\n\nWe use cookies to personalise content and ads, provide social media features and analyse traffic. In addition, we share website usage information with our social media, advertising and analytics partners, who may add it to other information that you provide or that we collect through our services.\n\n \n<br\/>\n    <h5>Types of cookies<\/h5>\n\n    <div class=\"cky-audit-table-element\"><\/div>\n\n \n    <h5 style=\"margin-bottom:20px;\">Manage your cookie settings<\/h5>\n\n    <a class=\"cky-banner-element\">Cookie settings<\/a> <br\/><br\/>\n\n    <div><p>You can change your cookie preferences at any time by clicking the button above. This will allow you to revisit the cookie consent banner to change your preferences or to withdraw your consent immediately.<\/p><p>In addition, different browsers offer different methods for blocking and deleting cookies used by websites. You can change your browser settings to block\/delete cookies. Below are links to support documents on how to manage and delete cookies from major web browsers.<\/p><p>Chrome: <a target=\"_blank\" rel=\"noopener noreferrer\" href=\"https:\/\/support.google.com\/accounts\/answer\/32050\">https:\/\/support.google.com\/accounts\/answer\/32050<\/a><\/p><p>Safari: <a target=\"_blank\" rel=\"noopener noreferrer\" href=\"https:\/\/support.apple.com\/en-in\/guide\/safari\/sfri11471\/mac\">https:\/\/support.apple.com\/en-in\/guide\/safari\/sfri11471\/mac<\/a><\/p><p>Firefox: <a target=\"_blank\" rel=\"noopener noreferrer\" href=\"https:\/\/support.mozilla.org\/en-US\/kb\/clear-cookies-and-site-data-firefox?redirectslug=delete-cookies-remove-info-websites-stored&#038;redirectlocale=en-US\">https:\/\/support.mozilla.org\/en-US\/kb\/clear-cookies-and-site-data-firefox?redirectslug=delete-cookies-remove-info-websites-stored&#038;redirectlocale=en-US<\/a><\/p><p>Internet Explorer: <a target=\"_blank\" rel=\"noopener noreferrer\" href=\"https:\/\/support.microsoft.com\/en-us\/topic\/how-to-delete-cookie-files-in-internet-explorer-bca9446f-d873-78de-77ba-d42645fa52fc\">https:\/\/support.microsoft.com\/en-us\/topic\/how-to-delete-cookie-files-in-internet-explorer-bca9446f-d873-78de-77ba-d42645fa52fc<\/a><\/p><p>If you are using a different web browser, please refer to the browser&#8217;s official support documentation.<\/p><\/div>\n","protected":false},"excerpt":{"rendered":"<p>What are cookies? Cookies are small text files that can be used on websites to improve the user experience. By law, we can only store cookies on your device if they are necessary for the operation of this website. For all other types of cookies, we need your permission. This website uses different types of&hellip;<\/p>\n","protected":false},"author":1,"featured_media":0,"parent":0,"menu_order":0,"comment_status":"closed","ping_status":"closed","template":"","meta":{"footnotes":""},"class_list":["post-4475","page","type-page","status-publish","hentry","description-off"],"yoast_head":"<!-- This site is optimized with the Yoast SEO plugin v27.2 - https:\/\/yoast.com\/product\/yoast-seo-wordpress\/ -->\n<title>Cookies policy - Detail Spot<\/title>\n<meta name=\"description\" content=\"We use cookies to personalise content and ads, provide social media features and analyse traffic.\" \/>\n<meta name=\"robots\" content=\"index, follow, max-snippet:-1, max-image-preview:large, max-video-preview:-1\" \/>\n<link rel=\"canonical\" href=\"https:\/\/detailspot.lt\/en\/slapuku-politika\/\" \/>\n<meta property=\"og:locale\" content=\"en_US\" \/>\n<meta property=\"og:type\" content=\"article\" \/>\n<meta property=\"og:title\" content=\"Cookies policy - Detail Spot\" \/>\n<meta property=\"og:description\" content=\"We use cookies to personalise content and ads, provide social media features and analyse traffic.\" \/>\n<meta property=\"og:url\" content=\"https:\/\/detailspot.lt\/en\/slapuku-politika\/\" \/>\n<meta property=\"og:site_name\" content=\"Detail Spot\" \/>\n<meta property=\"article:publisher\" content=\"https:\/\/www.facebook.com\/profile.php?id=100039208338156\" \/>\n<meta property=\"article:modified_time\" content=\"2023-02-23T18:36:19+00:00\" \/>\n<meta property=\"og:image\" content=\"https:\/\/detailspot.lt\/wp-content\/uploads\/2022\/05\/hero2.jpg\" \/>\n\t<meta property=\"og:image:width\" content=\"1920\" \/>\n\t<meta property=\"og:image:height\" content=\"1280\" \/>\n\t<meta property=\"og:image:type\" content=\"image\/jpeg\" \/>\n<meta name=\"twitter:card\" content=\"summary_large_image\" \/>\n<meta name=\"twitter:label1\" content=\"Est. reading time\" \/>\n\t<meta name=\"twitter:data1\" content=\"3 minutes\" \/>\n<script type=\"application\/ld+json\" class=\"yoast-schema-graph\">{\"@context\":\"https:\/\/schema.org\",\"@graph\":[{\"@type\":\"WebPage\",\"@id\":\"https:\/\/detailspot.lt\/en\/slapuku-politika\/\",\"url\":\"https:\/\/detailspot.lt\/en\/slapuku-politika\/\",\"name\":\"Cookies policy - Detail Spot\",\"isPartOf\":{\"@id\":\"https:\/\/detailspot.lt\/#website\"},\"datePublished\":\"2022-12-28T12:52:46+00:00\",\"dateModified\":\"2023-02-23T18:36:19+00:00\",\"description\":\"We use cookies to personalise content and ads, provide social media features and analyse traffic.\",\"breadcrumb\":{\"@id\":\"https:\/\/detailspot.lt\/en\/slapuku-politika\/#breadcrumb\"},\"inLanguage\":\"en-US\",\"potentialAction\":[{\"@type\":\"ReadAction\",\"target\":[\"https:\/\/detailspot.lt\/en\/slapuku-politika\/\"]}]},{\"@type\":\"BreadcrumbList\",\"@id\":\"https:\/\/detailspot.lt\/en\/slapuku-politika\/#breadcrumb\",\"itemListElement\":[{\"@type\":\"ListItem\",\"position\":1,\"name\":\"Home\",\"item\":\"https:\/\/detailspot.lt\/en\/\"},{\"@type\":\"ListItem\",\"position\":2,\"name\":\"Cookies policy\"}]},{\"@type\":\"WebSite\",\"@id\":\"https:\/\/detailspot.lt\/#website\",\"url\":\"https:\/\/detailspot.lt\/\",\"name\":\"Detail Spot\",\"description\":\"Automobili\u0173 prie\u017ei\u016bros priemon\u0117s\",\"publisher\":{\"@id\":\"https:\/\/detailspot.lt\/#organization\"},\"potentialAction\":[{\"@type\":\"SearchAction\",\"target\":{\"@type\":\"EntryPoint\",\"urlTemplate\":\"https:\/\/detailspot.lt\/?s={search_term_string}\"},\"query-input\":{\"@type\":\"PropertyValueSpecification\",\"valueRequired\":true,\"valueName\":\"search_term_string\"}}],\"inLanguage\":\"en-US\"},{\"@type\":\"Organization\",\"@id\":\"https:\/\/detailspot.lt\/#organization\",\"name\":\"Detail Spot\",\"url\":\"https:\/\/detailspot.lt\/\",\"logo\":{\"@type\":\"ImageObject\",\"inLanguage\":\"en-US\",\"@id\":\"https:\/\/detailspot.lt\/#\/schema\/logo\/image\/\",\"url\":\"https:\/\/detailspot.lt\/wp-content\/uploads\/2022\/10\/logo-original.svg\",\"contentUrl\":\"https:\/\/detailspot.lt\/wp-content\/uploads\/2022\/10\/logo-original.svg\",\"width\":1,\"height\":1,\"caption\":\"Detail Spot\"},\"image\":{\"@id\":\"https:\/\/detailspot.lt\/#\/schema\/logo\/image\/\"},\"sameAs\":[\"https:\/\/www.facebook.com\/profile.php?id=100039208338156\"]}]}<\/script>\n<!-- \/ Yoast SEO plugin. -->","yoast_head_json":{"title":"Cookies policy - Detail Spot","description":"We use cookies to personalise content and ads, provide social media features and analyse traffic.","robots":{"index":"index","follow":"follow","max-snippet":"max-snippet:-1","max-image-preview":"max-image-preview:large","max-video-preview":"max-video-preview:-1"},"canonical":"https:\/\/detailspot.lt\/en\/slapuku-politika\/","og_locale":"en_US","og_type":"article","og_title":"Cookies policy - Detail Spot","og_description":"We use cookies to personalise content and ads, provide social media features and analyse traffic.","og_url":"https:\/\/detailspot.lt\/en\/slapuku-politika\/","og_site_name":"Detail Spot","article_publisher":"https:\/\/www.facebook.com\/profile.php?id=100039208338156","article_modified_time":"2023-02-23T18:36:19+00:00","og_image":[{"width":1920,"height":1280,"url":"https:\/\/detailspot.lt\/wp-content\/uploads\/2022\/05\/hero2.jpg","type":"image\/jpeg"}],"twitter_card":"summary_large_image","twitter_misc":{"Est. reading time":"3 minutes"},"schema":{"@context":"https:\/\/schema.org","@graph":[{"@type":"WebPage","@id":"https:\/\/detailspot.lt\/en\/slapuku-politika\/","url":"https:\/\/detailspot.lt\/en\/slapuku-politika\/","name":"Cookies policy - Detail Spot","isPartOf":{"@id":"https:\/\/detailspot.lt\/#website"},"datePublished":"2022-12-28T12:52:46+00:00","dateModified":"2023-02-23T18:36:19+00:00","description":"We use cookies to personalise content and ads, provide social media features and analyse traffic.","breadcrumb":{"@id":"https:\/\/detailspot.lt\/en\/slapuku-politika\/#breadcrumb"},"inLanguage":"en-US","potentialAction":[{"@type":"ReadAction","target":["https:\/\/detailspot.lt\/en\/slapuku-politika\/"]}]},{"@type":"BreadcrumbList","@id":"https:\/\/detailspot.lt\/en\/slapuku-politika\/#breadcrumb","itemListElement":[{"@type":"ListItem","position":1,"name":"Home","item":"https:\/\/detailspot.lt\/en\/"},{"@type":"ListItem","position":2,"name":"Cookies policy"}]},{"@type":"WebSite","@id":"https:\/\/detailspot.lt\/#website","url":"https:\/\/detailspot.lt\/","name":"Detail Spot","description":"Automobili\u0173 prie\u017ei\u016bros priemon\u0117s","publisher":{"@id":"https:\/\/detailspot.lt\/#organization"},"potentialAction":[{"@type":"SearchAction","target":{"@type":"EntryPoint","urlTemplate":"https:\/\/detailspot.lt\/?s={search_term_string}"},"query-input":{"@type":"PropertyValueSpecification","valueRequired":true,"valueName":"search_term_string"}}],"inLanguage":"en-US"},{"@type":"Organization","@id":"https:\/\/detailspot.lt\/#organization","name":"Detail Spot","url":"https:\/\/detailspot.lt\/","logo":{"@type":"ImageObject","inLanguage":"en-US","@id":"https:\/\/detailspot.lt\/#\/schema\/logo\/image\/","url":"https:\/\/detailspot.lt\/wp-content\/uploads\/2022\/10\/logo-original.svg","contentUrl":"https:\/\/detailspot.lt\/wp-content\/uploads\/2022\/10\/logo-original.svg","width":1,"height":1,"caption":"Detail Spot"},"image":{"@id":"https:\/\/detailspot.lt\/#\/schema\/logo\/image\/"},"sameAs":["https:\/\/www.facebook.com\/profile.php?id=100039208338156"]}]}},"_links":{"self":[{"href":"https:\/\/detailspot.lt\/en\/wp-json\/wp\/v2\/pages\/4475","targetHints":{"allow":["GET"]}}],"collection":[{"href":"https:\/\/detailspot.lt\/en\/wp-json\/wp\/v2\/pages"}],"about":[{"href":"https:\/\/detailspot.lt\/en\/wp-json\/wp\/v2\/types\/page"}],"author":[{"embeddable":true,"href":"https:\/\/detailspot.lt\/en\/wp-json\/wp\/v2\/users\/1"}],"replies":[{"embeddable":true,"href":"https:\/\/detailspot.lt\/en\/wp-json\/wp\/v2\/comments?post=4475"}],"version-history":[{"count":3,"href":"https:\/\/detailspot.lt\/en\/wp-json\/wp\/v2\/pages\/4475\/revisions"}],"predecessor-version":[{"id":4500,"href":"https:\/\/detailspot.lt\/en\/wp-json\/wp\/v2\/pages\/4475\/revisions\/4500"}],"wp:attachment":[{"href":"https:\/\/detailspot.lt\/en\/wp-json\/wp\/v2\/media?parent=4475"}],"curies":[{"name":"wp","href":"https:\/\/api.w.org\/{rel}","templated":true}]}}