{"id":4469,"date":"2022-11-21T23:53:55","date_gmt":"2022-11-21T21:53:55","guid":{"rendered":"https:\/\/detailspot.lt\/prekiu-pristatymas\/"},"modified":"2023-02-23T20:32:22","modified_gmt":"2023-02-23T18:32:22","slug":"prekiu-pristatymas","status":"publish","type":"page","link":"https:\/\/detailspot.lt\/en\/prekiu-pristatymas\/","title":{"rendered":"Delivery of goods"},"content":{"rendered":"\n<p>Goods are delivered in the following ways:<\/p>\n\n<ul class=\"wp-block-list\">\n<li><strong>LP Express 24h self-service terminal service.<\/strong>The package(s) is sent to the self-service terminal of your choice <a rel=\"noreferrer noopener\" href=\"https:\/\/www.lpexpress.lt\/Savitarnos-terminalai\/Vietu-sarasas.html\" target=\"_blank\">(List of locations)<\/a>. Collection takes place from the self-service terminal of your choice, after you have received information and security codes by SMS to the phone number provided. The package reaches the terminal within 1-2 working days of receipt of payment.<\/li>\n\n\n\n<li><strong>Omniva 24-hour self-service terminal service<\/strong>. The package(s) is sent to the self-service terminal of your choice (<a rel=\"noreferrer noopener\" href=\"https:\/\/www.omniva.lt\/verslo\/pastomatu_adresai\" target=\"_blank\">List of locations<\/a>). Collection takes place from the self-service terminal of your choice, after you have received information and security codes by SMS to the phone number provided. The package reaches the terminal within 1-2 working days of receipt of payment.<\/li>\n\n\n\n<li><strong>DPD 24h self-service terminal service.<\/strong>The package(s) is sent to the self-service terminal of your choice (<a rel=\"noreferrer noopener\" href=\"https:\/\/www.lpexpress.lt\/Savitarnos-terminalai\/Vietu-sarasas.html\" target=\"_blank\">List of locations<\/a>). Collection takes place from the self-service terminal of your choice, after you have received information and security codes by SMS to the phone number provided. The package reaches the terminal within 1-2 working days of receipt of payment.<\/li>\n\n\n\n<li><strong>Courier service.<\/strong> The package(s) is sent to the address of your choice, to your home, work or any other desired location. The courier will contact you by phone before delivery of the package(s).<\/li>\n\n\n\n<li><strong>You can pick up your goods<\/strong>. Utena, Vie\u0161os str. 17 by arranging a pick-up time in advance.<\/li>\n<\/ul>\n\n<p>Delivery of goods<\/p>\n\n<ul class=\"wp-block-list\">\n<li>When ordering goods, the Buyer must specify the exact delivery address.<\/li>\n\n\n\n<li>The buyer must take delivery of the goods himself. If the Buyer is unable to take delivery of the goods, but the goods have been delivered to the address specified by the Buyer, the Buyer shall not be entitled to claim that the goods have been delivered to the wrong person.<\/li>\n\n\n\n<li>The Seller shall deliver the Goods to the Buyer in accordance with the terms specified in the descriptions of the Goods.<\/li>\n\n\n\n<li>The features of all the goods for sale are set out in the description accompanying each item. The Seller shall not be liable for the fact that the colour, shape or other parameters of the goods in the online shop may not correspond to the actual size, shape and colour of the goods due to the characteristics of the monitor used by the Buyer.<\/li>\n\n\n\n<li>If the Buyer withdraws from the contract for the sale of the goods, the Buyer shall be refunded all sums paid by the Buyer, including the delivery costs paid by the Buyer.<\/li>\n<\/ul>\n","protected":false},"excerpt":{"rendered":"<p>Goods are delivered in the following ways: Delivery of goods<\/p>\n","protected":false},"author":1,"featured_media":0,"parent":0,"menu_order":0,"comment_status":"closed","ping_status":"closed","template":"","meta":{"footnotes":""},"class_list":["post-4469","page","type-page","status-publish","hentry","description-off"],"yoast_head":"<!-- This site is optimized with the Yoast SEO plugin v27.3 - https:\/\/yoast.com\/product\/yoast-seo-wordpress\/ -->\n<title>Delivery of goods - Detail Spot<\/title>\n<meta name=\"description\" content=\"Detail Spot Delivery is by Omniva, DPD parcels machines or their couriers. Can also be collected locally\" \/>\n<meta name=\"robots\" content=\"index, follow, max-snippet:-1, max-image-preview:large, max-video-preview:-1\" \/>\n<link rel=\"canonical\" href=\"https:\/\/detailspot.lt\/en\/prekiu-pristatymas\/\" \/>\n<meta property=\"og:locale\" content=\"en_US\" \/>\n<meta property=\"og:type\" content=\"article\" \/>\n<meta property=\"og:title\" content=\"Delivery of goods - Detail Spot\" \/>\n<meta property=\"og:description\" content=\"Detail Spot Delivery is by Omniva, DPD parcels machines or their couriers. Can also be collected locally\" \/>\n<meta property=\"og:url\" content=\"https:\/\/detailspot.lt\/en\/prekiu-pristatymas\/\" \/>\n<meta property=\"og:site_name\" content=\"Detail Spot\" \/>\n<meta property=\"article:publisher\" content=\"https:\/\/www.facebook.com\/profile.php?id=100039208338156\" \/>\n<meta property=\"article:modified_time\" content=\"2023-02-23T18:32:22+00:00\" \/>\n<meta property=\"og:image\" content=\"https:\/\/detailspot.lt\/wp-content\/uploads\/2022\/05\/hero2.jpg\" \/>\n\t<meta property=\"og:image:width\" content=\"1920\" \/>\n\t<meta property=\"og:image:height\" content=\"1280\" \/>\n\t<meta property=\"og:image:type\" content=\"image\/jpeg\" \/>\n<meta name=\"twitter:card\" content=\"summary_large_image\" \/>\n<meta name=\"twitter:label1\" content=\"Est. reading time\" \/>\n\t<meta name=\"twitter:data1\" content=\"2 minutes\" \/>\n<script type=\"application\/ld+json\" class=\"yoast-schema-graph\">{\"@context\":\"https:\\\/\\\/schema.org\",\"@graph\":[{\"@type\":\"WebPage\",\"@id\":\"https:\\\/\\\/detailspot.lt\\\/en\\\/prekiu-pristatymas\\\/\",\"url\":\"https:\\\/\\\/detailspot.lt\\\/en\\\/prekiu-pristatymas\\\/\",\"name\":\"Delivery of goods - Detail Spot\",\"isPartOf\":{\"@id\":\"https:\\\/\\\/detailspot.lt\\\/#website\"},\"datePublished\":\"2022-11-21T21:53:55+00:00\",\"dateModified\":\"2023-02-23T18:32:22+00:00\",\"description\":\"Detail Spot Delivery is by Omniva, DPD parcels machines or their couriers. Can also be collected locally\",\"breadcrumb\":{\"@id\":\"https:\\\/\\\/detailspot.lt\\\/en\\\/prekiu-pristatymas\\\/#breadcrumb\"},\"inLanguage\":\"en-US\",\"potentialAction\":[{\"@type\":\"ReadAction\",\"target\":[\"https:\\\/\\\/detailspot.lt\\\/en\\\/prekiu-pristatymas\\\/\"]}]},{\"@type\":\"BreadcrumbList\",\"@id\":\"https:\\\/\\\/detailspot.lt\\\/en\\\/prekiu-pristatymas\\\/#breadcrumb\",\"itemListElement\":[{\"@type\":\"ListItem\",\"position\":1,\"name\":\"Home\",\"item\":\"https:\\\/\\\/detailspot.lt\\\/en\\\/\"},{\"@type\":\"ListItem\",\"position\":2,\"name\":\"Delivery of goods\"}]},{\"@type\":\"WebSite\",\"@id\":\"https:\\\/\\\/detailspot.lt\\\/#website\",\"url\":\"https:\\\/\\\/detailspot.lt\\\/\",\"name\":\"Detail Spot\",\"description\":\"Automobili\u0173 prie\u017ei\u016bros priemon\u0117s\",\"publisher\":{\"@id\":\"https:\\\/\\\/detailspot.lt\\\/#organization\"},\"potentialAction\":[{\"@type\":\"SearchAction\",\"target\":{\"@type\":\"EntryPoint\",\"urlTemplate\":\"https:\\\/\\\/detailspot.lt\\\/?s={search_term_string}\"},\"query-input\":{\"@type\":\"PropertyValueSpecification\",\"valueRequired\":true,\"valueName\":\"search_term_string\"}}],\"inLanguage\":\"en-US\"},{\"@type\":\"Organization\",\"@id\":\"https:\\\/\\\/detailspot.lt\\\/#organization\",\"name\":\"Detail Spot\",\"url\":\"https:\\\/\\\/detailspot.lt\\\/\",\"logo\":{\"@type\":\"ImageObject\",\"inLanguage\":\"en-US\",\"@id\":\"https:\\\/\\\/detailspot.lt\\\/#\\\/schema\\\/logo\\\/image\\\/\",\"url\":\"https:\\\/\\\/detailspot.lt\\\/wp-content\\\/uploads\\\/2022\\\/10\\\/logo-original.svg\",\"contentUrl\":\"https:\\\/\\\/detailspot.lt\\\/wp-content\\\/uploads\\\/2022\\\/10\\\/logo-original.svg\",\"width\":1,\"height\":1,\"caption\":\"Detail Spot\"},\"image\":{\"@id\":\"https:\\\/\\\/detailspot.lt\\\/#\\\/schema\\\/logo\\\/image\\\/\"},\"sameAs\":[\"https:\\\/\\\/www.facebook.com\\\/profile.php?id=100039208338156\"]}]}<\/script>\n<!-- \/ Yoast SEO plugin. -->","yoast_head_json":{"title":"Delivery of goods - Detail Spot","description":"Detail Spot Delivery is by Omniva, DPD parcels machines or their couriers. Can also be collected locally","robots":{"index":"index","follow":"follow","max-snippet":"max-snippet:-1","max-image-preview":"max-image-preview:large","max-video-preview":"max-video-preview:-1"},"canonical":"https:\/\/detailspot.lt\/en\/prekiu-pristatymas\/","og_locale":"en_US","og_type":"article","og_title":"Delivery of goods - Detail Spot","og_description":"Detail Spot Delivery is by Omniva, DPD parcels machines or their couriers. Can also be collected locally","og_url":"https:\/\/detailspot.lt\/en\/prekiu-pristatymas\/","og_site_name":"Detail Spot","article_publisher":"https:\/\/www.facebook.com\/profile.php?id=100039208338156","article_modified_time":"2023-02-23T18:32:22+00:00","og_image":[{"width":1920,"height":1280,"url":"https:\/\/detailspot.lt\/wp-content\/uploads\/2022\/05\/hero2.jpg","type":"image\/jpeg"}],"twitter_card":"summary_large_image","twitter_misc":{"Est. reading time":"2 minutes"},"schema":{"@context":"https:\/\/schema.org","@graph":[{"@type":"WebPage","@id":"https:\/\/detailspot.lt\/en\/prekiu-pristatymas\/","url":"https:\/\/detailspot.lt\/en\/prekiu-pristatymas\/","name":"Delivery of goods - Detail Spot","isPartOf":{"@id":"https:\/\/detailspot.lt\/#website"},"datePublished":"2022-11-21T21:53:55+00:00","dateModified":"2023-02-23T18:32:22+00:00","description":"Detail Spot Delivery is by Omniva, DPD parcels machines or their couriers. Can also be collected locally","breadcrumb":{"@id":"https:\/\/detailspot.lt\/en\/prekiu-pristatymas\/#breadcrumb"},"inLanguage":"en-US","potentialAction":[{"@type":"ReadAction","target":["https:\/\/detailspot.lt\/en\/prekiu-pristatymas\/"]}]},{"@type":"BreadcrumbList","@id":"https:\/\/detailspot.lt\/en\/prekiu-pristatymas\/#breadcrumb","itemListElement":[{"@type":"ListItem","position":1,"name":"Home","item":"https:\/\/detailspot.lt\/en\/"},{"@type":"ListItem","position":2,"name":"Delivery of goods"}]},{"@type":"WebSite","@id":"https:\/\/detailspot.lt\/#website","url":"https:\/\/detailspot.lt\/","name":"Detail Spot","description":"Automobili\u0173 prie\u017ei\u016bros priemon\u0117s","publisher":{"@id":"https:\/\/detailspot.lt\/#organization"},"potentialAction":[{"@type":"SearchAction","target":{"@type":"EntryPoint","urlTemplate":"https:\/\/detailspot.lt\/?s={search_term_string}"},"query-input":{"@type":"PropertyValueSpecification","valueRequired":true,"valueName":"search_term_string"}}],"inLanguage":"en-US"},{"@type":"Organization","@id":"https:\/\/detailspot.lt\/#organization","name":"Detail Spot","url":"https:\/\/detailspot.lt\/","logo":{"@type":"ImageObject","inLanguage":"en-US","@id":"https:\/\/detailspot.lt\/#\/schema\/logo\/image\/","url":"https:\/\/detailspot.lt\/wp-content\/uploads\/2022\/10\/logo-original.svg","contentUrl":"https:\/\/detailspot.lt\/wp-content\/uploads\/2022\/10\/logo-original.svg","width":1,"height":1,"caption":"Detail Spot"},"image":{"@id":"https:\/\/detailspot.lt\/#\/schema\/logo\/image\/"},"sameAs":["https:\/\/www.facebook.com\/profile.php?id=100039208338156"]}]}},"_links":{"self":[{"href":"https:\/\/detailspot.lt\/en\/wp-json\/wp\/v2\/pages\/4469","targetHints":{"allow":["GET"]}}],"collection":[{"href":"https:\/\/detailspot.lt\/en\/wp-json\/wp\/v2\/pages"}],"about":[{"href":"https:\/\/detailspot.lt\/en\/wp-json\/wp\/v2\/types\/page"}],"author":[{"embeddable":true,"href":"https:\/\/detailspot.lt\/en\/wp-json\/wp\/v2\/users\/1"}],"replies":[{"embeddable":true,"href":"https:\/\/detailspot.lt\/en\/wp-json\/wp\/v2\/comments?post=4469"}],"version-history":[{"count":3,"href":"https:\/\/detailspot.lt\/en\/wp-json\/wp\/v2\/pages\/4469\/revisions"}],"predecessor-version":[{"id":4497,"href":"https:\/\/detailspot.lt\/en\/wp-json\/wp\/v2\/pages\/4469\/revisions\/4497"}],"wp:attachment":[{"href":"https:\/\/detailspot.lt\/en\/wp-json\/wp\/v2\/media?parent=4469"}],"curies":[{"name":"wp","href":"https:\/\/api.w.org\/{rel}","templated":true}]}}