{"id":4446,"date":"2022-11-21T23:53:19","date_gmt":"2022-11-21T21:53:19","guid":{"rendered":"https:\/\/detailspot.lt\/apie-mus\/"},"modified":"2024-01-03T14:07:40","modified_gmt":"2024-01-03T12:07:40","slug":"apie-mus","status":"publish","type":"page","link":"https:\/\/detailspot.lt\/en\/apie-mus\/","title":{"rendered":"About us"},"content":{"rendered":"\n<figure class=\"wp-block-image size-full\"><img decoding=\"async\" src=\"https:\/\/detailspot.lt\/wp-content\/uploads\/2022\/10\/logo-original.svg\" alt=\"\" class=\"wp-image-1047\"\/><\/figure>\n\n<p>From a young age, our team has been interested in cars and machinery. As we have grown over the years, so have our needs and our knowledge about aesthetics, about Detailing. We started working professionally on car aesthetics in 2015, and now we are happy to expand our range of services by opening a professional car cosmetics shop. Over the years, we have got to know the manufacturers and selected the products that offer the best value for money.c<\/p>\n\n<p>We can offer you the best in detailing from the best known manufacturers &#8211; Meguiar&#8217;s, FX Protect, CarPro, Colourlock, Cleantle, Sonax, MaxShine, ADBL, Bilt Hamber and others. <\/p>\n\n<p>We are the official representatives of <a href=\"https:\/\/detailspot.lt\/en\/produkto-kategorija\/benbow-tornado-tools\/\">BenBow<\/a> tornado tools in Lithuania and the Baltic States. Tornado tools are indispensable for car interior work. The air vortex they create lifts dirt from surfaces and easily removes it. BenBow has the widest range of tools of any manufacturer. <\/p>\n\n<p><\/p>\n","protected":false},"excerpt":{"rendered":"<p>From a young age, our team has been interested in cars and machinery. As we have grown over the years, so have our needs and our knowledge about aesthetics, about Detailing. We started working professionally on car aesthetics in 2015, and now we are happy to expand our range of services by opening a professional&hellip;<\/p>\n","protected":false},"author":1,"featured_media":0,"parent":0,"menu_order":0,"comment_status":"closed","ping_status":"closed","template":"","meta":{"footnotes":""},"class_list":["post-4446","page","type-page","status-publish","hentry","description-off"],"yoast_head":"<!-- This site is optimized with the Yoast SEO plugin v27.4 - https:\/\/yoast.com\/product\/yoast-seo-wordpress\/ -->\n<title>About us - Detail Spot<\/title>\n<meta name=\"description\" content=\"About us BenBow Meguiar&#039;s, FX Protect, CarPro, Colourlock, Cleantle, Sonax, MaxShine, ADBL, Bilt Hamber viskas vienoje vietoje\" \/>\n<meta name=\"robots\" content=\"index, follow, max-snippet:-1, max-image-preview:large, max-video-preview:-1\" \/>\n<link rel=\"canonical\" href=\"https:\/\/detailspot.lt\/en\/apie-mus\/\" \/>\n<meta property=\"og:locale\" content=\"en_US\" \/>\n<meta property=\"og:type\" content=\"article\" \/>\n<meta property=\"og:title\" content=\"About us - Detail Spot\" \/>\n<meta property=\"og:description\" content=\"About us BenBow Meguiar&#039;s, FX Protect, CarPro, Colourlock, Cleantle, Sonax, MaxShine, ADBL, Bilt Hamber viskas vienoje vietoje\" \/>\n<meta property=\"og:url\" content=\"https:\/\/detailspot.lt\/en\/apie-mus\/\" \/>\n<meta property=\"og:site_name\" content=\"Detail Spot\" \/>\n<meta property=\"article:publisher\" content=\"https:\/\/www.facebook.com\/profile.php?id=100039208338156\" \/>\n<meta property=\"article:modified_time\" content=\"2024-01-03T12:07:40+00:00\" \/>\n<meta property=\"og:image\" content=\"https:\/\/detailspot.lt\/wp-content\/uploads\/2022\/10\/logo-original.svg\" \/>\n<meta name=\"twitter:card\" content=\"summary_large_image\" \/>\n<meta name=\"twitter:label1\" content=\"Est. reading time\" \/>\n\t<meta name=\"twitter:data1\" content=\"1 minute\" \/>\n<script type=\"application\/ld+json\" class=\"yoast-schema-graph\">{\"@context\":\"https:\\\/\\\/schema.org\",\"@graph\":[{\"@type\":\"WebPage\",\"@id\":\"https:\\\/\\\/detailspot.lt\\\/en\\\/apie-mus\\\/\",\"url\":\"https:\\\/\\\/detailspot.lt\\\/en\\\/apie-mus\\\/\",\"name\":\"About us - Detail Spot\",\"isPartOf\":{\"@id\":\"https:\\\/\\\/detailspot.lt\\\/#website\"},\"primaryImageOfPage\":{\"@id\":\"https:\\\/\\\/detailspot.lt\\\/en\\\/apie-mus\\\/#primaryimage\"},\"image\":{\"@id\":\"https:\\\/\\\/detailspot.lt\\\/en\\\/apie-mus\\\/#primaryimage\"},\"thumbnailUrl\":\"https:\\\/\\\/detailspot.lt\\\/wp-content\\\/uploads\\\/2022\\\/10\\\/logo-original.svg\",\"datePublished\":\"2022-11-21T21:53:19+00:00\",\"dateModified\":\"2024-01-03T12:07:40+00:00\",\"description\":\"About us BenBow Meguiar's, FX Protect, CarPro, Colourlock, Cleantle, Sonax, MaxShine, ADBL, Bilt Hamber viskas vienoje vietoje\",\"breadcrumb\":{\"@id\":\"https:\\\/\\\/detailspot.lt\\\/en\\\/apie-mus\\\/#breadcrumb\"},\"inLanguage\":\"en-US\",\"potentialAction\":[{\"@type\":\"ReadAction\",\"target\":[\"https:\\\/\\\/detailspot.lt\\\/en\\\/apie-mus\\\/\"]}]},{\"@type\":\"ImageObject\",\"inLanguage\":\"en-US\",\"@id\":\"https:\\\/\\\/detailspot.lt\\\/en\\\/apie-mus\\\/#primaryimage\",\"url\":\"https:\\\/\\\/detailspot.lt\\\/wp-content\\\/uploads\\\/2022\\\/10\\\/logo-original.svg\",\"contentUrl\":\"https:\\\/\\\/detailspot.lt\\\/wp-content\\\/uploads\\\/2022\\\/10\\\/logo-original.svg\"},{\"@type\":\"BreadcrumbList\",\"@id\":\"https:\\\/\\\/detailspot.lt\\\/en\\\/apie-mus\\\/#breadcrumb\",\"itemListElement\":[{\"@type\":\"ListItem\",\"position\":1,\"name\":\"Home\",\"item\":\"https:\\\/\\\/detailspot.lt\\\/en\\\/\"},{\"@type\":\"ListItem\",\"position\":2,\"name\":\"About us\"}]},{\"@type\":\"WebSite\",\"@id\":\"https:\\\/\\\/detailspot.lt\\\/#website\",\"url\":\"https:\\\/\\\/detailspot.lt\\\/\",\"name\":\"Detail Spot\",\"description\":\"Automobili\u0173 prie\u017ei\u016bros priemon\u0117s\",\"publisher\":{\"@id\":\"https:\\\/\\\/detailspot.lt\\\/#organization\"},\"potentialAction\":[{\"@type\":\"SearchAction\",\"target\":{\"@type\":\"EntryPoint\",\"urlTemplate\":\"https:\\\/\\\/detailspot.lt\\\/?s={search_term_string}\"},\"query-input\":{\"@type\":\"PropertyValueSpecification\",\"valueRequired\":true,\"valueName\":\"search_term_string\"}}],\"inLanguage\":\"en-US\"},{\"@type\":\"Organization\",\"@id\":\"https:\\\/\\\/detailspot.lt\\\/#organization\",\"name\":\"Detail Spot\",\"url\":\"https:\\\/\\\/detailspot.lt\\\/\",\"logo\":{\"@type\":\"ImageObject\",\"inLanguage\":\"en-US\",\"@id\":\"https:\\\/\\\/detailspot.lt\\\/#\\\/schema\\\/logo\\\/image\\\/\",\"url\":\"https:\\\/\\\/detailspot.lt\\\/wp-content\\\/uploads\\\/2022\\\/10\\\/logo-original.svg\",\"contentUrl\":\"https:\\\/\\\/detailspot.lt\\\/wp-content\\\/uploads\\\/2022\\\/10\\\/logo-original.svg\",\"width\":1,\"height\":1,\"caption\":\"Detail Spot\"},\"image\":{\"@id\":\"https:\\\/\\\/detailspot.lt\\\/#\\\/schema\\\/logo\\\/image\\\/\"},\"sameAs\":[\"https:\\\/\\\/www.facebook.com\\\/profile.php?id=100039208338156\"]}]}<\/script>\n<!-- \/ Yoast SEO plugin. -->","yoast_head_json":{"title":"About us - Detail Spot","description":"About us BenBow Meguiar's, FX Protect, CarPro, Colourlock, Cleantle, Sonax, MaxShine, ADBL, Bilt Hamber viskas vienoje vietoje","robots":{"index":"index","follow":"follow","max-snippet":"max-snippet:-1","max-image-preview":"max-image-preview:large","max-video-preview":"max-video-preview:-1"},"canonical":"https:\/\/detailspot.lt\/en\/apie-mus\/","og_locale":"en_US","og_type":"article","og_title":"About us - Detail Spot","og_description":"About us BenBow Meguiar's, FX Protect, CarPro, Colourlock, Cleantle, Sonax, MaxShine, ADBL, Bilt Hamber viskas vienoje vietoje","og_url":"https:\/\/detailspot.lt\/en\/apie-mus\/","og_site_name":"Detail Spot","article_publisher":"https:\/\/www.facebook.com\/profile.php?id=100039208338156","article_modified_time":"2024-01-03T12:07:40+00:00","og_image":[{"url":"https:\/\/detailspot.lt\/wp-content\/uploads\/2022\/10\/logo-original.svg","type":"","width":"","height":""}],"twitter_card":"summary_large_image","twitter_misc":{"Est. reading time":"1 minute"},"schema":{"@context":"https:\/\/schema.org","@graph":[{"@type":"WebPage","@id":"https:\/\/detailspot.lt\/en\/apie-mus\/","url":"https:\/\/detailspot.lt\/en\/apie-mus\/","name":"About us - Detail Spot","isPartOf":{"@id":"https:\/\/detailspot.lt\/#website"},"primaryImageOfPage":{"@id":"https:\/\/detailspot.lt\/en\/apie-mus\/#primaryimage"},"image":{"@id":"https:\/\/detailspot.lt\/en\/apie-mus\/#primaryimage"},"thumbnailUrl":"https:\/\/detailspot.lt\/wp-content\/uploads\/2022\/10\/logo-original.svg","datePublished":"2022-11-21T21:53:19+00:00","dateModified":"2024-01-03T12:07:40+00:00","description":"About us BenBow Meguiar's, FX Protect, CarPro, Colourlock, Cleantle, Sonax, MaxShine, ADBL, Bilt Hamber viskas vienoje vietoje","breadcrumb":{"@id":"https:\/\/detailspot.lt\/en\/apie-mus\/#breadcrumb"},"inLanguage":"en-US","potentialAction":[{"@type":"ReadAction","target":["https:\/\/detailspot.lt\/en\/apie-mus\/"]}]},{"@type":"ImageObject","inLanguage":"en-US","@id":"https:\/\/detailspot.lt\/en\/apie-mus\/#primaryimage","url":"https:\/\/detailspot.lt\/wp-content\/uploads\/2022\/10\/logo-original.svg","contentUrl":"https:\/\/detailspot.lt\/wp-content\/uploads\/2022\/10\/logo-original.svg"},{"@type":"BreadcrumbList","@id":"https:\/\/detailspot.lt\/en\/apie-mus\/#breadcrumb","itemListElement":[{"@type":"ListItem","position":1,"name":"Home","item":"https:\/\/detailspot.lt\/en\/"},{"@type":"ListItem","position":2,"name":"About us"}]},{"@type":"WebSite","@id":"https:\/\/detailspot.lt\/#website","url":"https:\/\/detailspot.lt\/","name":"Detail Spot","description":"Automobili\u0173 prie\u017ei\u016bros priemon\u0117s","publisher":{"@id":"https:\/\/detailspot.lt\/#organization"},"potentialAction":[{"@type":"SearchAction","target":{"@type":"EntryPoint","urlTemplate":"https:\/\/detailspot.lt\/?s={search_term_string}"},"query-input":{"@type":"PropertyValueSpecification","valueRequired":true,"valueName":"search_term_string"}}],"inLanguage":"en-US"},{"@type":"Organization","@id":"https:\/\/detailspot.lt\/#organization","name":"Detail Spot","url":"https:\/\/detailspot.lt\/","logo":{"@type":"ImageObject","inLanguage":"en-US","@id":"https:\/\/detailspot.lt\/#\/schema\/logo\/image\/","url":"https:\/\/detailspot.lt\/wp-content\/uploads\/2022\/10\/logo-original.svg","contentUrl":"https:\/\/detailspot.lt\/wp-content\/uploads\/2022\/10\/logo-original.svg","width":1,"height":1,"caption":"Detail Spot"},"image":{"@id":"https:\/\/detailspot.lt\/#\/schema\/logo\/image\/"},"sameAs":["https:\/\/www.facebook.com\/profile.php?id=100039208338156"]}]}},"_links":{"self":[{"href":"https:\/\/detailspot.lt\/en\/wp-json\/wp\/v2\/pages\/4446","targetHints":{"allow":["GET"]}}],"collection":[{"href":"https:\/\/detailspot.lt\/en\/wp-json\/wp\/v2\/pages"}],"about":[{"href":"https:\/\/detailspot.lt\/en\/wp-json\/wp\/v2\/types\/page"}],"author":[{"embeddable":true,"href":"https:\/\/detailspot.lt\/en\/wp-json\/wp\/v2\/users\/1"}],"replies":[{"embeddable":true,"href":"https:\/\/detailspot.lt\/en\/wp-json\/wp\/v2\/comments?post=4446"}],"version-history":[{"count":9,"href":"https:\/\/detailspot.lt\/en\/wp-json\/wp\/v2\/pages\/4446\/revisions"}],"predecessor-version":[{"id":6840,"href":"https:\/\/detailspot.lt\/en\/wp-json\/wp\/v2\/pages\/4446\/revisions\/6840"}],"wp:attachment":[{"href":"https:\/\/detailspot.lt\/en\/wp-json\/wp\/v2\/media?parent=4446"}],"curies":[{"name":"wp","href":"https:\/\/api.w.org\/{rel}","templated":true}]}}